{"id":741,"date":"2012-11-18T10:19:12","date_gmt":"2012-11-18T12:19:12","guid":{"rendered":"http:\/\/efagundes.com\/openclass_networking\/?page_id=741"},"modified":"2022-01-16T17:52:26","modified_gmt":"2022-01-16T20:52:26","slug":"algoritmos-de-roteamento","status":"publish","type":"page","link":"https:\/\/efagundes.com\/networking\/algoritmos-de-roteamento\/","title":{"rendered":"Algoritmos de Roteamento"},"content":{"rendered":"<p><img data-recalc-dims=\"1\" loading=\"lazy\" decoding=\"async\" class=\"alignnone\" src=\"https:\/\/i0.wp.com\/efagundes.com\/networking\/wp-content\/uploads\/sites\/5\/2015\/03\/Slide1111.jpg?resize=960%2C720\" alt=\"\" width=\"960\" height=\"720\" \/><\/p>\n<p><strong>T\u00f3picos do capitulo<\/strong><br \/>\n\n<!-- Page-list plugin v.5.9 wordpress.org\/plugins\/page-list\/ -->\n<ul class=\"page-list subpages-page-list \">\n<li class=\"page_item page-item-743\"><a href=\"https:\/\/efagundes.com\/networking\/algoritmos-de-roteamento\/algoritmos-de-roteamento-2\/\">Defini\u00e7\u00e3o de Algoritmos de Roteamento<\/a><\/li>\n<li class=\"page_item page-item-745\"><a href=\"https:\/\/efagundes.com\/networking\/algoritmos-de-roteamento\/o-principio-de-otimizacao\/\">O princ\u00edpio de otimiza\u00e7\u00e3o<\/a><\/li>\n<li class=\"page_item page-item-747\"><a href=\"https:\/\/efagundes.com\/networking\/algoritmos-de-roteamento\/roteamento-pelo-caminho-mais-curto\/\">Roteamento pelo caminho mais curto<\/a><\/li>\n<li class=\"page_item page-item-749\"><a href=\"https:\/\/efagundes.com\/networking\/algoritmos-de-roteamento\/inundacao-flooding\/\">Inunda\u00e7\u00e3o (flooding)<\/a><\/li>\n<li class=\"page_item page-item-751\"><a href=\"https:\/\/efagundes.com\/networking\/algoritmos-de-roteamento\/roteamento-com-vetor-distancia\/\">Roteamento com vetor dist\u00e2ncia<\/a><\/li>\n<li class=\"page_item page-item-753\"><a href=\"https:\/\/efagundes.com\/networking\/algoritmos-de-roteamento\/roteamento-por-estado-de-enlace\/\">Roteamento por estado de enlace<\/a><\/li>\n<li class=\"page_item page-item-755\"><a href=\"https:\/\/efagundes.com\/networking\/algoritmos-de-roteamento\/roteamento-hierarquico\/\">Roteamento hier\u00e1rquico<\/a><\/li>\n<li class=\"page_item page-item-758\"><a href=\"https:\/\/efagundes.com\/networking\/algoritmos-de-roteamento\/roteamento-por-difusao\/\">Roteamento por difus\u00e3o<\/a><\/li>\n<li class=\"page_item page-item-760\"><a href=\"https:\/\/efagundes.com\/networking\/algoritmos-de-roteamento\/roteamento-por-multidifusao\/\">Roteamento por multidifus\u00e3o<\/a><\/li>\n<li class=\"page_item page-item-762\"><a href=\"https:\/\/efagundes.com\/networking\/algoritmos-de-roteamento\/roteamento-para-hosts-moveis\/\">Roteamento para hosts m\u00f3veis (I)<\/a><\/li>\n<li class=\"page_item page-item-764\"><a href=\"https:\/\/efagundes.com\/networking\/algoritmos-de-roteamento\/roteamento-para-hosts-moveis-2\/\">Roteamento para hosts m\u00f3veis (II)<\/a><\/li>\n<li class=\"page_item page-item-766\"><a href=\"https:\/\/efagundes.com\/networking\/algoritmos-de-roteamento\/aplicacoes-de-roteamento-em-redes-ad-hoc\/\">Aplica\u00e7\u00f5es de roteamento em redes ad hoc<\/a><\/li>\n<li class=\"page_item page-item-768\"><a href=\"https:\/\/efagundes.com\/networking\/algoritmos-de-roteamento\/congestionamento\/\">Congestionamento<\/a><\/li>\n<li class=\"page_item page-item-770\"><a href=\"https:\/\/efagundes.com\/networking\/algoritmos-de-roteamento\/principios-gerais-do-controle-de-congestionamento\/\">Princ\u00edpios gerais do controle de congestionamento<\/a><\/li>\n<li class=\"page_item page-item-772\"><a href=\"https:\/\/efagundes.com\/networking\/algoritmos-de-roteamento\/politicas-de-prevencao-de-congestionamento\/\">Pol\u00edticas de preven\u00e7\u00e3o de congestionamento<\/a><\/li>\n<li class=\"page_item page-item-774\"><a href=\"https:\/\/efagundes.com\/networking\/algoritmos-de-roteamento\/controle-de-congestionamento-em-sub-redes-de-circuitos-virtuais\/\">Controle de congestionamento em sub-redes de circuitos virtuais<\/a><\/li>\n<li class=\"page_item page-item-776\"><a href=\"https:\/\/efagundes.com\/networking\/algoritmos-de-roteamento\/pacotes-reguladores-hop-a-hop\/\">Pacotes reguladores hop a hop<\/a><\/li>\n<li class=\"page_item page-item-778\"><a href=\"https:\/\/efagundes.com\/networking\/algoritmos-de-roteamento\/controle-de-flutuacao-jitter-control\/\">Controle de flutua\u00e7\u00e3o (Jitter Control)<\/a><\/li>\n<li class=\"page_item page-item-780\"><a href=\"https:\/\/efagundes.com\/networking\/algoritmos-de-roteamento\/qualidade-de-servico-quality-of-service\/\">Qualidade de Servi\u00e7o (Quality of Service)<\/a><\/li>\n<li class=\"page_item page-item-783\"><a href=\"https:\/\/efagundes.com\/networking\/algoritmos-de-roteamento\/requisitos\/\">Requisitos<\/a><\/li>\n<li class=\"page_item page-item-785\"><a href=\"https:\/\/efagundes.com\/networking\/algoritmos-de-roteamento\/tecnicas-para-se-alcancar-boa-qualidade-de-servico-buffering\/\">T\u00e9cnicas para se alcan\u00e7ar boa qualidade de servi\u00e7o buffering<\/a><\/li>\n<li class=\"page_item page-item-787\"><a href=\"https:\/\/efagundes.com\/networking\/algoritmos-de-roteamento\/tecnicas-para-se-alcancar-boa-qualidade-de-servico-algoritmo-do-balde-furado\/\">T\u00e9cnicas para se alcan\u00e7ar boa qualidade de servi\u00e7o: algoritmo do balde furado<\/a><\/li>\n<li class=\"page_item page-item-789\"><a href=\"https:\/\/efagundes.com\/networking\/algoritmos-de-roteamento\/servicos-integrados-rsvp-the-reservation-protocol\/\">RSVP The ReSerVation Protocol (I)<\/a><\/li>\n<li class=\"page_item page-item-791\"><a href=\"https:\/\/efagundes.com\/networking\/algoritmos-de-roteamento\/servicos-integrados-rsvp-the-reservation-protocol-2\/\">RSVP The ReSerVation Protocol (II)<\/a><\/li>\n<li class=\"page_item page-item-793\"><a href=\"https:\/\/efagundes.com\/networking\/algoritmos-de-roteamento\/servicos-diferenciados-diffserv\/\">Servi\u00e7os diferenciados (Diffserv)<\/a><\/li>\n<li class=\"page_item page-item-795\"><a href=\"https:\/\/efagundes.com\/networking\/algoritmos-de-roteamento\/mpls-multiprotocol-label-switching\/\">MPLS (MultiProtocol Label Switching)<\/a><\/li>\n<li class=\"page_item page-item-797\"><a href=\"https:\/\/efagundes.com\/networking\/algoritmos-de-roteamento\/troca-de-rotulos-e-mpls\/\">Troca de r\u00f3tulos e MPLS<\/a><\/li>\n\n<\/ul><\/p>\n","protected":false},"excerpt":{"rendered":"<p>T\u00f3picos do capitulo<\/p>\n","protected":false},"author":1,"featured_media":0,"parent":0,"menu_order":97,"comment_status":"closed","ping_status":"closed","template":"","meta":{"footnotes":""},"class_list":["post-741","page","type-page","status-publish","hentry"],"jetpack_shortlink":"https:\/\/wp.me\/P8yKGp-bX","jetpack-related-posts":[{"id":602,"url":"https:\/\/efagundes.com\/networking\/exemplos-de-protocolos\/","url_meta":{"origin":741,"position":0},"title":"Exemplos de Protocolos","author":"Eduardo Fagundes","date":"17\/11\/2012","format":false,"excerpt":"T\u00f3picos do capitulo","rel":"","context":"Post similar","block_context":{"text":"Post similar","link":""},"img":{"alt_text":"","src":"https:\/\/i0.wp.com\/efagundes.com\/networking\/wp-content\/uploads\/sites\/5\/2015\/03\/Slide174.jpg?resize=350%2C200","width":350,"height":200,"srcset":"https:\/\/i0.wp.com\/efagundes.com\/networking\/wp-content\/uploads\/sites\/5\/2015\/03\/Slide174.jpg?resize=350%2C200 1x, https:\/\/i0.wp.com\/efagundes.com\/networking\/wp-content\/uploads\/sites\/5\/2015\/03\/Slide174.jpg?resize=525%2C300 1.5x, https:\/\/i0.wp.com\/efagundes.com\/networking\/wp-content\/uploads\/sites\/5\/2015\/03\/Slide174.jpg?resize=700%2C400 2x"},"classes":[]},{"id":721,"url":"https:\/\/efagundes.com\/networking\/a-camada-de-rede\/","url_meta":{"origin":741,"position":1},"title":"A camada de rede","author":"Eduardo Fagundes","date":"18\/11\/2012","format":false,"excerpt":"T\u00f3picos do capitulo","rel":"","context":"Post similar","block_context":{"text":"Post similar","link":""},"img":{"alt_text":"","src":"https:\/\/i0.wp.com\/efagundes.com\/networking\/wp-content\/uploads\/sites\/5\/2015\/03\/Slide127.jpg?resize=350%2C200","width":350,"height":200,"srcset":"https:\/\/i0.wp.com\/efagundes.com\/networking\/wp-content\/uploads\/sites\/5\/2015\/03\/Slide127.jpg?resize=350%2C200 1x, https:\/\/i0.wp.com\/efagundes.com\/networking\/wp-content\/uploads\/sites\/5\/2015\/03\/Slide127.jpg?resize=525%2C300 1.5x, https:\/\/i0.wp.com\/efagundes.com\/networking\/wp-content\/uploads\/sites\/5\/2015\/03\/Slide127.jpg?resize=700%2C400 2x"},"classes":[]},{"id":906,"url":"https:\/\/efagundes.com\/networking\/satelites-de-comunicacao\/","url_meta":{"origin":741,"position":2},"title":"Sat\u00e9lites de Comunica\u00e7\u00e3o","author":"Eduardo Fagundes","date":"18\/11\/2012","format":false,"excerpt":"T\u00f3picos do capitulo","rel":"","context":"Post similar","block_context":{"text":"Post similar","link":""},"img":{"alt_text":"Slide81","src":"https:\/\/i0.wp.com\/efagundes.com\/networking\/wp-content\/uploads\/sites\/5\/2012\/11\/Slide81.png?resize=350%2C200","width":350,"height":200,"srcset":"https:\/\/i0.wp.com\/efagundes.com\/networking\/wp-content\/uploads\/sites\/5\/2012\/11\/Slide81.png?resize=350%2C200 1x, https:\/\/i0.wp.com\/efagundes.com\/networking\/wp-content\/uploads\/sites\/5\/2012\/11\/Slide81.png?resize=525%2C300 1.5x, https:\/\/i0.wp.com\/efagundes.com\/networking\/wp-content\/uploads\/sites\/5\/2012\/11\/Slide81.png?resize=700%2C400 2x"},"classes":[]},{"id":61,"url":"https:\/\/efagundes.com\/networking\/hardware-de-rede\/","url_meta":{"origin":741,"position":3},"title":"Hardware de Rede","author":"Eduardo Fagundes","date":"16\/11\/2012","format":false,"excerpt":"T\u00f3picos do capitulo","rel":"","context":"Post similar","block_context":{"text":"Post similar","link":""},"img":{"alt_text":"","src":"https:\/\/i0.wp.com\/efagundes.com\/networking\/wp-content\/uploads\/sites\/5\/2015\/03\/Slide6.jpg?resize=350%2C200&ssl=1","width":350,"height":200,"srcset":"https:\/\/i0.wp.com\/efagundes.com\/networking\/wp-content\/uploads\/sites\/5\/2015\/03\/Slide6.jpg?resize=350%2C200&ssl=1 1x, https:\/\/i0.wp.com\/efagundes.com\/networking\/wp-content\/uploads\/sites\/5\/2015\/03\/Slide6.jpg?resize=525%2C300&ssl=1 1.5x, https:\/\/i0.wp.com\/efagundes.com\/networking\/wp-content\/uploads\/sites\/5\/2015\/03\/Slide6.jpg?resize=700%2C400&ssl=1 2x"},"classes":[]},{"id":99,"url":"https:\/\/efagundes.com\/networking\/software-de-rede\/","url_meta":{"origin":741,"position":4},"title":"Software de rede","author":"Eduardo Fagundes","date":"16\/11\/2012","format":false,"excerpt":"T\u00f3picos do capitulo","rel":"","context":"Post similar","block_context":{"text":"Post similar","link":""},"img":{"alt_text":"Slide24","src":"https:\/\/i0.wp.com\/efagundes.com\/networking\/wp-content\/uploads\/sites\/5\/2015\/03\/Slide24.jpg?resize=350%2C200","width":350,"height":200,"srcset":"https:\/\/i0.wp.com\/efagundes.com\/networking\/wp-content\/uploads\/sites\/5\/2015\/03\/Slide24.jpg?resize=350%2C200 1x, https:\/\/i0.wp.com\/efagundes.com\/networking\/wp-content\/uploads\/sites\/5\/2015\/03\/Slide24.jpg?resize=525%2C300 1.5x, https:\/\/i0.wp.com\/efagundes.com\/networking\/wp-content\/uploads\/sites\/5\/2015\/03\/Slide24.jpg?resize=700%2C400 2x"},"classes":[]},{"id":1205,"url":"https:\/\/efagundes.com\/networking\/seguranca-de-redes\/","url_meta":{"origin":741,"position":5},"title":"Seguran\u00e7a de Redes","author":"Eduardo Fagundes","date":"19\/11\/2012","format":false,"excerpt":"T\u00f3picos do capitulo","rel":"","context":"Post similar","block_context":{"text":"Post similar","link":""},"img":{"alt_text":"Slide256","src":"https:\/\/i0.wp.com\/efagundes.com\/networking\/wp-content\/uploads\/sites\/5\/2012\/11\/Slide256.png?resize=350%2C200","width":350,"height":200,"srcset":"https:\/\/i0.wp.com\/efagundes.com\/networking\/wp-content\/uploads\/sites\/5\/2012\/11\/Slide256.png?resize=350%2C200 1x, https:\/\/i0.wp.com\/efagundes.com\/networking\/wp-content\/uploads\/sites\/5\/2012\/11\/Slide256.png?resize=525%2C300 1.5x, https:\/\/i0.wp.com\/efagundes.com\/networking\/wp-content\/uploads\/sites\/5\/2012\/11\/Slide256.png?resize=700%2C400 2x"},"classes":[]}],"jetpack_sharing_enabled":true,"_links":{"self":[{"href":"https:\/\/efagundes.com\/networking\/wp-json\/wp\/v2\/pages\/741","targetHints":{"allow":["GET"]}}],"collection":[{"href":"https:\/\/efagundes.com\/networking\/wp-json\/wp\/v2\/pages"}],"about":[{"href":"https:\/\/efagundes.com\/networking\/wp-json\/wp\/v2\/types\/page"}],"author":[{"embeddable":true,"href":"https:\/\/efagundes.com\/networking\/wp-json\/wp\/v2\/users\/1"}],"replies":[{"embeddable":true,"href":"https:\/\/efagundes.com\/networking\/wp-json\/wp\/v2\/comments?post=741"}],"version-history":[{"count":0,"href":"https:\/\/efagundes.com\/networking\/wp-json\/wp\/v2\/pages\/741\/revisions"}],"wp:attachment":[{"href":"https:\/\/efagundes.com\/networking\/wp-json\/wp\/v2\/media?parent=741"}],"curies":[{"name":"wp","href":"https:\/\/api.w.org\/{rel}","templated":true}]}}