{"id":75,"date":"2012-11-16T18:51:21","date_gmt":"2012-11-16T20:51:21","guid":{"rendered":"http:\/\/efagundes.com\/openclass_networking\/?page_id=75"},"modified":"2022-01-16T17:49:48","modified_gmt":"2022-01-16T20:49:48","slug":"ethernet-em-par-trancado","status":"publish","type":"page","link":"https:\/\/efagundes.com\/networking\/hardware-de-rede\/ethernet-em-par-trancado\/","title":{"rendered":"Ethernet em par-tran\u00e7ado"},"content":{"rendered":"<p><a href=\"https:\/\/i0.wp.com\/efagundes.com\/networking\/wp-content\/uploads\/sites\/5\/2015\/03\/Slide12.jpg\"><img data-recalc-dims=\"1\" loading=\"lazy\" decoding=\"async\" data-attachment-id=\"2319\" data-permalink=\"https:\/\/efagundes.com\/networking\/hardware-de-rede\/ethernet-em-par-trancado\/slide12\/\" data-orig-file=\"https:\/\/i0.wp.com\/efagundes.com\/networking\/wp-content\/uploads\/sites\/5\/2015\/03\/Slide12.jpg?fit=960%2C720&amp;ssl=1\" data-orig-size=\"960,720\" data-comments-opened=\"1\" data-image-meta=\"{&quot;aperture&quot;:&quot;0&quot;,&quot;credit&quot;:&quot;&quot;,&quot;camera&quot;:&quot;&quot;,&quot;caption&quot;:&quot;&quot;,&quot;created_timestamp&quot;:&quot;0&quot;,&quot;copyright&quot;:&quot;&quot;,&quot;focal_length&quot;:&quot;0&quot;,&quot;iso&quot;:&quot;0&quot;,&quot;shutter_speed&quot;:&quot;0&quot;,&quot;title&quot;:&quot;&quot;,&quot;orientation&quot;:&quot;0&quot;}\" data-image-title=\"Slide12\" data-image-description=\"\" data-image-caption=\"\" data-large-file=\"https:\/\/i0.wp.com\/efagundes.com\/networking\/wp-content\/uploads\/sites\/5\/2015\/03\/Slide12.jpg?fit=960%2C720&amp;ssl=1\" class=\"alignnone size-full wp-image-2319\" src=\"https:\/\/i0.wp.com\/efagundes.com\/networking\/wp-content\/uploads\/sites\/5\/2015\/03\/Slide12.jpg?resize=960%2C720\" alt=\"Slide12\" width=\"960\" height=\"720\" srcset=\"https:\/\/i0.wp.com\/efagundes.com\/networking\/wp-content\/uploads\/sites\/5\/2015\/03\/Slide12.jpg?w=960&amp;ssl=1 960w, https:\/\/i0.wp.com\/efagundes.com\/networking\/wp-content\/uploads\/sites\/5\/2015\/03\/Slide12.jpg?resize=300%2C225&amp;ssl=1 300w\" sizes=\"auto, (max-width: 960px) 100vw, 960px\" \/><\/a><\/p>\n<p>O cabo de par tran\u00e7ado \u00e9 composto por pares de fios, sendo que cada par \u00e9 isolado do outro e todos s\u00e3o tran\u00e7ados juntos dentro de uma cobertura externa. N\u00e3o h\u00e1 uma blindagem f\u00edsica na cabo UTP; ele obt\u00e9m sua prote\u00e7\u00e3o pelo efeito de cancelamento m\u00fatuo dos campos eletromagn\u00e9ticos devido aos fios estarem tran\u00e7ados. O efeito de cancelamento m\u00fatuo reduz a diafonia entre os pares de fios e diminui o n\u00edvel de interfer\u00eancia eletromagn\u00e9tica e de\u00a0radiofrequ\u00eancia\u00a0 O cabo de par tran\u00e7ado sem blindagem projetado para redes cont\u00e9m quatro pares de fios de cobre s\u00f3lidos. O cabo tem uma imped\u00e2ncia de 100 ohms &#8211; um fator importante que o diferencia dos outros tipos de fios de telefone e de par tran\u00e7ado. O cabo de rede UTP tem um di\u00e2metro externo de 1,17 polegada ou 4,3 mm. Esse tamanho reduzido representa uma vantagem durante a instala\u00e7\u00e3o.<\/p>\n<p>Os pares tran\u00e7ados podem ser utilizados tanto para sinais anal\u00f3gicos como para sinais digitais. A largura de banda depende da espessura do fio e da dist\u00e2ncia percorrida. Em muitos casos \u00e9 poss\u00edvel alcan\u00e7ar diversos megabits\/s por alguns quil\u00f4metros. Devido ao custo e ao desempenho obtidos, os pares tran\u00e7ados s\u00e3o utilizados em larga escala e \u00e9 prov\u00e1vel que continuem nos pr\u00f3ximos anos.<\/p>\n<p>Existem v\u00e1rios tipos de cabeamento de pares tran\u00e7ados, dois dos quais s\u00e3o importantes para a comunica\u00e7\u00e3o de dados. Os pares tran\u00e7ados da categoria 3 com dois fios tran\u00e7ados. Em geral, quatro pares desse tipo s\u00e3o encapsulados dentro de uma capa protetora. Em 1988, foram lan\u00e7ados os pares tran\u00e7ados da categoria 5, mais avan\u00e7ados. Parecidos com os da categoria 3, por\u00e9m com mais voltas por cent\u00edmetro, permitindo um melhor desempenho e menor incid\u00eancia de ru\u00eddos. Os cabos de categoria 3 e 5 tratam sinais de 16MHz e 100MHz, respectivamente. Os cabos de categoria 6 e 7 s\u00e3o capazes de tratar sinais com largura de banda de 250MHz e 600MHz, respectivamente.<\/p>\n<p>As especifica\u00e7\u00f5es dos cabos de Ethernet est\u00e3o em constante evolu\u00e7\u00e3o. Veja a tabela a seguir<\/p>\n<table border=\"0\" width=\"381\" cellspacing=\"0\" cellpadding=\"0\">\n<colgroup>\n<col width=\"64\" \/>\n<col width=\"98\" \/>\n<col width=\"112\" \/>\n<col width=\"107\" \/> <\/colgroup>\n<tbody>\n<tr>\n<td width=\"64\" height=\"20\">CAT #<\/td>\n<td width=\"98\">Tipo de Cabo<\/td>\n<td width=\"112\">Largura de Banda (MHz)<\/td>\n<td width=\"107\">Taxa de Dados<\/td>\n<\/tr>\n<tr>\n<td height=\"20\">CAT1<\/td>\n<td>UTP<\/td>\n<td>Voz anal\u00f3gica<\/td>\n<td><\/td>\n<\/tr>\n<tr>\n<td height=\"20\">CAT2<\/td>\n<td>UTP<\/td>\n<td>Voz digital<\/td>\n<td><\/td>\n<\/tr>\n<tr>\n<td height=\"20\">CAT3<\/td>\n<td>UTP\/ScTP\/STP<\/td>\n<td>16 MHz<\/td>\n<td>4 Mbps<\/td>\n<\/tr>\n<tr>\n<td height=\"20\">CAT4<\/td>\n<td>UTP\/ScTP\/STP<\/td>\n<td>20 MHz<\/td>\n<td>16 Mbps<\/td>\n<\/tr>\n<tr>\n<td height=\"20\">CAT5<\/td>\n<td>UTP\/ScTP\/STP<\/td>\n<td>100 MHz<\/td>\n<td>100 Mbps<\/td>\n<\/tr>\n<tr>\n<td height=\"20\">CAT5e<\/td>\n<td>UTP\/ScTP\/STP<\/td>\n<td>100 MHz<\/td>\n<td>1 Gbps<\/td>\n<\/tr>\n<tr>\n<td height=\"20\">CAT6<\/td>\n<td>UTP\/ScTP\/STP<\/td>\n<td>250 MHz<\/td>\n<td>10 Gbps (&lt; 10 m)<\/td>\n<\/tr>\n<tr>\n<td height=\"20\">CAT6a<\/td>\n<td>UTP\/ScTP\/STP<\/td>\n<td>500 MHz<\/td>\n<td>10 Gbps (&gt; 10 m)<\/td>\n<\/tr>\n<tr>\n<td height=\"20\">CAT7<\/td>\n<td>ScTP\/STP<\/td>\n<td>600 MHz<\/td>\n<td>10 Gbps \/ 100 m<\/td>\n<\/tr>\n<tr>\n<td height=\"20\">CAT7a<\/td>\n<td>ScTP\/STP<\/td>\n<td>1000 MHz<\/td>\n<td>40 Gbps (&lt; 15 m)<\/td>\n<\/tr>\n<\/tbody>\n<\/table>\n<p>Utilizando cabos de categoria 5 ou superior \u00e9 poss\u00edvel montar redes conectando os computadores em hubs ou switches. Os hubs s\u00e3o equipamentos que apenas conectam os cabos e operam como se fosse uma topologia em barramento. J\u00e1 os switches s\u00e3o equipamentos que permitem a montagem de um rede com topologia em estrela o que aumenta a performance da comunica\u00e7\u00e3o de dados entre as esta\u00e7\u00f5es.<\/p>\n<p>&nbsp;<\/p>\n<p>&nbsp;<\/p>\n","protected":false},"excerpt":{"rendered":"<p>O cabo de par tran\u00e7ado \u00e9 composto por pares de fios, sendo que cada par \u00e9 isolado do outro e todos s\u00e3o tran\u00e7ados juntos dentro de uma cobertura externa. N\u00e3o h\u00e1 uma blindagem f\u00edsica na cabo UTP; ele obt\u00e9m sua prote\u00e7\u00e3o pelo efeito de cancelamento m\u00fatuo dos campos eletromagn\u00e9ticos devido aos fios estarem tran\u00e7ados. O [&hellip;]<\/p>\n","protected":false},"author":1,"featured_media":0,"parent":61,"menu_order":0,"comment_status":"closed","ping_status":"open","template":"","meta":{"footnotes":""},"class_list":["post-75","page","type-page","status-publish","hentry"],"jetpack_shortlink":"https:\/\/wp.me\/P8yKGp-1d","jetpack-related-posts":[{"id":263,"url":"https:\/\/efagundes.com\/networking\/meios-magneticos\/par-trancado-ii\/","url_meta":{"origin":75,"position":0},"title":"Par tran\u00e7ado (II)","author":"Eduardo Fagundes","date":"16\/11\/2012","format":false,"excerpt":"\u00a0 O padr\u00e3o dos cabos foi definido pelo Comit\u00ea de normaliza\u00e7\u00e3o Internacional\u00a0 IEEE formado pelas empresas americanas Electrical Industrial American EIA, e as Telecomunications Industrial American TIA, se uniram no intuito de pesquisar e produzir um meio de comunica\u00e7\u00e3o eficiente e seguro para as redes de computadores, desenvolvendo o Standard\u2026","rel":"","context":"Post similar","block_context":{"text":"Post similar","link":""},"img":{"alt_text":"Slide12","src":"https:\/\/i0.wp.com\/efagundes.com\/networking\/wp-content\/uploads\/sites\/5\/2015\/03\/Slide122.jpg?resize=350%2C200","width":350,"height":200,"srcset":"https:\/\/i0.wp.com\/efagundes.com\/networking\/wp-content\/uploads\/sites\/5\/2015\/03\/Slide122.jpg?resize=350%2C200 1x, https:\/\/i0.wp.com\/efagundes.com\/networking\/wp-content\/uploads\/sites\/5\/2015\/03\/Slide122.jpg?resize=525%2C300 1.5x, https:\/\/i0.wp.com\/efagundes.com\/networking\/wp-content\/uploads\/sites\/5\/2015\/03\/Slide122.jpg?resize=700%2C400 2x"},"classes":[]},{"id":261,"url":"https:\/\/efagundes.com\/networking\/meios-magneticos\/par-trancado\/","url_meta":{"origin":75,"position":1},"title":"Par tran\u00e7ado (I)","author":"Eduardo Fagundes","date":"16\/11\/2012","format":false,"excerpt":"Esse tipo de cabo tornou-se muito usado devido a falta de flexibilidade de outros cabos e por causa da necessidade de se ter um meio f\u00edsico que conseguisse uma taxa de transmiss\u00e3o alta e mais r\u00e1pida. Os cabos de par tran\u00e7ado possuem dois ou mais fios entrela\u00e7ados em forma de\u2026","rel":"","context":"Post similar","block_context":{"text":"Post similar","link":""},"img":{"alt_text":"Slide11","src":"https:\/\/i0.wp.com\/efagundes.com\/networking\/wp-content\/uploads\/sites\/5\/2015\/03\/Slide113.jpg?resize=350%2C200","width":350,"height":200,"srcset":"https:\/\/i0.wp.com\/efagundes.com\/networking\/wp-content\/uploads\/sites\/5\/2015\/03\/Slide113.jpg?resize=350%2C200 1x, https:\/\/i0.wp.com\/efagundes.com\/networking\/wp-content\/uploads\/sites\/5\/2015\/03\/Slide113.jpg?resize=525%2C300 1.5x, https:\/\/i0.wp.com\/efagundes.com\/networking\/wp-content\/uploads\/sites\/5\/2015\/03\/Slide113.jpg?resize=700%2C400 2x"},"classes":[]},{"id":408,"url":"https:\/\/efagundes.com\/networking\/sistema-telefonico\/os-metais-dos-cabos\/","url_meta":{"origin":75,"position":2},"title":"Os metais dos cabos","author":"Eduardo Fagundes","date":"17\/11\/2012","format":false,"excerpt":"\u00a0 Os par de fios utilizado para interconectar os elementos do sistema telef\u00f4nico \u00e9 chamado de par f\u00edsico, e \u00e9 constitu\u00eddo por 2 fios tran\u00e7ados para evitar interfer\u00eancias. Esse par de fios, aparentemente inofensivo, pode causar uma grave distor\u00e7\u00e3o de amplitude, dependendo do seu comprimento e da espessura do fio\u2026","rel":"","context":"Post similar","block_context":{"text":"Post similar","link":""},"img":{"alt_text":"Slide8","src":"https:\/\/i0.wp.com\/efagundes.com\/networking\/wp-content\/uploads\/sites\/5\/2015\/03\/Slide84.jpg?resize=350%2C200","width":350,"height":200,"srcset":"https:\/\/i0.wp.com\/efagundes.com\/networking\/wp-content\/uploads\/sites\/5\/2015\/03\/Slide84.jpg?resize=350%2C200 1x, https:\/\/i0.wp.com\/efagundes.com\/networking\/wp-content\/uploads\/sites\/5\/2015\/03\/Slide84.jpg?resize=525%2C300 1.5x, https:\/\/i0.wp.com\/efagundes.com\/networking\/wp-content\/uploads\/sites\/5\/2015\/03\/Slide84.jpg?resize=700%2C400 2x"},"classes":[]},{"id":639,"url":"https:\/\/efagundes.com\/networking\/ethernet-2\/cabeamento-ethernet\/","url_meta":{"origin":75,"position":3},"title":"Cabeamento Ethernet (II)","author":"Eduardo Fagundes","date":"17\/11\/2012","format":false,"excerpt":"A figura mostra tr\u00eas esquemas de fia\u00e7\u00e3o. Para o 10Base5, um transceptor \u00e9 preso firmemente ao cabo para que seu conector de press\u00e3o fa\u00e7a contato com o n\u00facleo interno do cabo. O transceptor cont\u00e9m circuitos eletr\u00f4nicos que tratam da detec\u00e7\u00e3o da portadora e da detec\u00e7\u00e3o de colis\u00f5es. Quando \u00e9 detectada\u2026","rel":"","context":"Post similar","block_context":{"text":"Post similar","link":""},"img":{"alt_text":"","src":"https:\/\/i0.wp.com\/efagundes.com\/networking\/wp-content\/uploads\/sites\/5\/2015\/03\/Slide342.jpg?resize=350%2C200","width":350,"height":200,"srcset":"https:\/\/i0.wp.com\/efagundes.com\/networking\/wp-content\/uploads\/sites\/5\/2015\/03\/Slide342.jpg?resize=350%2C200 1x, https:\/\/i0.wp.com\/efagundes.com\/networking\/wp-content\/uploads\/sites\/5\/2015\/03\/Slide342.jpg?resize=525%2C300 1.5x, https:\/\/i0.wp.com\/efagundes.com\/networking\/wp-content\/uploads\/sites\/5\/2015\/03\/Slide342.jpg?resize=700%2C400 2x"},"classes":[]},{"id":182,"url":"https:\/\/efagundes.com\/networking\/redes-locais\/ethernet\/","url_meta":{"origin":75,"position":4},"title":"Ethernet","author":"Eduardo Fagundes","date":"16\/11\/2012","format":false,"excerpt":"O padr\u00e3o Ethernet \u00e9 o m\u00e9todo de acesso mais utilizado em redes locais de computadores (LAN), definido pelo IEEE como padr\u00e3o 802.3. A maioria dos PCs v\u00eam com uma interface Ethernet 10\/100 para uso de casa, n\u00e3o s\u00f3 criar uma rede dom\u00e9stica, mas conectar \u00e0 Internet atrav\u00e9s de uma conex\u00e3o\u2026","rel":"","context":"Post similar","block_context":{"text":"Post similar","link":""},"img":{"alt_text":"Slide18","src":"https:\/\/i0.wp.com\/efagundes.com\/networking\/wp-content\/uploads\/sites\/5\/2015\/03\/Slide181.jpg?resize=350%2C200","width":350,"height":200,"srcset":"https:\/\/i0.wp.com\/efagundes.com\/networking\/wp-content\/uploads\/sites\/5\/2015\/03\/Slide181.jpg?resize=350%2C200 1x, https:\/\/i0.wp.com\/efagundes.com\/networking\/wp-content\/uploads\/sites\/5\/2015\/03\/Slide181.jpg?resize=525%2C300 1.5x, https:\/\/i0.wp.com\/efagundes.com\/networking\/wp-content\/uploads\/sites\/5\/2015\/03\/Slide181.jpg?resize=700%2C400 2x"},"classes":[]},{"id":406,"url":"https:\/\/efagundes.com\/networking\/sistema-telefonico\/estrutura-do-sistema-telefonico-ii\/","url_meta":{"origin":75,"position":5},"title":"Estrutura do sistema telef\u00f4nico (II)","author":"Eduardo Fagundes","date":"17\/11\/2012","format":false,"excerpt":"Em 1890, era poss\u00edvel notar a presen\u00e7a das tr\u00eas principais partes do sistema telef\u00f4nico: as esta\u00e7\u00f5es de comuta\u00e7\u00e3o, os fios que ligavam os usu\u00e1rios \u00e0s esta\u00e7\u00f5es de comuta\u00e7\u00e3o (agora j\u00e1 operando com cabos de pares tran\u00e7ados, isolados e balanceados em vez de cabos abertos com retorno por terra) e as\u2026","rel":"","context":"Post similar","block_context":{"text":"Post similar","link":""},"img":{"alt_text":"Slide7","src":"https:\/\/i0.wp.com\/efagundes.com\/networking\/wp-content\/uploads\/sites\/5\/2015\/03\/Slide74.jpg?resize=350%2C200","width":350,"height":200,"srcset":"https:\/\/i0.wp.com\/efagundes.com\/networking\/wp-content\/uploads\/sites\/5\/2015\/03\/Slide74.jpg?resize=350%2C200 1x, https:\/\/i0.wp.com\/efagundes.com\/networking\/wp-content\/uploads\/sites\/5\/2015\/03\/Slide74.jpg?resize=525%2C300 1.5x, https:\/\/i0.wp.com\/efagundes.com\/networking\/wp-content\/uploads\/sites\/5\/2015\/03\/Slide74.jpg?resize=700%2C400 2x"},"classes":[]}],"jetpack_sharing_enabled":true,"_links":{"self":[{"href":"https:\/\/efagundes.com\/networking\/wp-json\/wp\/v2\/pages\/75","targetHints":{"allow":["GET"]}}],"collection":[{"href":"https:\/\/efagundes.com\/networking\/wp-json\/wp\/v2\/pages"}],"about":[{"href":"https:\/\/efagundes.com\/networking\/wp-json\/wp\/v2\/types\/page"}],"author":[{"embeddable":true,"href":"https:\/\/efagundes.com\/networking\/wp-json\/wp\/v2\/users\/1"}],"replies":[{"embeddable":true,"href":"https:\/\/efagundes.com\/networking\/wp-json\/wp\/v2\/comments?post=75"}],"version-history":[{"count":0,"href":"https:\/\/efagundes.com\/networking\/wp-json\/wp\/v2\/pages\/75\/revisions"}],"up":[{"embeddable":true,"href":"https:\/\/efagundes.com\/networking\/wp-json\/wp\/v2\/pages\/61"}],"wp:attachment":[{"href":"https:\/\/efagundes.com\/networking\/wp-json\/wp\/v2\/media?parent=75"}],"curies":[{"name":"wp","href":"https:\/\/api.w.org\/{rel}","templated":true}]}}