{"id":77,"date":"2012-11-16T18:53:17","date_gmt":"2012-11-16T20:53:17","guid":{"rendered":"http:\/\/efagundes.com\/openclass_networking\/?page_id=77"},"modified":"2022-01-16T17:49:49","modified_gmt":"2022-01-16T20:49:49","slug":"roteador-dedicado","status":"publish","type":"page","link":"https:\/\/efagundes.com\/networking\/hardware-de-rede\/roteador-dedicado\/","title":{"rendered":"Roteador dedicado"},"content":{"rendered":"<p>&nbsp;<\/p>\n<p><a href=\"https:\/\/i0.wp.com\/efagundes.com\/networking\/wp-content\/uploads\/sites\/5\/2015\/03\/Slide13.jpg\"><img data-recalc-dims=\"1\" loading=\"lazy\" decoding=\"async\" data-attachment-id=\"2320\" data-permalink=\"https:\/\/efagundes.com\/networking\/hardware-de-rede\/roteador-dedicado\/slide13\/\" data-orig-file=\"https:\/\/i0.wp.com\/efagundes.com\/networking\/wp-content\/uploads\/sites\/5\/2015\/03\/Slide13.jpg?fit=960%2C720&amp;ssl=1\" data-orig-size=\"960,720\" data-comments-opened=\"1\" data-image-meta=\"{&quot;aperture&quot;:&quot;0&quot;,&quot;credit&quot;:&quot;&quot;,&quot;camera&quot;:&quot;&quot;,&quot;caption&quot;:&quot;&quot;,&quot;created_timestamp&quot;:&quot;0&quot;,&quot;copyright&quot;:&quot;&quot;,&quot;focal_length&quot;:&quot;0&quot;,&quot;iso&quot;:&quot;0&quot;,&quot;shutter_speed&quot;:&quot;0&quot;,&quot;title&quot;:&quot;&quot;,&quot;orientation&quot;:&quot;0&quot;}\" data-image-title=\"Slide13\" data-image-description=\"\" data-image-caption=\"\" data-large-file=\"https:\/\/i0.wp.com\/efagundes.com\/networking\/wp-content\/uploads\/sites\/5\/2015\/03\/Slide13.jpg?fit=960%2C720&amp;ssl=1\" class=\"alignnone size-full wp-image-2320\" src=\"https:\/\/i0.wp.com\/efagundes.com\/networking\/wp-content\/uploads\/sites\/5\/2015\/03\/Slide13.jpg?resize=960%2C720\" alt=\"Slide13\" width=\"960\" height=\"720\" srcset=\"https:\/\/i0.wp.com\/efagundes.com\/networking\/wp-content\/uploads\/sites\/5\/2015\/03\/Slide13.jpg?w=960&amp;ssl=1 960w, https:\/\/i0.wp.com\/efagundes.com\/networking\/wp-content\/uploads\/sites\/5\/2015\/03\/Slide13.jpg?resize=300%2C225&amp;ssl=1 300w\" sizes=\"auto, (max-width: 960px) 100vw, 960px\" \/><\/a>Em redes geograficamente distribu\u00eddas \u00e9 importante o conceito de roteamento. Entende-se por roteamento \u00e9 a escolha do m\u00f3dulo do n\u00f3 de origem ao n\u00f3 de destino por onde as mensagens devem transitar. Na comuta\u00e7\u00e3o de circuito, nas mensagens ou de pacote. Primeiramente estabelece uma conex\u00e3o entre n\u00f3s de origem e destino, neste estabelecimento \u00e9 definida a rota onde dever\u00e3o transitar enquanto perdurar a conex\u00e3o. Em segundo caso pode haver ou n\u00e3o o estabelecimento de conex\u00e3o, mas independentemente disso cada n\u00f3 intermedi\u00e1rio do caminho \u00e9 respons\u00e1vel pela escolha do pr\u00f3ximo n\u00f3 do caminho no instante em que recebe a mensagem.<\/p>\n<p>O roteador \u00e9 o equipamento que implementa os algoritmos de roteamento. Existem basicamente dois tipos de roteadores: os est\u00e1ticos e os din\u00e2micos.<\/p>\n<p>Os roteadores est\u00e1ticos exigem a configura\u00e7\u00e3o das rotas. Esses\u00a0 roteadores n\u00e3o levam em considera\u00e7\u00e3o o congestionamento da rede, onde o menor caminho, medido em n\u00famero de hops, pode estar congestionado enquanto h\u00e1 caminhos alternativos que podem estar com um fluxo de dados menor. Portanto, o menor caminho n\u00e3o necessariamente \u00e9 o melhor caminho.<\/p>\n<p>No caso dos roteadores din\u00e2micos, eles escolhem o melhor caminho para os dados, j\u00e1 que levam em conta o congestionamento da rede. Talvez o pacote de dados siga por um caminho at\u00e9 mais longo, por\u00e9m menos congestionado que, no final das contas, acaba sendo mais r\u00e1pido.<\/p>\n<p>Alguns roteadores possuem compress\u00e3o de dados, que fazem aumentar a taxa de transfer\u00eancia.<\/p>\n<p>&nbsp;<\/p>\n","protected":false},"excerpt":{"rendered":"<p>&nbsp; Em redes geograficamente distribu\u00eddas \u00e9 importante o conceito de roteamento. Entende-se por roteamento \u00e9 a escolha do m\u00f3dulo do n\u00f3 de origem ao n\u00f3 de destino por onde as mensagens devem transitar. Na comuta\u00e7\u00e3o de circuito, nas mensagens ou de pacote. Primeiramente estabelece uma conex\u00e3o entre n\u00f3s de origem e destino, neste estabelecimento \u00e9 [&hellip;]<\/p>\n","protected":false},"author":1,"featured_media":0,"parent":61,"menu_order":0,"comment_status":"closed","ping_status":"open","template":"","meta":{"footnotes":""},"class_list":["post-77","page","type-page","status-publish","hentry"],"jetpack_shortlink":"https:\/\/wp.me\/P8yKGp-1f","jetpack-related-posts":[{"id":753,"url":"https:\/\/efagundes.com\/networking\/algoritmos-de-roteamento\/roteamento-por-estado-de-enlace\/","url_meta":{"origin":77,"position":0},"title":"Roteamento por estado de enlace","author":"Eduardo Fagundes","date":"18\/11\/2012","format":false,"excerpt":"Estado de enlace: Tamb\u00e9m definido como algoritmo Link State, este algoritmo trabalha baseado na ideia de que cada roteador possui informa\u00e7\u00f5es sobre as redes que est\u00e3o conectadas a ele e, periodicamente, testa para determinar se cada enlace est\u00e1 ativo. Com estas informa\u00e7\u00f5es cada roteador divulga uma lista sobre o status\u2026","rel":"","context":"Post similar","block_context":{"text":"Post similar","link":""},"img":{"alt_text":"","src":"https:\/\/i0.wp.com\/efagundes.com\/networking\/wp-content\/uploads\/sites\/5\/2015\/03\/Slide175.jpg?resize=350%2C200","width":350,"height":200,"srcset":"https:\/\/i0.wp.com\/efagundes.com\/networking\/wp-content\/uploads\/sites\/5\/2015\/03\/Slide175.jpg?resize=350%2C200 1x, https:\/\/i0.wp.com\/efagundes.com\/networking\/wp-content\/uploads\/sites\/5\/2015\/03\/Slide175.jpg?resize=525%2C300 1.5x, https:\/\/i0.wp.com\/efagundes.com\/networking\/wp-content\/uploads\/sites\/5\/2015\/03\/Slide175.jpg?resize=700%2C400 2x"},"classes":[]},{"id":758,"url":"https:\/\/efagundes.com\/networking\/algoritmos-de-roteamento\/roteamento-por-difusao\/","url_meta":{"origin":77,"position":1},"title":"Roteamento por difus\u00e3o","author":"Eduardo Fagundes","date":"18\/11\/2012","format":false,"excerpt":"Para algumas aplica\u00e7\u00f5es os hosts precisam enviar mensagens a muitos outros hosts. Um exemplo \u00e9 o servi\u00e7o de distribui\u00e7\u00e3o de relat\u00f3rios sobre o tempo, atualiza\u00e7\u00f5es do mercado de a\u00e7\u00f5es ou programas de r\u00e1dio ao vivo. O envio de um pacote a todos os destinos simultaneamente \u00e9 chamado difus\u00e3o (broadcasting). Um\u2026","rel":"","context":"Post similar","block_context":{"text":"Post similar","link":""},"img":{"alt_text":"","src":"https:\/\/i0.wp.com\/efagundes.com\/networking\/wp-content\/uploads\/sites\/5\/2015\/03\/Slide195.jpg?resize=350%2C200","width":350,"height":200,"srcset":"https:\/\/i0.wp.com\/efagundes.com\/networking\/wp-content\/uploads\/sites\/5\/2015\/03\/Slide195.jpg?resize=350%2C200 1x, https:\/\/i0.wp.com\/efagundes.com\/networking\/wp-content\/uploads\/sites\/5\/2015\/03\/Slide195.jpg?resize=525%2C300 1.5x, https:\/\/i0.wp.com\/efagundes.com\/networking\/wp-content\/uploads\/sites\/5\/2015\/03\/Slide195.jpg?resize=700%2C400 2x"},"classes":[]},{"id":755,"url":"https:\/\/efagundes.com\/networking\/algoritmos-de-roteamento\/roteamento-hierarquico\/","url_meta":{"origin":77,"position":2},"title":"Roteamento hier\u00e1rquico","author":"Eduardo Fagundes","date":"18\/11\/2012","format":false,"excerpt":"Com o crescimento das redes, as tabelas de roteamento dos roteadores crescem proporcionalmente. N\u00e3o apenas a mem\u00f3ria do roteador \u00e9 consumida por tabelas cada vez maiores, mas tamb\u00e9m \u00e9 necess\u00e1rio dedicar maior tempo da CPU para percorr\u00ea-las e mais largura de banda para enviar relat\u00f3rios de status sobre elas. Um\u2026","rel":"","context":"Post similar","block_context":{"text":"Post similar","link":""},"img":{"alt_text":"","src":"https:\/\/i0.wp.com\/efagundes.com\/networking\/wp-content\/uploads\/sites\/5\/2015\/03\/Slide185.jpg?resize=350%2C200","width":350,"height":200,"srcset":"https:\/\/i0.wp.com\/efagundes.com\/networking\/wp-content\/uploads\/sites\/5\/2015\/03\/Slide185.jpg?resize=350%2C200 1x, https:\/\/i0.wp.com\/efagundes.com\/networking\/wp-content\/uploads\/sites\/5\/2015\/03\/Slide185.jpg?resize=525%2C300 1.5x, https:\/\/i0.wp.com\/efagundes.com\/networking\/wp-content\/uploads\/sites\/5\/2015\/03\/Slide185.jpg?resize=700%2C400 2x"},"classes":[]},{"id":751,"url":"https:\/\/efagundes.com\/networking\/algoritmos-de-roteamento\/roteamento-com-vetor-distancia\/","url_meta":{"origin":77,"position":3},"title":"Roteamento com vetor dist\u00e2ncia","author":"Eduardo Fagundes","date":"18\/11\/2012","format":false,"excerpt":"Os algoritmos de roteamento com vetor de dist\u00e2ncia operam fazendo cada roteador manter uma tabela (isto \u00e9,\u00a0 um vetor) que fornece a melhor dist\u00e2ncia conhecida at\u00e9 cada destino e determina qual linha deve ser utilizada para se chegar l\u00e1. Essas tabelas s\u00e3o atualizadas atrav\u00e9s da troca de informa\u00e7\u00f5es com os\u2026","rel":"","context":"Post similar","block_context":{"text":"Post similar","link":""},"img":{"alt_text":"","src":"https:\/\/i0.wp.com\/efagundes.com\/networking\/wp-content\/uploads\/sites\/5\/2015\/03\/Slide166.jpg?resize=350%2C200","width":350,"height":200,"srcset":"https:\/\/i0.wp.com\/efagundes.com\/networking\/wp-content\/uploads\/sites\/5\/2015\/03\/Slide166.jpg?resize=350%2C200 1x, https:\/\/i0.wp.com\/efagundes.com\/networking\/wp-content\/uploads\/sites\/5\/2015\/03\/Slide166.jpg?resize=525%2C300 1.5x, https:\/\/i0.wp.com\/efagundes.com\/networking\/wp-content\/uploads\/sites\/5\/2015\/03\/Slide166.jpg?resize=700%2C400 2x"},"classes":[]},{"id":760,"url":"https:\/\/efagundes.com\/networking\/algoritmos-de-roteamento\/roteamento-por-multidifusao\/","url_meta":{"origin":77,"position":4},"title":"Roteamento por multidifus\u00e3o","author":"Eduardo Fagundes","date":"18\/11\/2012","format":false,"excerpt":"O roteamento por multidifus\u00e3o \u00e9 empregado em aplica\u00e7\u00f5es que funcionam reunidos em grupo; por exemplo, um grupo de processos que implementa um sistema de banco de dados distribu\u00eddos. Nessas situa\u00e7\u00f5es, muitas vezes \u00e9 necess\u00f3ario que um processo envie uma mensagem a todos os outros membro do grupo. A difus\u00e3o pode\u2026","rel":"","context":"Post similar","block_context":{"text":"Post similar","link":""},"img":{"alt_text":"","src":"https:\/\/i0.wp.com\/efagundes.com\/networking\/wp-content\/uploads\/sites\/5\/2015\/03\/Slide205.jpg?resize=350%2C200","width":350,"height":200,"srcset":"https:\/\/i0.wp.com\/efagundes.com\/networking\/wp-content\/uploads\/sites\/5\/2015\/03\/Slide205.jpg?resize=350%2C200 1x, https:\/\/i0.wp.com\/efagundes.com\/networking\/wp-content\/uploads\/sites\/5\/2015\/03\/Slide205.jpg?resize=525%2C300 1.5x, https:\/\/i0.wp.com\/efagundes.com\/networking\/wp-content\/uploads\/sites\/5\/2015\/03\/Slide205.jpg?resize=700%2C400 2x"},"classes":[]},{"id":745,"url":"https:\/\/efagundes.com\/networking\/algoritmos-de-roteamento\/o-principio-de-otimizacao\/","url_meta":{"origin":77,"position":5},"title":"O princ\u00edpio de otimiza\u00e7\u00e3o","author":"Eduardo Fagundes","date":"18\/11\/2012","format":false,"excerpt":"\u00c9 poss\u00edvel criar uma descri\u00e7\u00e3o geral das rotas \u00f3timas sem levar em conta a topologia ou o tr\u00e1fego de rede. Essa descri\u00e7\u00e3o \u00e9 conhecida como princ\u00edpio de otimiza\u00e7\u00e3o. Esse princ\u00edpio estabelece que, se o roteador J estiver no caminho \u00f3timo entre o roteador I e o roteador K, o caminho\u2026","rel":"","context":"Post similar","block_context":{"text":"Post similar","link":""},"img":{"alt_text":"","src":"https:\/\/i0.wp.com\/efagundes.com\/networking\/wp-content\/uploads\/sites\/5\/2015\/03\/Slide137.jpg?resize=350%2C200","width":350,"height":200,"srcset":"https:\/\/i0.wp.com\/efagundes.com\/networking\/wp-content\/uploads\/sites\/5\/2015\/03\/Slide137.jpg?resize=350%2C200 1x, https:\/\/i0.wp.com\/efagundes.com\/networking\/wp-content\/uploads\/sites\/5\/2015\/03\/Slide137.jpg?resize=525%2C300 1.5x, https:\/\/i0.wp.com\/efagundes.com\/networking\/wp-content\/uploads\/sites\/5\/2015\/03\/Slide137.jpg?resize=700%2C400 2x"},"classes":[]}],"jetpack_sharing_enabled":true,"_links":{"self":[{"href":"https:\/\/efagundes.com\/networking\/wp-json\/wp\/v2\/pages\/77","targetHints":{"allow":["GET"]}}],"collection":[{"href":"https:\/\/efagundes.com\/networking\/wp-json\/wp\/v2\/pages"}],"about":[{"href":"https:\/\/efagundes.com\/networking\/wp-json\/wp\/v2\/types\/page"}],"author":[{"embeddable":true,"href":"https:\/\/efagundes.com\/networking\/wp-json\/wp\/v2\/users\/1"}],"replies":[{"embeddable":true,"href":"https:\/\/efagundes.com\/networking\/wp-json\/wp\/v2\/comments?post=77"}],"version-history":[{"count":0,"href":"https:\/\/efagundes.com\/networking\/wp-json\/wp\/v2\/pages\/77\/revisions"}],"up":[{"embeddable":true,"href":"https:\/\/efagundes.com\/networking\/wp-json\/wp\/v2\/pages\/61"}],"wp:attachment":[{"href":"https:\/\/efagundes.com\/networking\/wp-json\/wp\/v2\/media?parent=77"}],"curies":[{"name":"wp","href":"https:\/\/api.w.org\/{rel}","templated":true}]}}