{"id":774,"date":"2012-11-18T10:40:40","date_gmt":"2012-11-18T12:40:40","guid":{"rendered":"http:\/\/efagundes.com\/openclass_networking\/?page_id=774"},"modified":"2022-01-16T17:52:29","modified_gmt":"2022-01-16T20:52:29","slug":"controle-de-congestionamento-em-sub-redes-de-circuitos-virtuais","status":"publish","type":"page","link":"https:\/\/efagundes.com\/networking\/algoritmos-de-roteamento\/controle-de-congestionamento-em-sub-redes-de-circuitos-virtuais\/","title":{"rendered":"Controle de congestionamento em sub-redes de circuitos virtuais"},"content":{"rendered":"<p><img data-recalc-dims=\"1\" loading=\"lazy\" decoding=\"async\" class=\"alignnone\" src=\"https:\/\/i0.wp.com\/efagundes.com\/networking\/wp-content\/uploads\/sites\/5\/2015\/03\/Slide274.jpg?resize=960%2C720\" alt=\"\" width=\"960\" height=\"720\" \/><\/p>\n<p>Uma t\u00e9cnica utilizada para impedir que um congestionamento que j\u00e1 tenha come\u00e7ado se torne pior \u00e9 o controle de admiss\u00e3o. A id\u00e9ia \u00e9 simples: uma vez que o congestionamento tenha dado alguma indica\u00e7\u00e3o de sua exist\u00eancia, nenhum outro circuito virtual ser\u00e1 estabelecido at\u00e9 que o problema tenha passo.<\/p>\n<p>Uma estrat\u00e9gia alternativa \u00e9 permitir novos circuitos virtuais, mas rotear com cuidado todos os novos circuitos virtuais em \u00e1reas problem\u00e1ticas. Veja a sub-rede apresentada na figura acima, na qual dois roteadores est\u00e3o congestionados. Suponha que um host ligado ao roteador A queira estabelecer um conex\u00e3o com um host ligado ao roteador B. Normalmente, essa conex\u00e3o passaria por um dos roteadores congestionados. Para evitar essa situa\u00e7\u00e3o, a sub-rede pode ser redesenhada como mostra a linha tracejada na figura.<\/p>\n<p>&nbsp;<\/p>\n","protected":false},"excerpt":{"rendered":"<p>Uma t\u00e9cnica utilizada para impedir que um congestionamento que j\u00e1 tenha come\u00e7ado se torne pior \u00e9 o controle de admiss\u00e3o. A id\u00e9ia \u00e9 simples: uma vez que o congestionamento tenha dado alguma indica\u00e7\u00e3o de sua exist\u00eancia, nenhum outro circuito virtual ser\u00e1 estabelecido at\u00e9 que o problema tenha passo. Uma estrat\u00e9gia alternativa \u00e9 permitir novos circuitos [&hellip;]<\/p>\n","protected":false},"author":1,"featured_media":0,"parent":741,"menu_order":113,"comment_status":"closed","ping_status":"closed","template":"","meta":{"footnotes":""},"class_list":["post-774","page","type-page","status-publish","hentry"],"jetpack_shortlink":"https:\/\/wp.me\/P8yKGp-cu","jetpack-related-posts":[{"id":77,"url":"https:\/\/efagundes.com\/networking\/hardware-de-rede\/roteador-dedicado\/","url_meta":{"origin":774,"position":0},"title":"Roteador dedicado","author":"Eduardo Fagundes","date":"16\/11\/2012","format":false,"excerpt":"\u00a0 Em redes geograficamente distribu\u00eddas \u00e9 importante o conceito de roteamento. Entende-se por roteamento \u00e9 a escolha do m\u00f3dulo do n\u00f3 de origem ao n\u00f3 de destino por onde as mensagens devem transitar. Na comuta\u00e7\u00e3o de circuito, nas mensagens ou de pacote. Primeiramente estabelece uma conex\u00e3o entre n\u00f3s de origem\u2026","rel":"","context":"Post similar","block_context":{"text":"Post similar","link":""},"img":{"alt_text":"Slide13","src":"https:\/\/i0.wp.com\/efagundes.com\/networking\/wp-content\/uploads\/sites\/5\/2015\/03\/Slide13.jpg?resize=350%2C200","width":350,"height":200,"srcset":"https:\/\/i0.wp.com\/efagundes.com\/networking\/wp-content\/uploads\/sites\/5\/2015\/03\/Slide13.jpg?resize=350%2C200 1x, https:\/\/i0.wp.com\/efagundes.com\/networking\/wp-content\/uploads\/sites\/5\/2015\/03\/Slide13.jpg?resize=525%2C300 1.5x, https:\/\/i0.wp.com\/efagundes.com\/networking\/wp-content\/uploads\/sites\/5\/2015\/03\/Slide13.jpg?resize=700%2C400 2x"},"classes":[]},{"id":768,"url":"https:\/\/efagundes.com\/networking\/algoritmos-de-roteamento\/congestionamento\/","url_meta":{"origin":774,"position":1},"title":"Congestionamento","author":"Eduardo Fagundes","date":"18\/11\/2012","format":false,"excerpt":"O congestionamento ocorre em uma sub-rede quando existem pacotes demais trafegando, ocasionando uma redu\u00e7\u00e3o do desempenho da rede. Quando o n\u00famero de pacotes depositados na sub-rede pelos hosts est\u00e1 dentro de sua capacidade de transporte, eles s\u00e3o todos entregues. Entretanto, quando o tr\u00e1fego aumenta muito, os roteadores j\u00e1 n\u00e3o s\u00e3o\u2026","rel":"","context":"Post similar","block_context":{"text":"Post similar","link":""},"img":{"alt_text":"","src":"https:\/\/i0.wp.com\/efagundes.com\/networking\/wp-content\/uploads\/sites\/5\/2015\/03\/Slide245.jpg?resize=350%2C200","width":350,"height":200,"srcset":"https:\/\/i0.wp.com\/efagundes.com\/networking\/wp-content\/uploads\/sites\/5\/2015\/03\/Slide245.jpg?resize=350%2C200 1x, https:\/\/i0.wp.com\/efagundes.com\/networking\/wp-content\/uploads\/sites\/5\/2015\/03\/Slide245.jpg?resize=525%2C300 1.5x, https:\/\/i0.wp.com\/efagundes.com\/networking\/wp-content\/uploads\/sites\/5\/2015\/03\/Slide245.jpg?resize=700%2C400 2x"},"classes":[]},{"id":737,"url":"https:\/\/efagundes.com\/networking\/a-camada-de-rede\/implementacao-do-servico-orientado-a-conexoes\/","url_meta":{"origin":774,"position":2},"title":"Implementa\u00e7\u00e3o do servi\u00e7o orientado a conex\u00f5es","author":"Eduardo Fagundes","date":"18\/11\/2012","format":false,"excerpt":"A ideia por tr\u00e1s dos circuitos virtuais \u00e9 evitar a necessidade de escolher uma nova rota para cada pacote enviado, como nas conex\u00f5es sem conex\u00f5es. Nesse caso, quando uma conex\u00e3o \u00e9 estabelecida, escolhe-se uma rota desde a m\u00e1quina de origem at\u00e9 a m\u00e1quina de destino, como parte da configura\u00e7\u00e3o da\u2026","rel":"","context":"Post similar","block_context":{"text":"Post similar","link":""},"img":{"alt_text":"","src":"https:\/\/i0.wp.com\/efagundes.com\/networking\/wp-content\/uploads\/sites\/5\/2015\/03\/Slide87.jpg?resize=350%2C200","width":350,"height":200,"srcset":"https:\/\/i0.wp.com\/efagundes.com\/networking\/wp-content\/uploads\/sites\/5\/2015\/03\/Slide87.jpg?resize=350%2C200 1x, https:\/\/i0.wp.com\/efagundes.com\/networking\/wp-content\/uploads\/sites\/5\/2015\/03\/Slide87.jpg?resize=525%2C300 1.5x, https:\/\/i0.wp.com\/efagundes.com\/networking\/wp-content\/uploads\/sites\/5\/2015\/03\/Slide87.jpg?resize=700%2C400 2x"},"classes":[]},{"id":776,"url":"https:\/\/efagundes.com\/networking\/algoritmos-de-roteamento\/pacotes-reguladores-hop-a-hop\/","url_meta":{"origin":774,"position":3},"title":"Pacotes reguladores hop a hop","author":"Eduardo Fagundes","date":"18\/11\/2012","format":false,"excerpt":"Uma t\u00e9cnica de controle de congestionamento \u00e9 utilizar pacotes regulares. Segundo essa abordagem, o roteador enviar\u00e1 um pacote regulador ao host de origem informando o destino encontrado no pacote. O pacote original \u00e9 marcado para que ele n\u00e3o venha a gerar mais pacotes reguladores ao longo do caminho, e depois\u2026","rel":"","context":"Post similar","block_context":{"text":"Post similar","link":""},"img":{"alt_text":"","src":"https:\/\/i0.wp.com\/efagundes.com\/networking\/wp-content\/uploads\/sites\/5\/2015\/03\/Slide284.jpg?resize=350%2C200","width":350,"height":200,"srcset":"https:\/\/i0.wp.com\/efagundes.com\/networking\/wp-content\/uploads\/sites\/5\/2015\/03\/Slide284.jpg?resize=350%2C200 1x, https:\/\/i0.wp.com\/efagundes.com\/networking\/wp-content\/uploads\/sites\/5\/2015\/03\/Slide284.jpg?resize=525%2C300 1.5x, https:\/\/i0.wp.com\/efagundes.com\/networking\/wp-content\/uploads\/sites\/5\/2015\/03\/Slide284.jpg?resize=700%2C400 2x"},"classes":[]},{"id":758,"url":"https:\/\/efagundes.com\/networking\/algoritmos-de-roteamento\/roteamento-por-difusao\/","url_meta":{"origin":774,"position":4},"title":"Roteamento por difus\u00e3o","author":"Eduardo Fagundes","date":"18\/11\/2012","format":false,"excerpt":"Para algumas aplica\u00e7\u00f5es os hosts precisam enviar mensagens a muitos outros hosts. Um exemplo \u00e9 o servi\u00e7o de distribui\u00e7\u00e3o de relat\u00f3rios sobre o tempo, atualiza\u00e7\u00f5es do mercado de a\u00e7\u00f5es ou programas de r\u00e1dio ao vivo. O envio de um pacote a todos os destinos simultaneamente \u00e9 chamado difus\u00e3o (broadcasting). Um\u2026","rel":"","context":"Post similar","block_context":{"text":"Post similar","link":""},"img":{"alt_text":"","src":"https:\/\/i0.wp.com\/efagundes.com\/networking\/wp-content\/uploads\/sites\/5\/2015\/03\/Slide195.jpg?resize=350%2C200","width":350,"height":200,"srcset":"https:\/\/i0.wp.com\/efagundes.com\/networking\/wp-content\/uploads\/sites\/5\/2015\/03\/Slide195.jpg?resize=350%2C200 1x, https:\/\/i0.wp.com\/efagundes.com\/networking\/wp-content\/uploads\/sites\/5\/2015\/03\/Slide195.jpg?resize=525%2C300 1.5x, https:\/\/i0.wp.com\/efagundes.com\/networking\/wp-content\/uploads\/sites\/5\/2015\/03\/Slide195.jpg?resize=700%2C400 2x"},"classes":[]},{"id":797,"url":"https:\/\/efagundes.com\/networking\/algoritmos-de-roteamento\/troca-de-rotulos-e-mpls\/","url_meta":{"origin":774,"position":5},"title":"Troca de r\u00f3tulos e MPLS","author":"Eduardo Fagundes","date":"18\/11\/2012","format":false,"excerpt":"O primeiro problema do MPLS \u00e9 onde p\u00f4r o r\u00f3tulo. Tendo em vista que os pacotes IP n\u00e3o foram projetados para circuitos virtuais, n\u00e3o existe nenhum campo dispon\u00edvel para n\u00fameros de circuitos virtuais dentro do cabe\u00e7alho IP. Por essa raz\u00e3o, surgiu a necessidade de adicionar um novo cabe\u00e7alho MPLS antes\u2026","rel":"","context":"Post similar","block_context":{"text":"Post similar","link":""},"img":{"alt_text":"","src":"https:\/\/i0.wp.com\/efagundes.com\/networking\/wp-content\/uploads\/sites\/5\/2015\/03\/Slide392.jpg?resize=350%2C200","width":350,"height":200,"srcset":"https:\/\/i0.wp.com\/efagundes.com\/networking\/wp-content\/uploads\/sites\/5\/2015\/03\/Slide392.jpg?resize=350%2C200 1x, https:\/\/i0.wp.com\/efagundes.com\/networking\/wp-content\/uploads\/sites\/5\/2015\/03\/Slide392.jpg?resize=525%2C300 1.5x, https:\/\/i0.wp.com\/efagundes.com\/networking\/wp-content\/uploads\/sites\/5\/2015\/03\/Slide392.jpg?resize=700%2C400 2x"},"classes":[]}],"jetpack_sharing_enabled":true,"_links":{"self":[{"href":"https:\/\/efagundes.com\/networking\/wp-json\/wp\/v2\/pages\/774","targetHints":{"allow":["GET"]}}],"collection":[{"href":"https:\/\/efagundes.com\/networking\/wp-json\/wp\/v2\/pages"}],"about":[{"href":"https:\/\/efagundes.com\/networking\/wp-json\/wp\/v2\/types\/page"}],"author":[{"embeddable":true,"href":"https:\/\/efagundes.com\/networking\/wp-json\/wp\/v2\/users\/1"}],"replies":[{"embeddable":true,"href":"https:\/\/efagundes.com\/networking\/wp-json\/wp\/v2\/comments?post=774"}],"version-history":[{"count":0,"href":"https:\/\/efagundes.com\/networking\/wp-json\/wp\/v2\/pages\/774\/revisions"}],"up":[{"embeddable":true,"href":"https:\/\/efagundes.com\/networking\/wp-json\/wp\/v2\/pages\/741"}],"wp:attachment":[{"href":"https:\/\/efagundes.com\/networking\/wp-json\/wp\/v2\/media?parent=774"}],"curies":[{"name":"wp","href":"https:\/\/api.w.org\/{rel}","templated":true}]}}