{"id":776,"date":"2012-11-18T10:41:58","date_gmt":"2012-11-18T12:41:58","guid":{"rendered":"http:\/\/efagundes.com\/openclass_networking\/?page_id=776"},"modified":"2022-01-16T17:52:29","modified_gmt":"2022-01-16T20:52:29","slug":"pacotes-reguladores-hop-a-hop","status":"publish","type":"page","link":"https:\/\/efagundes.com\/networking\/algoritmos-de-roteamento\/pacotes-reguladores-hop-a-hop\/","title":{"rendered":"Pacotes reguladores hop a hop"},"content":{"rendered":"<p><img data-recalc-dims=\"1\" loading=\"lazy\" decoding=\"async\" class=\"alignnone\" src=\"https:\/\/i0.wp.com\/efagundes.com\/networking\/wp-content\/uploads\/sites\/5\/2015\/03\/Slide284.jpg?resize=960%2C720\" alt=\"\" width=\"960\" height=\"720\" \/><\/p>\n<p>Uma t\u00e9cnica de controle de congestionamento \u00e9 utilizar pacotes regulares. Segundo essa abordagem, o roteador enviar\u00e1 um pacote regulador ao host de origem informando o destino encontrado no pacote. O pacote original \u00e9 marcado para que ele n\u00e3o venha a gerar mais pacotes reguladores ao longo do caminho, e depois \u00e9 encaminhado da forma habitual.<\/p>\n<p>Ao receber o pacote regulador, o host de origem \u00e9 obrigado a reduzir em X% o tr\u00e1fego enviado ao destino especificado. O hosts podem reduzir o tr\u00e1fego ajustando seus par\u00e2metros de orienta\u00e7\u00e3o como, por exemplo, o tamanho de sua janela. Em geral, o primeiro pacote regulador faz a taxa de dados se reduzir a 0,50 de valor anterior, o seguinte causa uma redu\u00e7\u00e3o de 0,25, e assim por diante. Os aumentos s\u00e3o feitos em incrementos menores para impedir que voltem rapidamente a ocorrer congestionamentos.<\/p>\n<p>Em altas velocidades ou em longas dist\u00e2ncias, o envio de um pacote regulador para os hosts de origem n\u00e3o funciona bem porque a rea\u00e7\u00e3o \u00e9 muito lenta. A propaga\u00e7\u00e3o do regulador \u00e9 mostrada como\u00a0 na figura (a).<\/p>\n<p>Um abordagem alternativa \u00e9 fazer com que o pacote regulador tenha efeito a cada hop pelo qual passar, como a seq\u00fc\u00eancia da figura (b). O efeito l\u00edquido desse esquema hop a hop \u00e9 oferecer al\u00edvio r\u00e1pido no ponto de congestionamento, ao pre\u00e7o de aumentar o consumo de buffers do fluxo ascendente (upstream). Dessa maneira, o congestionamento pode ser cortado pela raiz sem perda de pacotes.<\/p>\n<p>&nbsp;<\/p>\n","protected":false},"excerpt":{"rendered":"<p>Uma t\u00e9cnica de controle de congestionamento \u00e9 utilizar pacotes regulares. Segundo essa abordagem, o roteador enviar\u00e1 um pacote regulador ao host de origem informando o destino encontrado no pacote. O pacote original \u00e9 marcado para que ele n\u00e3o venha a gerar mais pacotes reguladores ao longo do caminho, e depois \u00e9 encaminhado da forma habitual. [&hellip;]<\/p>\n","protected":false},"author":1,"featured_media":0,"parent":741,"menu_order":114,"comment_status":"closed","ping_status":"closed","template":"","meta":{"footnotes":""},"class_list":["post-776","page","type-page","status-publish","hentry"],"jetpack_shortlink":"https:\/\/wp.me\/P8yKGp-cw","jetpack-related-posts":[{"id":758,"url":"https:\/\/efagundes.com\/networking\/algoritmos-de-roteamento\/roteamento-por-difusao\/","url_meta":{"origin":776,"position":0},"title":"Roteamento por difus\u00e3o","author":"Eduardo Fagundes","date":"18\/11\/2012","format":false,"excerpt":"Para algumas aplica\u00e7\u00f5es os hosts precisam enviar mensagens a muitos outros hosts. Um exemplo \u00e9 o servi\u00e7o de distribui\u00e7\u00e3o de relat\u00f3rios sobre o tempo, atualiza\u00e7\u00f5es do mercado de a\u00e7\u00f5es ou programas de r\u00e1dio ao vivo. O envio de um pacote a todos os destinos simultaneamente \u00e9 chamado difus\u00e3o (broadcasting). Um\u2026","rel":"","context":"Post similar","block_context":{"text":"Post similar","link":""},"img":{"alt_text":"","src":"https:\/\/i0.wp.com\/efagundes.com\/networking\/wp-content\/uploads\/sites\/5\/2015\/03\/Slide195.jpg?resize=350%2C200","width":350,"height":200,"srcset":"https:\/\/i0.wp.com\/efagundes.com\/networking\/wp-content\/uploads\/sites\/5\/2015\/03\/Slide195.jpg?resize=350%2C200 1x, https:\/\/i0.wp.com\/efagundes.com\/networking\/wp-content\/uploads\/sites\/5\/2015\/03\/Slide195.jpg?resize=525%2C300 1.5x, https:\/\/i0.wp.com\/efagundes.com\/networking\/wp-content\/uploads\/sites\/5\/2015\/03\/Slide195.jpg?resize=700%2C400 2x"},"classes":[]},{"id":737,"url":"https:\/\/efagundes.com\/networking\/a-camada-de-rede\/implementacao-do-servico-orientado-a-conexoes\/","url_meta":{"origin":776,"position":1},"title":"Implementa\u00e7\u00e3o do servi\u00e7o orientado a conex\u00f5es","author":"Eduardo Fagundes","date":"18\/11\/2012","format":false,"excerpt":"A ideia por tr\u00e1s dos circuitos virtuais \u00e9 evitar a necessidade de escolher uma nova rota para cada pacote enviado, como nas conex\u00f5es sem conex\u00f5es. Nesse caso, quando uma conex\u00e3o \u00e9 estabelecida, escolhe-se uma rota desde a m\u00e1quina de origem at\u00e9 a m\u00e1quina de destino, como parte da configura\u00e7\u00e3o da\u2026","rel":"","context":"Post similar","block_context":{"text":"Post similar","link":""},"img":{"alt_text":"","src":"https:\/\/i0.wp.com\/efagundes.com\/networking\/wp-content\/uploads\/sites\/5\/2015\/03\/Slide87.jpg?resize=350%2C200","width":350,"height":200,"srcset":"https:\/\/i0.wp.com\/efagundes.com\/networking\/wp-content\/uploads\/sites\/5\/2015\/03\/Slide87.jpg?resize=350%2C200 1x, https:\/\/i0.wp.com\/efagundes.com\/networking\/wp-content\/uploads\/sites\/5\/2015\/03\/Slide87.jpg?resize=525%2C300 1.5x, https:\/\/i0.wp.com\/efagundes.com\/networking\/wp-content\/uploads\/sites\/5\/2015\/03\/Slide87.jpg?resize=700%2C400 2x"},"classes":[]},{"id":749,"url":"https:\/\/efagundes.com\/networking\/algoritmos-de-roteamento\/inundacao-flooding\/","url_meta":{"origin":776,"position":2},"title":"Inunda\u00e7\u00e3o (flooding)","author":"Eduardo Fagundes","date":"18\/11\/2012","format":false,"excerpt":"O algoritmo de inunda\u00e7\u00e3o (flooding) \u00e9 um algoritmo est\u00e1tico, no qual cada pacote de entrada \u00e9 enviado para todas as linhas de sa\u00edda, exceto para aquela que chegou. O algoritmo de inunda\u00e7\u00e3o gera uma vasta quantidade de pacotes duplicados, na verdade um n\u00famero infinito, a menos que algumas medidas sejam\u2026","rel":"","context":"Post similar","block_context":{"text":"Post similar","link":""},"img":{"alt_text":"","src":"https:\/\/i0.wp.com\/efagundes.com\/networking\/wp-content\/uploads\/sites\/5\/2015\/03\/Slide156.jpg?resize=350%2C200","width":350,"height":200,"srcset":"https:\/\/i0.wp.com\/efagundes.com\/networking\/wp-content\/uploads\/sites\/5\/2015\/03\/Slide156.jpg?resize=350%2C200 1x, https:\/\/i0.wp.com\/efagundes.com\/networking\/wp-content\/uploads\/sites\/5\/2015\/03\/Slide156.jpg?resize=525%2C300 1.5x, https:\/\/i0.wp.com\/efagundes.com\/networking\/wp-content\/uploads\/sites\/5\/2015\/03\/Slide156.jpg?resize=700%2C400 2x"},"classes":[]},{"id":630,"url":"https:\/\/efagundes.com\/networking\/subcamada-de-acesso-ao-meio\/slotted-aloha\/","url_meta":{"origin":776,"position":3},"title":"Slotted ALOHA","author":"Eduardo Fagundes","date":"17\/11\/2012","format":false,"excerpt":"O protocolo Slloted Aloha \u00e9 um protocolo de conten\u00e7\u00e3o onde a largura de faixa do canal \u00e9 uma stream cont\u00ednua dos slots cujo o comprimento \u00e9 o tempo necess\u00e1rio transmitir um pacote. Uma esta\u00e7\u00e3o transmissora transmitir\u00e1 um pacote no limite dispon\u00edvel do slot. Caso ocorra uma colis\u00e3o, cada esta\u00e7\u00e3o envolvida\u2026","rel":"","context":"Post similar","block_context":{"text":"Post similar","link":""},"img":{"alt_text":"","src":"https:\/\/i0.wp.com\/efagundes.com\/networking\/wp-content\/uploads\/sites\/5\/2015\/03\/Slide293.jpg?resize=350%2C200","width":350,"height":200,"srcset":"https:\/\/i0.wp.com\/efagundes.com\/networking\/wp-content\/uploads\/sites\/5\/2015\/03\/Slide293.jpg?resize=350%2C200 1x, https:\/\/i0.wp.com\/efagundes.com\/networking\/wp-content\/uploads\/sites\/5\/2015\/03\/Slide293.jpg?resize=525%2C300 1.5x, https:\/\/i0.wp.com\/efagundes.com\/networking\/wp-content\/uploads\/sites\/5\/2015\/03\/Slide293.jpg?resize=700%2C400 2x"},"classes":[]},{"id":793,"url":"https:\/\/efagundes.com\/networking\/algoritmos-de-roteamento\/servicos-diferenciados-diffserv\/","url_meta":{"origin":776,"position":4},"title":"Servi\u00e7os diferenciados (Diffserv)","author":"Eduardo Fagundes","date":"18\/11\/2012","format":false,"excerpt":"A Internet atual atende requisi\u00e7\u00f5es de aplica\u00e7\u00f5es e as encaminha num esquema de servi\u00e7o best-effort. Neste contexto, o IETF (Internet Engineering Task Force) vem realizando esfor\u00e7os no sentido de padronizar mecanismos e arquiteturas que conduzam ao oferecimento de um n\u00edvel diferenciado de servi\u00e7os na Internet. \u00c9 neste cen\u00e1rio que surgem\u2026","rel":"","context":"Post similar","block_context":{"text":"Post similar","link":""},"img":{"alt_text":"","src":"https:\/\/i0.wp.com\/efagundes.com\/networking\/wp-content\/uploads\/sites\/5\/2015\/03\/Slide362.jpg?resize=350%2C200","width":350,"height":200,"srcset":"https:\/\/i0.wp.com\/efagundes.com\/networking\/wp-content\/uploads\/sites\/5\/2015\/03\/Slide362.jpg?resize=350%2C200 1x, https:\/\/i0.wp.com\/efagundes.com\/networking\/wp-content\/uploads\/sites\/5\/2015\/03\/Slide362.jpg?resize=525%2C300 1.5x, https:\/\/i0.wp.com\/efagundes.com\/networking\/wp-content\/uploads\/sites\/5\/2015\/03\/Slide362.jpg?resize=700%2C400 2x"},"classes":[]},{"id":628,"url":"https:\/\/efagundes.com\/networking\/subcamada-de-acesso-ao-meio\/protocolo-aloha\/","url_meta":{"origin":776,"position":5},"title":"Protocolo ALOHA","author":"Eduardo Fagundes","date":"17\/11\/2012","format":false,"excerpt":"O Protocolo que deu origem ao 802.3 \u00e9 conhecido como ALOHA (palavra havaiana que significa \"hello\"). O ALOHA permite que qualquer computador transmita em um dado momento, mas estabelece que cada computador deve adicionar um checksum no fim de sua transmiss\u00e3o para permitir que o(s) receptores(s) identifiquem se o frame\u2026","rel":"","context":"Post similar","block_context":{"text":"Post similar","link":""},"img":{"alt_text":"","src":"https:\/\/i0.wp.com\/efagundes.com\/networking\/wp-content\/uploads\/sites\/5\/2015\/03\/Slide283.jpg?resize=350%2C200","width":350,"height":200,"srcset":"https:\/\/i0.wp.com\/efagundes.com\/networking\/wp-content\/uploads\/sites\/5\/2015\/03\/Slide283.jpg?resize=350%2C200 1x, https:\/\/i0.wp.com\/efagundes.com\/networking\/wp-content\/uploads\/sites\/5\/2015\/03\/Slide283.jpg?resize=525%2C300 1.5x, https:\/\/i0.wp.com\/efagundes.com\/networking\/wp-content\/uploads\/sites\/5\/2015\/03\/Slide283.jpg?resize=700%2C400 2x"},"classes":[]}],"jetpack_sharing_enabled":true,"_links":{"self":[{"href":"https:\/\/efagundes.com\/networking\/wp-json\/wp\/v2\/pages\/776","targetHints":{"allow":["GET"]}}],"collection":[{"href":"https:\/\/efagundes.com\/networking\/wp-json\/wp\/v2\/pages"}],"about":[{"href":"https:\/\/efagundes.com\/networking\/wp-json\/wp\/v2\/types\/page"}],"author":[{"embeddable":true,"href":"https:\/\/efagundes.com\/networking\/wp-json\/wp\/v2\/users\/1"}],"replies":[{"embeddable":true,"href":"https:\/\/efagundes.com\/networking\/wp-json\/wp\/v2\/comments?post=776"}],"version-history":[{"count":0,"href":"https:\/\/efagundes.com\/networking\/wp-json\/wp\/v2\/pages\/776\/revisions"}],"up":[{"embeddable":true,"href":"https:\/\/efagundes.com\/networking\/wp-json\/wp\/v2\/pages\/741"}],"wp:attachment":[{"href":"https:\/\/efagundes.com\/networking\/wp-json\/wp\/v2\/media?parent=776"}],"curies":[{"name":"wp","href":"https:\/\/api.w.org\/{rel}","templated":true}]}}