{"id":778,"date":"2012-11-18T10:43:28","date_gmt":"2012-11-18T12:43:28","guid":{"rendered":"http:\/\/efagundes.com\/openclass_networking\/?page_id=778"},"modified":"2022-01-16T17:52:29","modified_gmt":"2022-01-16T20:52:29","slug":"controle-de-flutuacao-jitter-control","status":"publish","type":"page","link":"https:\/\/efagundes.com\/networking\/algoritmos-de-roteamento\/controle-de-flutuacao-jitter-control\/","title":{"rendered":"Controle de flutua\u00e7\u00e3o (Jitter Control)"},"content":{"rendered":"<p><img data-recalc-dims=\"1\" loading=\"lazy\" decoding=\"async\" class=\"alignnone\" src=\"https:\/\/i0.wp.com\/efagundes.com\/networking\/wp-content\/uploads\/sites\/5\/2015\/03\/Slide294.jpg?resize=960%2C720\" alt=\"\" width=\"960\" height=\"720\" \/><\/p>\n<p>Para aplica\u00e7\u00f5es como a transmiss\u00e3o de \u00e1udio e v\u00eddeo, n\u00e3o importa muito se os pacotes demoram 20 ms ou 30 ms para serem entregues, o importante \u00e9 que o tempo em tr\u00e2nsito seja constante. A varia\u00e7\u00e3o (isto \u00e9, o desvio padr\u00e3o) nos tempos de chegada de pacotes \u00e9 chamada flutua\u00e7\u00e3o (jitter). Por exemplo, uma flutua\u00e7\u00e3o elevada, na qual alguns pacotes demoram 20 ms e outros demoram 30 ms para chegar, resultar\u00e1 em uma qualidade irregular do som ou do filme. A flutua\u00e7\u00e3o est\u00e1 ilustrada na figura acima. Em\u00a0contraste\u00a0 um acordo em que 99% dos pacotes fossem entregues com um retardo no intervalo de 24,5 ms a 25,5 ms poderia ser aceit\u00e1vel.<\/p>\n<p>\u00c9 claro que o valor m\u00e9dio escolhido deve ser vi\u00e1vel. Ele deve levar em conta o tempo de tr\u00e2nsito na velocidade da luz e o retardo m\u00ednimo na passagem pelos roteadores, e talvez deixar uma pequena folga para alguns retardos inevit\u00e1veis.<\/p>\n<p>&nbsp;<\/p>\n","protected":false},"excerpt":{"rendered":"<p>Para aplica\u00e7\u00f5es como a transmiss\u00e3o de \u00e1udio e v\u00eddeo, n\u00e3o importa muito se os pacotes demoram 20 ms ou 30 ms para serem entregues, o importante \u00e9 que o tempo em tr\u00e2nsito seja constante. A varia\u00e7\u00e3o (isto \u00e9, o desvio padr\u00e3o) nos tempos de chegada de pacotes \u00e9 chamada flutua\u00e7\u00e3o (jitter). Por exemplo, uma flutua\u00e7\u00e3o [&hellip;]<\/p>\n","protected":false},"author":1,"featured_media":0,"parent":741,"menu_order":115,"comment_status":"closed","ping_status":"closed","template":"","meta":{"footnotes":""},"class_list":["post-778","page","type-page","status-publish","hentry"],"jetpack_shortlink":"https:\/\/wp.me\/P8yKGp-cy","jetpack-related-posts":[{"id":783,"url":"https:\/\/efagundes.com\/networking\/algoritmos-de-roteamento\/requisitos\/","url_meta":{"origin":778,"position":0},"title":"Requisitos","author":"Eduardo Fagundes","date":"18\/11\/2012","format":false,"excerpt":"Uma sequ\u00eancia de pacotes desde uma origem at\u00e9 um destino \u00e9 chamada fluxo. Em uma rede orientada a conex\u00f5es, todos os pacotes que pertencem a um fluxo seguem a mesma rota; em uma rede sem conex\u00f5es, eles podem seguir rotas diferentes. Simplificando, as necessidade de cada fluxo podem ser caracterizadas\u2026","rel":"","context":"Post similar","block_context":{"text":"Post similar","link":""},"img":{"alt_text":"","src":"https:\/\/i0.wp.com\/efagundes.com\/networking\/wp-content\/uploads\/sites\/5\/2015\/03\/Slide315.jpg?resize=350%2C200","width":350,"height":200,"srcset":"https:\/\/i0.wp.com\/efagundes.com\/networking\/wp-content\/uploads\/sites\/5\/2015\/03\/Slide315.jpg?resize=350%2C200 1x, https:\/\/i0.wp.com\/efagundes.com\/networking\/wp-content\/uploads\/sites\/5\/2015\/03\/Slide315.jpg?resize=525%2C300 1.5x, https:\/\/i0.wp.com\/efagundes.com\/networking\/wp-content\/uploads\/sites\/5\/2015\/03\/Slide315.jpg?resize=700%2C400 2x"},"classes":[]},{"id":785,"url":"https:\/\/efagundes.com\/networking\/algoritmos-de-roteamento\/tecnicas-para-se-alcancar-boa-qualidade-de-servico-buffering\/","url_meta":{"origin":778,"position":1},"title":"T\u00e9cnicas para se alcan\u00e7ar boa qualidade de servi\u00e7o buffering","author":"Eduardo Fagundes","date":"18\/11\/2012","format":false,"excerpt":"Uma das t\u00e9cnicas para se alcan\u00e7ar boa qualidade de servi\u00e7o \u00e9 o armazenamento em buffers. Os fluxos podem ser armazenados em buffers no lado receptor, antes de serem entregues. O armazenamento dos fluxos em buffers n\u00e3o afeta a confiabilidade ou a largura de banda e aumenta o retardo, mas, por\u2026","rel":"","context":"Post similar","block_context":{"text":"Post similar","link":""},"img":{"alt_text":"","src":"https:\/\/i0.wp.com\/efagundes.com\/networking\/wp-content\/uploads\/sites\/5\/2015\/03\/Slide324.jpg?resize=350%2C200","width":350,"height":200,"srcset":"https:\/\/i0.wp.com\/efagundes.com\/networking\/wp-content\/uploads\/sites\/5\/2015\/03\/Slide324.jpg?resize=350%2C200 1x, https:\/\/i0.wp.com\/efagundes.com\/networking\/wp-content\/uploads\/sites\/5\/2015\/03\/Slide324.jpg?resize=525%2C300 1.5x, https:\/\/i0.wp.com\/efagundes.com\/networking\/wp-content\/uploads\/sites\/5\/2015\/03\/Slide324.jpg?resize=700%2C400 2x"},"classes":[]},{"id":751,"url":"https:\/\/efagundes.com\/networking\/algoritmos-de-roteamento\/roteamento-com-vetor-distancia\/","url_meta":{"origin":778,"position":2},"title":"Roteamento com vetor dist\u00e2ncia","author":"Eduardo Fagundes","date":"18\/11\/2012","format":false,"excerpt":"Os algoritmos de roteamento com vetor de dist\u00e2ncia operam fazendo cada roteador manter uma tabela (isto \u00e9,\u00a0 um vetor) que fornece a melhor dist\u00e2ncia conhecida at\u00e9 cada destino e determina qual linha deve ser utilizada para se chegar l\u00e1. Essas tabelas s\u00e3o atualizadas atrav\u00e9s da troca de informa\u00e7\u00f5es com os\u2026","rel":"","context":"Post similar","block_context":{"text":"Post similar","link":""},"img":{"alt_text":"","src":"https:\/\/i0.wp.com\/efagundes.com\/networking\/wp-content\/uploads\/sites\/5\/2015\/03\/Slide166.jpg?resize=350%2C200","width":350,"height":200,"srcset":"https:\/\/i0.wp.com\/efagundes.com\/networking\/wp-content\/uploads\/sites\/5\/2015\/03\/Slide166.jpg?resize=350%2C200 1x, https:\/\/i0.wp.com\/efagundes.com\/networking\/wp-content\/uploads\/sites\/5\/2015\/03\/Slide166.jpg?resize=525%2C300 1.5x, https:\/\/i0.wp.com\/efagundes.com\/networking\/wp-content\/uploads\/sites\/5\/2015\/03\/Slide166.jpg?resize=700%2C400 2x"},"classes":[]},{"id":610,"url":"https:\/\/efagundes.com\/networking\/exemplos-de-protocolos\/ppp-point-to-point-protocol\/","url_meta":{"origin":778,"position":3},"title":"PPP &#8211; Point-to-Point Protocol (I)","author":"Eduardo Fagundes","date":"17\/11\/2012","format":false,"excerpt":"O Point-to-Point Protocol (PPP) \u00e9 um protocolo para transmiss\u00e3o de pacotes atrav\u00e9s de linhas seriais. O protocolo PPP suporta linhas s\u00edncronas e ass\u00edncronas. Normalmente ele tem sido utilizado para a transmiss\u00e3o de pacotes IP na Internet. O PPP \u00e9 projetado para transportar pacotes atrav\u00e9s de uma conex\u00e3o entre dois pontos.\u2026","rel":"","context":"Post similar","block_context":{"text":"Post similar","link":""},"img":{"alt_text":"","src":"https:\/\/i0.wp.com\/efagundes.com\/networking\/wp-content\/uploads\/sites\/5\/2015\/03\/Slide219.jpg?resize=350%2C200","width":350,"height":200,"srcset":"https:\/\/i0.wp.com\/efagundes.com\/networking\/wp-content\/uploads\/sites\/5\/2015\/03\/Slide219.jpg?resize=350%2C200 1x, https:\/\/i0.wp.com\/efagundes.com\/networking\/wp-content\/uploads\/sites\/5\/2015\/03\/Slide219.jpg?resize=525%2C300 1.5x, https:\/\/i0.wp.com\/efagundes.com\/networking\/wp-content\/uploads\/sites\/5\/2015\/03\/Slide219.jpg?resize=700%2C400 2x"},"classes":[]},{"id":768,"url":"https:\/\/efagundes.com\/networking\/algoritmos-de-roteamento\/congestionamento\/","url_meta":{"origin":778,"position":4},"title":"Congestionamento","author":"Eduardo Fagundes","date":"18\/11\/2012","format":false,"excerpt":"O congestionamento ocorre em uma sub-rede quando existem pacotes demais trafegando, ocasionando uma redu\u00e7\u00e3o do desempenho da rede. Quando o n\u00famero de pacotes depositados na sub-rede pelos hosts est\u00e1 dentro de sua capacidade de transporte, eles s\u00e3o todos entregues. Entretanto, quando o tr\u00e1fego aumenta muito, os roteadores j\u00e1 n\u00e3o s\u00e3o\u2026","rel":"","context":"Post similar","block_context":{"text":"Post similar","link":""},"img":{"alt_text":"","src":"https:\/\/i0.wp.com\/efagundes.com\/networking\/wp-content\/uploads\/sites\/5\/2015\/03\/Slide245.jpg?resize=350%2C200","width":350,"height":200,"srcset":"https:\/\/i0.wp.com\/efagundes.com\/networking\/wp-content\/uploads\/sites\/5\/2015\/03\/Slide245.jpg?resize=350%2C200 1x, https:\/\/i0.wp.com\/efagundes.com\/networking\/wp-content\/uploads\/sites\/5\/2015\/03\/Slide245.jpg?resize=525%2C300 1.5x, https:\/\/i0.wp.com\/efagundes.com\/networking\/wp-content\/uploads\/sites\/5\/2015\/03\/Slide245.jpg?resize=700%2C400 2x"},"classes":[]},{"id":507,"url":"https:\/\/efagundes.com\/networking\/comutacao\/comutacao-de-circuitos\/","url_meta":{"origin":778,"position":5},"title":"Comuta\u00e7\u00e3o de circuitos","author":"Eduardo Fagundes","date":"17\/11\/2012","format":false,"excerpt":"\u00a0 Quando voc\u00ea ou seu computador efetua uma chamada telef\u00f4nica, o equipamento de comuta\u00e7\u00e3o do sistema telef\u00f4nico procura um caminha f\u00edsico desde o seu telefone at\u00e9 o telefone do receptor. Essa t\u00e9cnica, chamada comuta\u00e7\u00e3o de circuitos, \u00e9 apresentada na figura (a). Esse dispositivo foi inventado por um agente funer\u00e1rio do\u2026","rel":"","context":"Post similar","block_context":{"text":"Post similar","link":""},"img":{"alt_text":"Slide14","src":"https:\/\/i0.wp.com\/efagundes.com\/networking\/wp-content\/uploads\/sites\/5\/2015\/03\/Slide145.jpg?resize=350%2C200","width":350,"height":200,"srcset":"https:\/\/i0.wp.com\/efagundes.com\/networking\/wp-content\/uploads\/sites\/5\/2015\/03\/Slide145.jpg?resize=350%2C200 1x, https:\/\/i0.wp.com\/efagundes.com\/networking\/wp-content\/uploads\/sites\/5\/2015\/03\/Slide145.jpg?resize=525%2C300 1.5x, https:\/\/i0.wp.com\/efagundes.com\/networking\/wp-content\/uploads\/sites\/5\/2015\/03\/Slide145.jpg?resize=700%2C400 2x"},"classes":[]}],"jetpack_sharing_enabled":true,"_links":{"self":[{"href":"https:\/\/efagundes.com\/networking\/wp-json\/wp\/v2\/pages\/778","targetHints":{"allow":["GET"]}}],"collection":[{"href":"https:\/\/efagundes.com\/networking\/wp-json\/wp\/v2\/pages"}],"about":[{"href":"https:\/\/efagundes.com\/networking\/wp-json\/wp\/v2\/types\/page"}],"author":[{"embeddable":true,"href":"https:\/\/efagundes.com\/networking\/wp-json\/wp\/v2\/users\/1"}],"replies":[{"embeddable":true,"href":"https:\/\/efagundes.com\/networking\/wp-json\/wp\/v2\/comments?post=778"}],"version-history":[{"count":0,"href":"https:\/\/efagundes.com\/networking\/wp-json\/wp\/v2\/pages\/778\/revisions"}],"up":[{"embeddable":true,"href":"https:\/\/efagundes.com\/networking\/wp-json\/wp\/v2\/pages\/741"}],"wp:attachment":[{"href":"https:\/\/efagundes.com\/networking\/wp-json\/wp\/v2\/media?parent=778"}],"curies":[{"name":"wp","href":"https:\/\/api.w.org\/{rel}","templated":true}]}}