{"id":780,"date":"2012-11-18T10:44:55","date_gmt":"2012-11-18T12:44:55","guid":{"rendered":"http:\/\/efagundes.com\/openclass_networking\/?page_id=780"},"modified":"2022-01-16T17:52:30","modified_gmt":"2022-01-16T20:52:30","slug":"qualidade-de-servico-quality-of-service","status":"publish","type":"page","link":"https:\/\/efagundes.com\/networking\/algoritmos-de-roteamento\/qualidade-de-servico-quality-of-service\/","title":{"rendered":"Qualidade de Servi\u00e7o (Quality of Service)"},"content":{"rendered":"<p><img data-recalc-dims=\"1\" loading=\"lazy\" decoding=\"async\" class=\"alignnone\" src=\"https:\/\/i0.wp.com\/efagundes.com\/networking\/wp-content\/uploads\/sites\/5\/2015\/03\/Slide304.jpg?resize=960%2C720\" alt=\"\" width=\"960\" height=\"720\" \/><\/p>\n<p>Para que uma aplica\u00e7\u00e3o que opere atrav\u00e9s de uma rede de computadores (voz, multim\u00eddia, v\u00eddeo confer\u00eancia, etc.) tenha uma performance satisfat\u00f3ria para atender os requisitos pr\u00e9-determinados \u00e9 importante aplicar tecnologias que garantam o tr\u00e1fego satisfat\u00f3rio e confi\u00e1vel dos dados. Esse \u00e9 o princ\u00edpio b\u00e1sico do QoS (Quality of Servi\u00e7o) ou, qualidade de servi\u00e7o.<\/p>\n<p>Ainda que o conceito de QoS seja vago, ele pode ser definido por um n\u00famero espec\u00edfico de par\u00e2metros. O servi\u00e7o de transporte pode permitir ao usu\u00e1rio determinar os valores preferenciais, os valores aceit\u00e1veis e os valores m\u00ednimos para v\u00e1rios par\u00e2metros de servi\u00e7o no momento em que uma conex\u00e3o \u00e9 estabelecida.<\/p>\n<p>Os par\u00e2metros t\u00edpicos para a qualidade de servi\u00e7o da camada de transporte s\u00e3o resumido em:<\/p>\n<ul>\n<li>Retardo no estabelecimento da conex\u00e3o. Definido como o tempo transcorrido entre a solicita\u00e7\u00e3o de uma conex\u00e3o de transporte e o recebimento de sua confirma\u00e7\u00e3o pelo usu\u00e1rio do servi\u00e7o de transporte.<\/li>\n<li>Probabilidade de falha no estabelecimento da conex\u00e3o. Definido como a possibilidade de um conex\u00e3o n\u00e3o se estabelecer dentro de um per\u00edodo m\u00e1ximo estabelecido devido a, por exemplo, um congestionamento na rede.<\/li>\n<li>Throughput. Esse par\u00e2metro calcula o n\u00famero de bytes do usu\u00e1rio transmitidos por segundo durante um determinado intervalo de tempo. O throughput \u00e9 medido separadamente para cada dire\u00e7\u00e3o.<\/li>\n<li>Taxa de erros residuais. Esse par\u00e2metro calcula o n\u00famero de mensagens perdidas ou corrompidas em uma porcentagem do total enviado.<\/li>\n<li>Prote\u00e7\u00e3o. Esse par\u00e2metro oferece uma forma de o usu\u00e1rio de transporte especificar seu interesse no fato de a camada de transporte fornecer prote\u00e7\u00e3o contra a leitura, ou a modifica\u00e7\u00e3o, de dados por parte de terceiros.<\/li>\n<li>Prioridade. Esse par\u00e2metro indica que algumas conex\u00f5es s\u00e3o mais importantes que outras e, em caso de congestionamento, garantir que as conex\u00f5es de maior prioridade sejam atendidas.<\/li>\n<li>Resili\u00eancia. Esse par\u00e2metro oferece \u00e0 camada de transporte \u00e0 probabilidade de finalizar uma conex\u00e3o espontaneamente devido a problemas internos ou a congestionamento.<\/li>\n<\/ul>\n<p>&nbsp;<\/p>\n","protected":false},"excerpt":{"rendered":"<p>Para que uma aplica\u00e7\u00e3o que opere atrav\u00e9s de uma rede de computadores (voz, multim\u00eddia, v\u00eddeo confer\u00eancia, etc.) tenha uma performance satisfat\u00f3ria para atender os requisitos pr\u00e9-determinados \u00e9 importante aplicar tecnologias que garantam o tr\u00e1fego satisfat\u00f3rio e confi\u00e1vel dos dados. Esse \u00e9 o princ\u00edpio b\u00e1sico do QoS (Quality of Servi\u00e7o) ou, qualidade de servi\u00e7o. Ainda que [&hellip;]<\/p>\n","protected":false},"author":1,"featured_media":0,"parent":741,"menu_order":116,"comment_status":"closed","ping_status":"closed","template":"","meta":{"footnotes":""},"class_list":["post-780","page","type-page","status-publish","hentry"],"jetpack_shortlink":"https:\/\/wp.me\/P8yKGp-cA","jetpack-related-posts":[{"id":723,"url":"https:\/\/efagundes.com\/networking\/a-camada-de-rede\/a-camada-de-rede-2\/","url_meta":{"origin":780,"position":0},"title":"A Camada de Rede (I)","author":"Eduardo Fagundes","date":"18\/11\/2012","format":false,"excerpt":"O servi\u00e7o de rede prov\u00ea a transfer\u00eancia transparente de dados entre usu\u00e1rios da camada de rede. Ele torna invis\u00edvel a estes usu\u00e1rios quaisquer aspectos inerentes ao modo como os recursos de comunica\u00e7\u00e3o dispon\u00edveis s\u00e3o utilizados para conseguir esta transpar\u00eancia. O servi\u00e7o de rede pode ser provido mediante o uso de\u2026","rel":"","context":"Post similar","block_context":{"text":"Post similar","link":""},"img":{"alt_text":"","src":"https:\/\/i0.wp.com\/efagundes.com\/networking\/wp-content\/uploads\/sites\/5\/2015\/03\/Slide220.jpg?resize=350%2C200","width":350,"height":200,"srcset":"https:\/\/i0.wp.com\/efagundes.com\/networking\/wp-content\/uploads\/sites\/5\/2015\/03\/Slide220.jpg?resize=350%2C200 1x, https:\/\/i0.wp.com\/efagundes.com\/networking\/wp-content\/uploads\/sites\/5\/2015\/03\/Slide220.jpg?resize=525%2C300 1.5x, https:\/\/i0.wp.com\/efagundes.com\/networking\/wp-content\/uploads\/sites\/5\/2015\/03\/Slide220.jpg?resize=700%2C400 2x"},"classes":[]},{"id":733,"url":"https:\/\/efagundes.com\/networking\/a-camada-de-rede\/servicos-oferecidos-a-camada-de-transporte\/","url_meta":{"origin":780,"position":1},"title":"Servi\u00e7os oferecidos \u00e0 camada de transporte","author":"Eduardo Fagundes","date":"18\/11\/2012","format":false,"excerpt":"Tendo definido os objetivos da camada de rede, os projetistas da camada de rede t\u00eam liberdade para escrever especifica\u00e7\u00f5es detalhadas dos servi\u00e7os a serem oferecidos \u00e0 camada de transporte. Uma discuss\u00e3o acad\u00eamica \u00e9 se a camada de rede deve fornecer servi\u00e7o orientado a conex\u00f5es ou servi\u00e7o sem conex\u00f5es. Um lado,\u2026","rel":"","context":"Post similar","block_context":{"text":"Post similar","link":""},"img":{"alt_text":"","src":"https:\/\/i0.wp.com\/efagundes.com\/networking\/wp-content\/uploads\/sites\/5\/2015\/03\/Slide77.jpg?resize=350%2C200","width":350,"height":200,"srcset":"https:\/\/i0.wp.com\/efagundes.com\/networking\/wp-content\/uploads\/sites\/5\/2015\/03\/Slide77.jpg?resize=350%2C200 1x, https:\/\/i0.wp.com\/efagundes.com\/networking\/wp-content\/uploads\/sites\/5\/2015\/03\/Slide77.jpg?resize=525%2C300 1.5x, https:\/\/i0.wp.com\/efagundes.com\/networking\/wp-content\/uploads\/sites\/5\/2015\/03\/Slide77.jpg?resize=700%2C400 2x"},"classes":[]},{"id":163,"url":"https:\/\/efagundes.com\/networking\/redes-geograficamente-distribuidas\/asynchronous-transfer-mode-atm\/","url_meta":{"origin":780,"position":2},"title":"Asynchronous Transfer Mode (ATM)","author":"Eduardo Fagundes","date":"16\/11\/2012","format":false,"excerpt":"O ATM (Asynchronous Transfer Mode) \u00e9 uma tecnologia de rede tanto para redes locais como para redes geograficamente distribu\u00eddas (LANs e WANs) que suporta voz em tempo real, bem como v\u00eddeo e dados. A topologia usa comutadores que estabelecem um circuito l\u00f3gico fim-a-fim que garante a qualidade de servi\u00e7o na\u2026","rel":"","context":"Post similar","block_context":{"text":"Post similar","link":""},"img":{"alt_text":"","src":"https:\/\/i0.wp.com\/efagundes.com.br\/networking\/wp-content\/uploads\/sites\/7\/2012\/11\/Slide101.jpg?resize=350%2C200","width":350,"height":200,"srcset":"https:\/\/i0.wp.com\/efagundes.com.br\/networking\/wp-content\/uploads\/sites\/7\/2012\/11\/Slide101.jpg?resize=350%2C200 1x, https:\/\/i0.wp.com\/efagundes.com.br\/networking\/wp-content\/uploads\/sites\/7\/2012\/11\/Slide101.jpg?resize=525%2C300 1.5x"},"classes":[]},{"id":793,"url":"https:\/\/efagundes.com\/networking\/algoritmos-de-roteamento\/servicos-diferenciados-diffserv\/","url_meta":{"origin":780,"position":3},"title":"Servi\u00e7os diferenciados (Diffserv)","author":"Eduardo Fagundes","date":"18\/11\/2012","format":false,"excerpt":"A Internet atual atende requisi\u00e7\u00f5es de aplica\u00e7\u00f5es e as encaminha num esquema de servi\u00e7o best-effort. Neste contexto, o IETF (Internet Engineering Task Force) vem realizando esfor\u00e7os no sentido de padronizar mecanismos e arquiteturas que conduzam ao oferecimento de um n\u00edvel diferenciado de servi\u00e7os na Internet. \u00c9 neste cen\u00e1rio que surgem\u2026","rel":"","context":"Post similar","block_context":{"text":"Post similar","link":""},"img":{"alt_text":"","src":"https:\/\/i0.wp.com\/efagundes.com\/networking\/wp-content\/uploads\/sites\/5\/2015\/03\/Slide362.jpg?resize=350%2C200","width":350,"height":200,"srcset":"https:\/\/i0.wp.com\/efagundes.com\/networking\/wp-content\/uploads\/sites\/5\/2015\/03\/Slide362.jpg?resize=350%2C200 1x, https:\/\/i0.wp.com\/efagundes.com\/networking\/wp-content\/uploads\/sites\/5\/2015\/03\/Slide362.jpg?resize=525%2C300 1.5x, https:\/\/i0.wp.com\/efagundes.com\/networking\/wp-content\/uploads\/sites\/5\/2015\/03\/Slide362.jpg?resize=700%2C400 2x"},"classes":[]},{"id":787,"url":"https:\/\/efagundes.com\/networking\/algoritmos-de-roteamento\/tecnicas-para-se-alcancar-boa-qualidade-de-servico-algoritmo-do-balde-furado\/","url_meta":{"origin":780,"position":4},"title":"T\u00e9cnicas para se alcan\u00e7ar boa qualidade de servi\u00e7o: algoritmo do balde furado","author":"Eduardo Fagundes","date":"18\/11\/2012","format":false,"excerpt":"Outra t\u00e9cnica para alcan\u00e7ar boa qualidade de servi\u00e7o \u00e9 o algoritmo do balde furado. Imagine um balde com um pequeno furo no fundo, como ilustra a figura (a) acima. Independente da velocidade com que a \u00e1gua entra no balde, o fluxo de sa\u00edda ocorrer\u00e1 em uma taxa constante, \u03c1, quando\u2026","rel":"","context":"Post similar","block_context":{"text":"Post similar","link":""},"img":{"alt_text":"","src":"https:\/\/i0.wp.com\/efagundes.com\/networking\/wp-content\/uploads\/sites\/5\/2015\/03\/Slide333.jpg?resize=350%2C200","width":350,"height":200,"srcset":"https:\/\/i0.wp.com\/efagundes.com\/networking\/wp-content\/uploads\/sites\/5\/2015\/03\/Slide333.jpg?resize=350%2C200 1x, https:\/\/i0.wp.com\/efagundes.com\/networking\/wp-content\/uploads\/sites\/5\/2015\/03\/Slide333.jpg?resize=525%2C300 1.5x, https:\/\/i0.wp.com\/efagundes.com\/networking\/wp-content\/uploads\/sites\/5\/2015\/03\/Slide333.jpg?resize=700%2C400 2x"},"classes":[]},{"id":785,"url":"https:\/\/efagundes.com\/networking\/algoritmos-de-roteamento\/tecnicas-para-se-alcancar-boa-qualidade-de-servico-buffering\/","url_meta":{"origin":780,"position":5},"title":"T\u00e9cnicas para se alcan\u00e7ar boa qualidade de servi\u00e7o buffering","author":"Eduardo Fagundes","date":"18\/11\/2012","format":false,"excerpt":"Uma das t\u00e9cnicas para se alcan\u00e7ar boa qualidade de servi\u00e7o \u00e9 o armazenamento em buffers. Os fluxos podem ser armazenados em buffers no lado receptor, antes de serem entregues. O armazenamento dos fluxos em buffers n\u00e3o afeta a confiabilidade ou a largura de banda e aumenta o retardo, mas, por\u2026","rel":"","context":"Post similar","block_context":{"text":"Post similar","link":""},"img":{"alt_text":"","src":"https:\/\/i0.wp.com\/efagundes.com\/networking\/wp-content\/uploads\/sites\/5\/2015\/03\/Slide324.jpg?resize=350%2C200","width":350,"height":200,"srcset":"https:\/\/i0.wp.com\/efagundes.com\/networking\/wp-content\/uploads\/sites\/5\/2015\/03\/Slide324.jpg?resize=350%2C200 1x, https:\/\/i0.wp.com\/efagundes.com\/networking\/wp-content\/uploads\/sites\/5\/2015\/03\/Slide324.jpg?resize=525%2C300 1.5x, https:\/\/i0.wp.com\/efagundes.com\/networking\/wp-content\/uploads\/sites\/5\/2015\/03\/Slide324.jpg?resize=700%2C400 2x"},"classes":[]}],"jetpack_sharing_enabled":true,"_links":{"self":[{"href":"https:\/\/efagundes.com\/networking\/wp-json\/wp\/v2\/pages\/780","targetHints":{"allow":["GET"]}}],"collection":[{"href":"https:\/\/efagundes.com\/networking\/wp-json\/wp\/v2\/pages"}],"about":[{"href":"https:\/\/efagundes.com\/networking\/wp-json\/wp\/v2\/types\/page"}],"author":[{"embeddable":true,"href":"https:\/\/efagundes.com\/networking\/wp-json\/wp\/v2\/users\/1"}],"replies":[{"embeddable":true,"href":"https:\/\/efagundes.com\/networking\/wp-json\/wp\/v2\/comments?post=780"}],"version-history":[{"count":0,"href":"https:\/\/efagundes.com\/networking\/wp-json\/wp\/v2\/pages\/780\/revisions"}],"up":[{"embeddable":true,"href":"https:\/\/efagundes.com\/networking\/wp-json\/wp\/v2\/pages\/741"}],"wp:attachment":[{"href":"https:\/\/efagundes.com\/networking\/wp-json\/wp\/v2\/media?parent=780"}],"curies":[{"name":"wp","href":"https:\/\/api.w.org\/{rel}","templated":true}]}}