{"id":783,"date":"2012-11-18T10:47:27","date_gmt":"2012-11-18T12:47:27","guid":{"rendered":"http:\/\/efagundes.com\/openclass_networking\/?page_id=783"},"modified":"2022-01-16T17:52:30","modified_gmt":"2022-01-16T20:52:30","slug":"requisitos","status":"publish","type":"page","link":"https:\/\/efagundes.com\/networking\/algoritmos-de-roteamento\/requisitos\/","title":{"rendered":"Requisitos"},"content":{"rendered":"<p><img data-recalc-dims=\"1\" loading=\"lazy\" decoding=\"async\" class=\"alignnone\" src=\"https:\/\/i0.wp.com\/efagundes.com\/networking\/wp-content\/uploads\/sites\/5\/2015\/03\/Slide315.jpg?resize=960%2C720\" alt=\"\" width=\"960\" height=\"720\" \/><\/p>\n<p>Uma sequ\u00eancia de pacotes desde uma origem at\u00e9 um destino \u00e9 chamada fluxo. Em uma rede orientada a conex\u00f5es, todos os pacotes que pertencem a um fluxo seguem a mesma rota; em uma rede sem conex\u00f5es, eles podem seguir rotas diferentes. Simplificando, as necessidade de cada fluxo podem ser caracterizadas por quatro par\u00e2metros principais: confiabilidade, retardo, flutua\u00e7\u00e3o e largura de banda. Juntos, esses par\u00e2metros definem a QoS.<\/p>\n<p>&nbsp;<\/p>\n","protected":false},"excerpt":{"rendered":"<p>Uma sequ\u00eancia de pacotes desde uma origem at\u00e9 um destino \u00e9 chamada fluxo. Em uma rede orientada a conex\u00f5es, todos os pacotes que pertencem a um fluxo seguem a mesma rota; em uma rede sem conex\u00f5es, eles podem seguir rotas diferentes. Simplificando, as necessidade de cada fluxo podem ser caracterizadas por quatro par\u00e2metros principais: confiabilidade, [&hellip;]<\/p>\n","protected":false},"author":1,"featured_media":0,"parent":741,"menu_order":117,"comment_status":"closed","ping_status":"closed","template":"","meta":{"footnotes":""},"class_list":["post-783","page","type-page","status-publish","hentry"],"jetpack_shortlink":"https:\/\/wp.me\/P8yKGp-cD","jetpack-related-posts":[{"id":776,"url":"https:\/\/efagundes.com\/networking\/algoritmos-de-roteamento\/pacotes-reguladores-hop-a-hop\/","url_meta":{"origin":783,"position":0},"title":"Pacotes reguladores hop a hop","author":"Eduardo Fagundes","date":"18\/11\/2012","format":false,"excerpt":"Uma t\u00e9cnica de controle de congestionamento \u00e9 utilizar pacotes regulares. Segundo essa abordagem, o roteador enviar\u00e1 um pacote regulador ao host de origem informando o destino encontrado no pacote. O pacote original \u00e9 marcado para que ele n\u00e3o venha a gerar mais pacotes reguladores ao longo do caminho, e depois\u2026","rel":"","context":"Post similar","block_context":{"text":"Post similar","link":""},"img":{"alt_text":"","src":"https:\/\/i0.wp.com\/efagundes.com\/networking\/wp-content\/uploads\/sites\/5\/2015\/03\/Slide284.jpg?resize=350%2C200","width":350,"height":200,"srcset":"https:\/\/i0.wp.com\/efagundes.com\/networking\/wp-content\/uploads\/sites\/5\/2015\/03\/Slide284.jpg?resize=350%2C200 1x, https:\/\/i0.wp.com\/efagundes.com\/networking\/wp-content\/uploads\/sites\/5\/2015\/03\/Slide284.jpg?resize=525%2C300 1.5x, https:\/\/i0.wp.com\/efagundes.com\/networking\/wp-content\/uploads\/sites\/5\/2015\/03\/Slide284.jpg?resize=700%2C400 2x"},"classes":[]},{"id":109,"url":"https:\/\/efagundes.com\/networking\/software-de-rede\/questoes-de-projeto-relacionadas-as-camadas\/","url_meta":{"origin":783,"position":1},"title":"Quest\u00f5es de projeto relacionadas \u00e0s camadas","author":"Eduardo Fagundes","date":"16\/11\/2012","format":false,"excerpt":"Algumas quest\u00f5es importantes de projeto da arquitetura de computadores est\u00e3o presentes em v\u00e1rias camadas. Todas as camadas precisam de um mecanismo para identificar os transmissores e os receptores. Como \u00e9 poss\u00edvel trabalhar com v\u00e1rios destinos, surge a necessidade\u00a0 de se controlar a forma de endere\u00e7amento para definir o destino final.\u2026","rel":"","context":"Post similar","block_context":{"text":"Post similar","link":""},"img":{"alt_text":"Slide28","src":"https:\/\/i0.wp.com\/efagundes.com\/networking\/wp-content\/uploads\/sites\/5\/2015\/03\/Slide28.jpg?resize=350%2C200","width":350,"height":200,"srcset":"https:\/\/i0.wp.com\/efagundes.com\/networking\/wp-content\/uploads\/sites\/5\/2015\/03\/Slide28.jpg?resize=350%2C200 1x, https:\/\/i0.wp.com\/efagundes.com\/networking\/wp-content\/uploads\/sites\/5\/2015\/03\/Slide28.jpg?resize=525%2C300 1.5x, https:\/\/i0.wp.com\/efagundes.com\/networking\/wp-content\/uploads\/sites\/5\/2015\/03\/Slide28.jpg?resize=700%2C400 2x"},"classes":[]},{"id":737,"url":"https:\/\/efagundes.com\/networking\/a-camada-de-rede\/implementacao-do-servico-orientado-a-conexoes\/","url_meta":{"origin":783,"position":2},"title":"Implementa\u00e7\u00e3o do servi\u00e7o orientado a conex\u00f5es","author":"Eduardo Fagundes","date":"18\/11\/2012","format":false,"excerpt":"A ideia por tr\u00e1s dos circuitos virtuais \u00e9 evitar a necessidade de escolher uma nova rota para cada pacote enviado, como nas conex\u00f5es sem conex\u00f5es. Nesse caso, quando uma conex\u00e3o \u00e9 estabelecida, escolhe-se uma rota desde a m\u00e1quina de origem at\u00e9 a m\u00e1quina de destino, como parte da configura\u00e7\u00e3o da\u2026","rel":"","context":"Post similar","block_context":{"text":"Post similar","link":""},"img":{"alt_text":"","src":"https:\/\/i0.wp.com\/efagundes.com\/networking\/wp-content\/uploads\/sites\/5\/2015\/03\/Slide87.jpg?resize=350%2C200","width":350,"height":200,"srcset":"https:\/\/i0.wp.com\/efagundes.com\/networking\/wp-content\/uploads\/sites\/5\/2015\/03\/Slide87.jpg?resize=350%2C200 1x, https:\/\/i0.wp.com\/efagundes.com\/networking\/wp-content\/uploads\/sites\/5\/2015\/03\/Slide87.jpg?resize=525%2C300 1.5x, https:\/\/i0.wp.com\/efagundes.com\/networking\/wp-content\/uploads\/sites\/5\/2015\/03\/Slide87.jpg?resize=700%2C400 2x"},"classes":[]},{"id":787,"url":"https:\/\/efagundes.com\/networking\/algoritmos-de-roteamento\/tecnicas-para-se-alcancar-boa-qualidade-de-servico-algoritmo-do-balde-furado\/","url_meta":{"origin":783,"position":3},"title":"T\u00e9cnicas para se alcan\u00e7ar boa qualidade de servi\u00e7o: algoritmo do balde furado","author":"Eduardo Fagundes","date":"18\/11\/2012","format":false,"excerpt":"Outra t\u00e9cnica para alcan\u00e7ar boa qualidade de servi\u00e7o \u00e9 o algoritmo do balde furado. Imagine um balde com um pequeno furo no fundo, como ilustra a figura (a) acima. Independente da velocidade com que a \u00e1gua entra no balde, o fluxo de sa\u00edda ocorrer\u00e1 em uma taxa constante, \u03c1, quando\u2026","rel":"","context":"Post similar","block_context":{"text":"Post similar","link":""},"img":{"alt_text":"","src":"https:\/\/i0.wp.com\/efagundes.com\/networking\/wp-content\/uploads\/sites\/5\/2015\/03\/Slide333.jpg?resize=350%2C200","width":350,"height":200,"srcset":"https:\/\/i0.wp.com\/efagundes.com\/networking\/wp-content\/uploads\/sites\/5\/2015\/03\/Slide333.jpg?resize=350%2C200 1x, https:\/\/i0.wp.com\/efagundes.com\/networking\/wp-content\/uploads\/sites\/5\/2015\/03\/Slide333.jpg?resize=525%2C300 1.5x, https:\/\/i0.wp.com\/efagundes.com\/networking\/wp-content\/uploads\/sites\/5\/2015\/03\/Slide333.jpg?resize=700%2C400 2x"},"classes":[]},{"id":733,"url":"https:\/\/efagundes.com\/networking\/a-camada-de-rede\/servicos-oferecidos-a-camada-de-transporte\/","url_meta":{"origin":783,"position":4},"title":"Servi\u00e7os oferecidos \u00e0 camada de transporte","author":"Eduardo Fagundes","date":"18\/11\/2012","format":false,"excerpt":"Tendo definido os objetivos da camada de rede, os projetistas da camada de rede t\u00eam liberdade para escrever especifica\u00e7\u00f5es detalhadas dos servi\u00e7os a serem oferecidos \u00e0 camada de transporte. Uma discuss\u00e3o acad\u00eamica \u00e9 se a camada de rede deve fornecer servi\u00e7o orientado a conex\u00f5es ou servi\u00e7o sem conex\u00f5es. Um lado,\u2026","rel":"","context":"Post similar","block_context":{"text":"Post similar","link":""},"img":{"alt_text":"","src":"https:\/\/i0.wp.com\/efagundes.com\/networking\/wp-content\/uploads\/sites\/5\/2015\/03\/Slide77.jpg?resize=350%2C200","width":350,"height":200,"srcset":"https:\/\/i0.wp.com\/efagundes.com\/networking\/wp-content\/uploads\/sites\/5\/2015\/03\/Slide77.jpg?resize=350%2C200 1x, https:\/\/i0.wp.com\/efagundes.com\/networking\/wp-content\/uploads\/sites\/5\/2015\/03\/Slide77.jpg?resize=525%2C300 1.5x, https:\/\/i0.wp.com\/efagundes.com\/networking\/wp-content\/uploads\/sites\/5\/2015\/03\/Slide77.jpg?resize=700%2C400 2x"},"classes":[]},{"id":154,"url":"https:\/\/efagundes.com\/networking\/redes-geograficamente-distribuidas\/redes-x-25\/","url_meta":{"origin":783,"position":5},"title":"Redes X.25","author":"Eduardo Fagundes","date":"16\/11\/2012","format":false,"excerpt":"X.25 \u00e9 um padr\u00e3o de protocolo para comunica\u00e7\u00f5es para redes geograficamente distribu\u00eddas da International Telecommunication Union - setor de padroniza\u00e7\u00e3o de telecomunica\u00e7\u00f5es (ITU-T) que define como devem ser estabelecidas e mantidas as conex\u00f5es entre dispositivos de usu\u00e1rios e os dispositivos de rede. O X.25 foi projetado para operar sistemas de\u2026","rel":"","context":"Post similar","block_context":{"text":"Post similar","link":""},"img":{"alt_text":"Slide7","src":"https:\/\/i0.wp.com\/efagundes.com\/networking\/wp-content\/uploads\/sites\/5\/2015\/03\/Slide71.jpg?resize=350%2C200","width":350,"height":200,"srcset":"https:\/\/i0.wp.com\/efagundes.com\/networking\/wp-content\/uploads\/sites\/5\/2015\/03\/Slide71.jpg?resize=350%2C200 1x, https:\/\/i0.wp.com\/efagundes.com\/networking\/wp-content\/uploads\/sites\/5\/2015\/03\/Slide71.jpg?resize=525%2C300 1.5x, https:\/\/i0.wp.com\/efagundes.com\/networking\/wp-content\/uploads\/sites\/5\/2015\/03\/Slide71.jpg?resize=700%2C400 2x"},"classes":[]}],"jetpack_sharing_enabled":true,"_links":{"self":[{"href":"https:\/\/efagundes.com\/networking\/wp-json\/wp\/v2\/pages\/783","targetHints":{"allow":["GET"]}}],"collection":[{"href":"https:\/\/efagundes.com\/networking\/wp-json\/wp\/v2\/pages"}],"about":[{"href":"https:\/\/efagundes.com\/networking\/wp-json\/wp\/v2\/types\/page"}],"author":[{"embeddable":true,"href":"https:\/\/efagundes.com\/networking\/wp-json\/wp\/v2\/users\/1"}],"replies":[{"embeddable":true,"href":"https:\/\/efagundes.com\/networking\/wp-json\/wp\/v2\/comments?post=783"}],"version-history":[{"count":0,"href":"https:\/\/efagundes.com\/networking\/wp-json\/wp\/v2\/pages\/783\/revisions"}],"up":[{"embeddable":true,"href":"https:\/\/efagundes.com\/networking\/wp-json\/wp\/v2\/pages\/741"}],"wp:attachment":[{"href":"https:\/\/efagundes.com\/networking\/wp-json\/wp\/v2\/media?parent=783"}],"curies":[{"name":"wp","href":"https:\/\/api.w.org\/{rel}","templated":true}]}}