{"id":785,"date":"2012-11-18T10:48:58","date_gmt":"2012-11-18T12:48:58","guid":{"rendered":"http:\/\/efagundes.com\/openclass_networking\/?page_id=785"},"modified":"2022-01-16T17:52:30","modified_gmt":"2022-01-16T20:52:30","slug":"tecnicas-para-se-alcancar-boa-qualidade-de-servico-buffering","status":"publish","type":"page","link":"https:\/\/efagundes.com\/networking\/algoritmos-de-roteamento\/tecnicas-para-se-alcancar-boa-qualidade-de-servico-buffering\/","title":{"rendered":"T\u00e9cnicas para se alcan\u00e7ar boa qualidade de servi\u00e7o buffering"},"content":{"rendered":"<p><img data-recalc-dims=\"1\" loading=\"lazy\" decoding=\"async\" class=\"alignnone\" src=\"https:\/\/i0.wp.com\/efagundes.com\/networking\/wp-content\/uploads\/sites\/5\/2015\/03\/Slide324.jpg?resize=960%2C720\" alt=\"\" width=\"960\" height=\"720\" \/><\/p>\n<p>Uma das t\u00e9cnicas para se alcan\u00e7ar boa qualidade de servi\u00e7o \u00e9 o armazenamento em buffers. Os fluxos podem ser armazenados em buffers no lado receptor, antes de serem entregues. O armazenamento dos fluxos em buffers n\u00e3o afeta a confiabilidade ou a largura de banda e aumenta o retardo, mas, por outro lado, suaviza a flutua\u00e7\u00e3o. No caso de \u00e1udio e v\u00eddeo por demanda, a flutua\u00e7\u00e3o \u00e9 o principal problema e, portanto, essa t\u00e9cnica ajuda bastante.<\/p>\n<p>&nbsp;<\/p>\n","protected":false},"excerpt":{"rendered":"<p>Uma das t\u00e9cnicas para se alcan\u00e7ar boa qualidade de servi\u00e7o \u00e9 o armazenamento em buffers. Os fluxos podem ser armazenados em buffers no lado receptor, antes de serem entregues. O armazenamento dos fluxos em buffers n\u00e3o afeta a confiabilidade ou a largura de banda e aumenta o retardo, mas, por outro lado, suaviza a flutua\u00e7\u00e3o. [&hellip;]<\/p>\n","protected":false},"author":1,"featured_media":0,"parent":741,"menu_order":118,"comment_status":"closed","ping_status":"closed","template":"","meta":{"footnotes":""},"class_list":["post-785","page","type-page","status-publish","hentry"],"jetpack_shortlink":"https:\/\/wp.me\/P8yKGp-cF","jetpack-related-posts":[{"id":787,"url":"https:\/\/efagundes.com\/networking\/algoritmos-de-roteamento\/tecnicas-para-se-alcancar-boa-qualidade-de-servico-algoritmo-do-balde-furado\/","url_meta":{"origin":785,"position":0},"title":"T\u00e9cnicas para se alcan\u00e7ar boa qualidade de servi\u00e7o: algoritmo do balde furado","author":"Eduardo Fagundes","date":"18\/11\/2012","format":false,"excerpt":"Outra t\u00e9cnica para alcan\u00e7ar boa qualidade de servi\u00e7o \u00e9 o algoritmo do balde furado. Imagine um balde com um pequeno furo no fundo, como ilustra a figura (a) acima. Independente da velocidade com que a \u00e1gua entra no balde, o fluxo de sa\u00edda ocorrer\u00e1 em uma taxa constante, \u03c1, quando\u2026","rel":"","context":"Post similar","block_context":{"text":"Post similar","link":""},"img":{"alt_text":"","src":"https:\/\/i0.wp.com\/efagundes.com\/networking\/wp-content\/uploads\/sites\/5\/2015\/03\/Slide333.jpg?resize=350%2C200","width":350,"height":200,"srcset":"https:\/\/i0.wp.com\/efagundes.com\/networking\/wp-content\/uploads\/sites\/5\/2015\/03\/Slide333.jpg?resize=350%2C200 1x, https:\/\/i0.wp.com\/efagundes.com\/networking\/wp-content\/uploads\/sites\/5\/2015\/03\/Slide333.jpg?resize=525%2C300 1.5x, https:\/\/i0.wp.com\/efagundes.com\/networking\/wp-content\/uploads\/sites\/5\/2015\/03\/Slide333.jpg?resize=700%2C400 2x"},"classes":[]},{"id":778,"url":"https:\/\/efagundes.com\/networking\/algoritmos-de-roteamento\/controle-de-flutuacao-jitter-control\/","url_meta":{"origin":785,"position":1},"title":"Controle de flutua\u00e7\u00e3o (Jitter Control)","author":"Eduardo Fagundes","date":"18\/11\/2012","format":false,"excerpt":"Para aplica\u00e7\u00f5es como a transmiss\u00e3o de \u00e1udio e v\u00eddeo, n\u00e3o importa muito se os pacotes demoram 20 ms ou 30 ms para serem entregues, o importante \u00e9 que o tempo em tr\u00e2nsito seja constante. A varia\u00e7\u00e3o (isto \u00e9, o desvio padr\u00e3o) nos tempos de chegada de pacotes \u00e9 chamada flutua\u00e7\u00e3o\u2026","rel":"","context":"Post similar","block_context":{"text":"Post similar","link":""},"img":{"alt_text":"","src":"https:\/\/i0.wp.com\/efagundes.com\/networking\/wp-content\/uploads\/sites\/5\/2015\/03\/Slide294.jpg?resize=350%2C200","width":350,"height":200,"srcset":"https:\/\/i0.wp.com\/efagundes.com\/networking\/wp-content\/uploads\/sites\/5\/2015\/03\/Slide294.jpg?resize=350%2C200 1x, https:\/\/i0.wp.com\/efagundes.com\/networking\/wp-content\/uploads\/sites\/5\/2015\/03\/Slide294.jpg?resize=525%2C300 1.5x, https:\/\/i0.wp.com\/efagundes.com\/networking\/wp-content\/uploads\/sites\/5\/2015\/03\/Slide294.jpg?resize=700%2C400 2x"},"classes":[]},{"id":733,"url":"https:\/\/efagundes.com\/networking\/a-camada-de-rede\/servicos-oferecidos-a-camada-de-transporte\/","url_meta":{"origin":785,"position":2},"title":"Servi\u00e7os oferecidos \u00e0 camada de transporte","author":"Eduardo Fagundes","date":"18\/11\/2012","format":false,"excerpt":"Tendo definido os objetivos da camada de rede, os projetistas da camada de rede t\u00eam liberdade para escrever especifica\u00e7\u00f5es detalhadas dos servi\u00e7os a serem oferecidos \u00e0 camada de transporte. Uma discuss\u00e3o acad\u00eamica \u00e9 se a camada de rede deve fornecer servi\u00e7o orientado a conex\u00f5es ou servi\u00e7o sem conex\u00f5es. Um lado,\u2026","rel":"","context":"Post similar","block_context":{"text":"Post similar","link":""},"img":{"alt_text":"","src":"https:\/\/i0.wp.com\/efagundes.com\/networking\/wp-content\/uploads\/sites\/5\/2015\/03\/Slide77.jpg?resize=350%2C200","width":350,"height":200,"srcset":"https:\/\/i0.wp.com\/efagundes.com\/networking\/wp-content\/uploads\/sites\/5\/2015\/03\/Slide77.jpg?resize=350%2C200 1x, https:\/\/i0.wp.com\/efagundes.com\/networking\/wp-content\/uploads\/sites\/5\/2015\/03\/Slide77.jpg?resize=525%2C300 1.5x, https:\/\/i0.wp.com\/efagundes.com\/networking\/wp-content\/uploads\/sites\/5\/2015\/03\/Slide77.jpg?resize=700%2C400 2x"},"classes":[]},{"id":793,"url":"https:\/\/efagundes.com\/networking\/algoritmos-de-roteamento\/servicos-diferenciados-diffserv\/","url_meta":{"origin":785,"position":3},"title":"Servi\u00e7os diferenciados (Diffserv)","author":"Eduardo Fagundes","date":"18\/11\/2012","format":false,"excerpt":"A Internet atual atende requisi\u00e7\u00f5es de aplica\u00e7\u00f5es e as encaminha num esquema de servi\u00e7o best-effort. Neste contexto, o IETF (Internet Engineering Task Force) vem realizando esfor\u00e7os no sentido de padronizar mecanismos e arquiteturas que conduzam ao oferecimento de um n\u00edvel diferenciado de servi\u00e7os na Internet. \u00c9 neste cen\u00e1rio que surgem\u2026","rel":"","context":"Post similar","block_context":{"text":"Post similar","link":""},"img":{"alt_text":"","src":"https:\/\/i0.wp.com\/efagundes.com\/networking\/wp-content\/uploads\/sites\/5\/2015\/03\/Slide362.jpg?resize=350%2C200","width":350,"height":200,"srcset":"https:\/\/i0.wp.com\/efagundes.com\/networking\/wp-content\/uploads\/sites\/5\/2015\/03\/Slide362.jpg?resize=350%2C200 1x, https:\/\/i0.wp.com\/efagundes.com\/networking\/wp-content\/uploads\/sites\/5\/2015\/03\/Slide362.jpg?resize=525%2C300 1.5x, https:\/\/i0.wp.com\/efagundes.com\/networking\/wp-content\/uploads\/sites\/5\/2015\/03\/Slide362.jpg?resize=700%2C400 2x"},"classes":[]},{"id":768,"url":"https:\/\/efagundes.com\/networking\/algoritmos-de-roteamento\/congestionamento\/","url_meta":{"origin":785,"position":4},"title":"Congestionamento","author":"Eduardo Fagundes","date":"18\/11\/2012","format":false,"excerpt":"O congestionamento ocorre em uma sub-rede quando existem pacotes demais trafegando, ocasionando uma redu\u00e7\u00e3o do desempenho da rede. Quando o n\u00famero de pacotes depositados na sub-rede pelos hosts est\u00e1 dentro de sua capacidade de transporte, eles s\u00e3o todos entregues. Entretanto, quando o tr\u00e1fego aumenta muito, os roteadores j\u00e1 n\u00e3o s\u00e3o\u2026","rel":"","context":"Post similar","block_context":{"text":"Post similar","link":""},"img":{"alt_text":"","src":"https:\/\/i0.wp.com\/efagundes.com\/networking\/wp-content\/uploads\/sites\/5\/2015\/03\/Slide245.jpg?resize=350%2C200","width":350,"height":200,"srcset":"https:\/\/i0.wp.com\/efagundes.com\/networking\/wp-content\/uploads\/sites\/5\/2015\/03\/Slide245.jpg?resize=350%2C200 1x, https:\/\/i0.wp.com\/efagundes.com\/networking\/wp-content\/uploads\/sites\/5\/2015\/03\/Slide245.jpg?resize=525%2C300 1.5x, https:\/\/i0.wp.com\/efagundes.com\/networking\/wp-content\/uploads\/sites\/5\/2015\/03\/Slide245.jpg?resize=700%2C400 2x"},"classes":[]},{"id":783,"url":"https:\/\/efagundes.com\/networking\/algoritmos-de-roteamento\/requisitos\/","url_meta":{"origin":785,"position":5},"title":"Requisitos","author":"Eduardo Fagundes","date":"18\/11\/2012","format":false,"excerpt":"Uma sequ\u00eancia de pacotes desde uma origem at\u00e9 um destino \u00e9 chamada fluxo. Em uma rede orientada a conex\u00f5es, todos os pacotes que pertencem a um fluxo seguem a mesma rota; em uma rede sem conex\u00f5es, eles podem seguir rotas diferentes. Simplificando, as necessidade de cada fluxo podem ser caracterizadas\u2026","rel":"","context":"Post similar","block_context":{"text":"Post similar","link":""},"img":{"alt_text":"","src":"https:\/\/i0.wp.com\/efagundes.com\/networking\/wp-content\/uploads\/sites\/5\/2015\/03\/Slide315.jpg?resize=350%2C200","width":350,"height":200,"srcset":"https:\/\/i0.wp.com\/efagundes.com\/networking\/wp-content\/uploads\/sites\/5\/2015\/03\/Slide315.jpg?resize=350%2C200 1x, https:\/\/i0.wp.com\/efagundes.com\/networking\/wp-content\/uploads\/sites\/5\/2015\/03\/Slide315.jpg?resize=525%2C300 1.5x, https:\/\/i0.wp.com\/efagundes.com\/networking\/wp-content\/uploads\/sites\/5\/2015\/03\/Slide315.jpg?resize=700%2C400 2x"},"classes":[]}],"jetpack_sharing_enabled":true,"_links":{"self":[{"href":"https:\/\/efagundes.com\/networking\/wp-json\/wp\/v2\/pages\/785","targetHints":{"allow":["GET"]}}],"collection":[{"href":"https:\/\/efagundes.com\/networking\/wp-json\/wp\/v2\/pages"}],"about":[{"href":"https:\/\/efagundes.com\/networking\/wp-json\/wp\/v2\/types\/page"}],"author":[{"embeddable":true,"href":"https:\/\/efagundes.com\/networking\/wp-json\/wp\/v2\/users\/1"}],"replies":[{"embeddable":true,"href":"https:\/\/efagundes.com\/networking\/wp-json\/wp\/v2\/comments?post=785"}],"version-history":[{"count":0,"href":"https:\/\/efagundes.com\/networking\/wp-json\/wp\/v2\/pages\/785\/revisions"}],"up":[{"embeddable":true,"href":"https:\/\/efagundes.com\/networking\/wp-json\/wp\/v2\/pages\/741"}],"wp:attachment":[{"href":"https:\/\/efagundes.com\/networking\/wp-json\/wp\/v2\/media?parent=785"}],"curies":[{"name":"wp","href":"https:\/\/api.w.org\/{rel}","templated":true}]}}