{"id":789,"date":"2012-11-18T10:53:18","date_gmt":"2012-11-18T12:53:18","guid":{"rendered":"http:\/\/efagundes.com\/openclass_networking\/?page_id=789"},"modified":"2022-01-16T17:52:30","modified_gmt":"2022-01-16T20:52:30","slug":"servicos-integrados-rsvp-the-reservation-protocol","status":"publish","type":"page","link":"https:\/\/efagundes.com\/networking\/algoritmos-de-roteamento\/servicos-integrados-rsvp-the-reservation-protocol\/","title":{"rendered":"RSVP The ReSerVation Protocol (I)"},"content":{"rendered":"<p><img data-recalc-dims=\"1\" loading=\"lazy\" decoding=\"async\" class=\"alignnone\" src=\"https:\/\/i0.wp.com\/efagundes.com\/networking\/wp-content\/uploads\/sites\/5\/2015\/03\/Slide343.jpg?resize=960%2C720\" alt=\"\" width=\"960\" height=\"720\" \/><\/p>\n<p>Entre 1995 e 1997, a IETF (Internet Engineering Task Force) dedicou um grande esfor\u00e7o \u00e0 cria\u00e7\u00e3o de uma arquitetura para multim\u00eddia de fluxo. Esse trabalho resultou em mais de duas dezenas de RFCs, come\u00e7ando com as RFCs 2205 a 2210. O nome gen\u00e9rico desse trabalho \u00e9 algoritmos baseados em fluxo ou servi\u00e7os integrados.<\/p>\n<p>O principal protocolo da IETF para a arquitetura de servi\u00e7os integrados \u00e9 o RSVP (Resource reSerVation Protocol), descrito na RFC 2205 e em outras. Esse protocolo \u00e9 empregado para fazer as reservas; outros protocolos s\u00e3o usados para transmitir os dados. O RSVP permite que v\u00e1rios transmissores enviem os dados para v\u00e1rios grupos de receptores, torna poss\u00edvel receptores individuais mudarem livremente de canais e otimiza o uso da largura de banda ao mesmo tempo que elimina o congestionamento.<\/p>\n<p>Como exemplo, considere a rede da figura (a). Os hosts 1 e 2 s\u00e3o transmissores de multidifus\u00e3o, e os hosts 3, 4 e 5 s\u00e3o receptores de multidifus\u00e3o. Nesse exemplo, os transmissores e os receptores est\u00e3o separados mas, em geral, os dois conjuntos podem se sobrepor. As \u00e1rvores de multidifus\u00e3o para os hosts 1 e 2 s\u00e3o mostradas na figura (b) e na figura (c ), respectivamente.<\/p>\n<p>&nbsp;<\/p>\n","protected":false},"excerpt":{"rendered":"<p>Entre 1995 e 1997, a IETF (Internet Engineering Task Force) dedicou um grande esfor\u00e7o \u00e0 cria\u00e7\u00e3o de uma arquitetura para multim\u00eddia de fluxo. Esse trabalho resultou em mais de duas dezenas de RFCs, come\u00e7ando com as RFCs 2205 a 2210. O nome gen\u00e9rico desse trabalho \u00e9 algoritmos baseados em fluxo ou servi\u00e7os integrados. O principal [&hellip;]<\/p>\n","protected":false},"author":1,"featured_media":0,"parent":741,"menu_order":120,"comment_status":"closed","ping_status":"closed","template":"","meta":{"footnotes":""},"class_list":["post-789","page","type-page","status-publish","hentry"],"jetpack_shortlink":"https:\/\/wp.me\/P8yKGp-cJ","jetpack-related-posts":[{"id":791,"url":"https:\/\/efagundes.com\/networking\/algoritmos-de-roteamento\/servicos-integrados-rsvp-the-reservation-protocol-2\/","url_meta":{"origin":789,"position":0},"title":"RSVP The ReSerVation Protocol (II)","author":"Eduardo Fagundes","date":"18\/11\/2012","format":false,"excerpt":"Para obter uma melhor recep\u00e7\u00e3o e eliminar o congestionamento, qualquer um dos receptores de um grupo pode enviar uma mensagem de reserva pela \u00e1rvore para o transmissor. A mensagem \u00e9 propagada com a utiliza\u00e7\u00e3o do algoritmo de encaminhamento pelo caminho inverso. Em cada hop, o roteador detecta a reserva e\u2026","rel":"","context":"Post similar","block_context":{"text":"Post similar","link":""},"img":{"alt_text":"","src":"https:\/\/i0.wp.com\/efagundes.com\/networking\/wp-content\/uploads\/sites\/5\/2015\/03\/Slide352.jpg?resize=350%2C200","width":350,"height":200,"srcset":"https:\/\/i0.wp.com\/efagundes.com\/networking\/wp-content\/uploads\/sites\/5\/2015\/03\/Slide352.jpg?resize=350%2C200 1x, https:\/\/i0.wp.com\/efagundes.com\/networking\/wp-content\/uploads\/sites\/5\/2015\/03\/Slide352.jpg?resize=525%2C300 1.5x, https:\/\/i0.wp.com\/efagundes.com\/networking\/wp-content\/uploads\/sites\/5\/2015\/03\/Slide352.jpg?resize=700%2C400 2x"},"classes":[]},{"id":795,"url":"https:\/\/efagundes.com\/networking\/algoritmos-de-roteamento\/mpls-multiprotocol-label-switching\/","url_meta":{"origin":789,"position":1},"title":"MPLS (MultiProtocol Label Switching)","author":"Eduardo Fagundes","date":"18\/11\/2012","format":false,"excerpt":"Enquanto a IETF estava desenvolvendo servi\u00e7os integrados e servi\u00e7os diferenciados, v\u00e1rios fabricantes de roteadores estavam desenvolvendo m\u00e9todos de encaminhamento melhores. Esse trabalho se concentrou na inclus\u00e3o de um r\u00f3tulo (label) no in\u00edcio de cada pacote e na execu\u00e7\u00e3o do roteamento baseado no r\u00f3tulo, e n\u00e3o no endere\u00e7o de destino. Fazer\u2026","rel":"","context":"Post similar","block_context":{"text":"Post similar","link":""},"img":{"alt_text":"","src":"https:\/\/i0.wp.com\/efagundes.com\/networking\/wp-content\/uploads\/sites\/5\/2015\/03\/Slide372.jpg?resize=350%2C200","width":350,"height":200,"srcset":"https:\/\/i0.wp.com\/efagundes.com\/networking\/wp-content\/uploads\/sites\/5\/2015\/03\/Slide372.jpg?resize=350%2C200 1x, https:\/\/i0.wp.com\/efagundes.com\/networking\/wp-content\/uploads\/sites\/5\/2015\/03\/Slide372.jpg?resize=525%2C300 1.5x, https:\/\/i0.wp.com\/efagundes.com\/networking\/wp-content\/uploads\/sites\/5\/2015\/03\/Slide372.jpg?resize=700%2C400 2x"},"classes":[]},{"id":156,"url":"https:\/\/efagundes.com\/networking\/redes-geograficamente-distribuidas\/protocolos-do-x-25\/","url_meta":{"origin":789,"position":2},"title":"Protocolos do X.25","author":"Eduardo Fagundes","date":"16\/11\/2012","format":false,"excerpt":"O conjunto de protocolos X.25 especifica as tr\u00eas camadas inferiores do modelo OSI. Os seguintes protocolos s\u00e3o tipicamente usados numa implementa\u00e7\u00e3o X.25: Packet-Layer Protocol (PLP), Link Access Procedure Balanced (LAPB), e outras interfaces seriais da camada f\u00edsica (como EIA\/TIA-232, EIA\/TIA-449, EIA-530 e G.703). Figura mostra os protocolos X.25 fundamentais para\u2026","rel":"","context":"Post similar","block_context":{"text":"Post similar","link":""},"img":{"alt_text":"Slide8","src":"https:\/\/i0.wp.com\/efagundes.com\/networking\/wp-content\/uploads\/sites\/5\/2015\/03\/Slide81.jpg?resize=350%2C200","width":350,"height":200,"srcset":"https:\/\/i0.wp.com\/efagundes.com\/networking\/wp-content\/uploads\/sites\/5\/2015\/03\/Slide81.jpg?resize=350%2C200 1x, https:\/\/i0.wp.com\/efagundes.com\/networking\/wp-content\/uploads\/sites\/5\/2015\/03\/Slide81.jpg?resize=525%2C300 1.5x, https:\/\/i0.wp.com\/efagundes.com\/networking\/wp-content\/uploads\/sites\/5\/2015\/03\/Slide81.jpg?resize=700%2C400 2x"},"classes":[]},{"id":793,"url":"https:\/\/efagundes.com\/networking\/algoritmos-de-roteamento\/servicos-diferenciados-diffserv\/","url_meta":{"origin":789,"position":3},"title":"Servi\u00e7os diferenciados (Diffserv)","author":"Eduardo Fagundes","date":"18\/11\/2012","format":false,"excerpt":"A Internet atual atende requisi\u00e7\u00f5es de aplica\u00e7\u00f5es e as encaminha num esquema de servi\u00e7o best-effort. Neste contexto, o IETF (Internet Engineering Task Force) vem realizando esfor\u00e7os no sentido de padronizar mecanismos e arquiteturas que conduzam ao oferecimento de um n\u00edvel diferenciado de servi\u00e7os na Internet. \u00c9 neste cen\u00e1rio que surgem\u2026","rel":"","context":"Post similar","block_context":{"text":"Post similar","link":""},"img":{"alt_text":"","src":"https:\/\/i0.wp.com\/efagundes.com\/networking\/wp-content\/uploads\/sites\/5\/2015\/03\/Slide362.jpg?resize=350%2C200","width":350,"height":200,"srcset":"https:\/\/i0.wp.com\/efagundes.com\/networking\/wp-content\/uploads\/sites\/5\/2015\/03\/Slide362.jpg?resize=350%2C200 1x, https:\/\/i0.wp.com\/efagundes.com\/networking\/wp-content\/uploads\/sites\/5\/2015\/03\/Slide362.jpg?resize=525%2C300 1.5x, https:\/\/i0.wp.com\/efagundes.com\/networking\/wp-content\/uploads\/sites\/5\/2015\/03\/Slide362.jpg?resize=700%2C400 2x"},"classes":[]},{"id":109,"url":"https:\/\/efagundes.com\/networking\/software-de-rede\/questoes-de-projeto-relacionadas-as-camadas\/","url_meta":{"origin":789,"position":4},"title":"Quest\u00f5es de projeto relacionadas \u00e0s camadas","author":"Eduardo Fagundes","date":"16\/11\/2012","format":false,"excerpt":"Algumas quest\u00f5es importantes de projeto da arquitetura de computadores est\u00e3o presentes em v\u00e1rias camadas. Todas as camadas precisam de um mecanismo para identificar os transmissores e os receptores. Como \u00e9 poss\u00edvel trabalhar com v\u00e1rios destinos, surge a necessidade\u00a0 de se controlar a forma de endere\u00e7amento para definir o destino final.\u2026","rel":"","context":"Post similar","block_context":{"text":"Post similar","link":""},"img":{"alt_text":"Slide28","src":"https:\/\/i0.wp.com\/efagundes.com\/networking\/wp-content\/uploads\/sites\/5\/2015\/03\/Slide28.jpg?resize=350%2C200","width":350,"height":200,"srcset":"https:\/\/i0.wp.com\/efagundes.com\/networking\/wp-content\/uploads\/sites\/5\/2015\/03\/Slide28.jpg?resize=350%2C200 1x, https:\/\/i0.wp.com\/efagundes.com\/networking\/wp-content\/uploads\/sites\/5\/2015\/03\/Slide28.jpg?resize=525%2C300 1.5x, https:\/\/i0.wp.com\/efagundes.com\/networking\/wp-content\/uploads\/sites\/5\/2015\/03\/Slide28.jpg?resize=700%2C400 2x"},"classes":[]},{"id":101,"url":"https:\/\/efagundes.com\/networking\/software-de-rede\/hierarquias-de-protocolos\/","url_meta":{"origin":789,"position":5},"title":"Hierarquias de protocolos","author":"Eduardo Fagundes","date":"16\/11\/2012","format":false,"excerpt":"No in\u00edcio dos anos 60 foram criados os primeiros protocolos de comunica\u00e7\u00e3o BSC-1 (Bynary Synchronous Communications) para transmiss\u00e3o de informa\u00e7\u00f5es remotas em batch, e BSC-3 (ou poll select) que permitia a integra\u00e7\u00e3o do usu\u00e1rio com o sistema atrav\u00e9s de terminais, ou seja, o processamento on-line. Esses avan\u00e7os tecnol\u00f3gicos proporcionaram um\u2026","rel":"","context":"Post similar","block_context":{"text":"Post similar","link":""},"img":{"alt_text":"Slide25","src":"https:\/\/i0.wp.com\/efagundes.com\/networking\/wp-content\/uploads\/sites\/5\/2015\/03\/Slide25.jpg?resize=350%2C200","width":350,"height":200,"srcset":"https:\/\/i0.wp.com\/efagundes.com\/networking\/wp-content\/uploads\/sites\/5\/2015\/03\/Slide25.jpg?resize=350%2C200 1x, https:\/\/i0.wp.com\/efagundes.com\/networking\/wp-content\/uploads\/sites\/5\/2015\/03\/Slide25.jpg?resize=525%2C300 1.5x, https:\/\/i0.wp.com\/efagundes.com\/networking\/wp-content\/uploads\/sites\/5\/2015\/03\/Slide25.jpg?resize=700%2C400 2x"},"classes":[]}],"jetpack_sharing_enabled":true,"_links":{"self":[{"href":"https:\/\/efagundes.com\/networking\/wp-json\/wp\/v2\/pages\/789","targetHints":{"allow":["GET"]}}],"collection":[{"href":"https:\/\/efagundes.com\/networking\/wp-json\/wp\/v2\/pages"}],"about":[{"href":"https:\/\/efagundes.com\/networking\/wp-json\/wp\/v2\/types\/page"}],"author":[{"embeddable":true,"href":"https:\/\/efagundes.com\/networking\/wp-json\/wp\/v2\/users\/1"}],"replies":[{"embeddable":true,"href":"https:\/\/efagundes.com\/networking\/wp-json\/wp\/v2\/comments?post=789"}],"version-history":[{"count":0,"href":"https:\/\/efagundes.com\/networking\/wp-json\/wp\/v2\/pages\/789\/revisions"}],"up":[{"embeddable":true,"href":"https:\/\/efagundes.com\/networking\/wp-json\/wp\/v2\/pages\/741"}],"wp:attachment":[{"href":"https:\/\/efagundes.com\/networking\/wp-json\/wp\/v2\/media?parent=789"}],"curies":[{"name":"wp","href":"https:\/\/api.w.org\/{rel}","templated":true}]}}