{"id":79,"date":"2012-11-16T18:55:17","date_gmt":"2012-11-16T20:55:17","guid":{"rendered":"http:\/\/efagundes.com\/openclass_networking\/?page_id=79"},"modified":"2022-01-16T17:49:49","modified_gmt":"2022-01-16T20:49:49","slug":"servidor-multihomed","status":"publish","type":"page","link":"https:\/\/efagundes.com\/networking\/hardware-de-rede\/servidor-multihomed\/","title":{"rendered":"Servidor multihomed"},"content":{"rendered":"<p>&nbsp;<\/p>\n<p><a href=\"https:\/\/i0.wp.com\/efagundes.com\/networking\/wp-content\/uploads\/sites\/5\/2015\/03\/Slide14.jpg\"><img data-recalc-dims=\"1\" loading=\"lazy\" decoding=\"async\" data-attachment-id=\"2321\" data-permalink=\"https:\/\/efagundes.com\/networking\/hardware-de-rede\/servidor-multihomed\/slide14\/\" data-orig-file=\"https:\/\/i0.wp.com\/efagundes.com\/networking\/wp-content\/uploads\/sites\/5\/2015\/03\/Slide14.jpg?fit=960%2C720&amp;ssl=1\" data-orig-size=\"960,720\" data-comments-opened=\"1\" data-image-meta=\"{&quot;aperture&quot;:&quot;0&quot;,&quot;credit&quot;:&quot;&quot;,&quot;camera&quot;:&quot;&quot;,&quot;caption&quot;:&quot;&quot;,&quot;created_timestamp&quot;:&quot;0&quot;,&quot;copyright&quot;:&quot;&quot;,&quot;focal_length&quot;:&quot;0&quot;,&quot;iso&quot;:&quot;0&quot;,&quot;shutter_speed&quot;:&quot;0&quot;,&quot;title&quot;:&quot;&quot;,&quot;orientation&quot;:&quot;0&quot;}\" data-image-title=\"Slide14\" data-image-description=\"\" data-image-caption=\"\" data-large-file=\"https:\/\/i0.wp.com\/efagundes.com\/networking\/wp-content\/uploads\/sites\/5\/2015\/03\/Slide14.jpg?fit=960%2C720&amp;ssl=1\" class=\"alignnone size-full wp-image-2321\" src=\"https:\/\/i0.wp.com\/efagundes.com\/networking\/wp-content\/uploads\/sites\/5\/2015\/03\/Slide14.jpg?resize=960%2C720\" alt=\"Slide14\" width=\"960\" height=\"720\" srcset=\"https:\/\/i0.wp.com\/efagundes.com\/networking\/wp-content\/uploads\/sites\/5\/2015\/03\/Slide14.jpg?w=960&amp;ssl=1 960w, https:\/\/i0.wp.com\/efagundes.com\/networking\/wp-content\/uploads\/sites\/5\/2015\/03\/Slide14.jpg?resize=300%2C225&amp;ssl=1 300w\" sizes=\"auto, (max-width: 960px) 100vw, 960px\" \/><\/a>Tipo de roteamento comum para usu\u00e1rios de servi\u00e7os ADSL onde \u00e9 poss\u00edvel o compartilhamento de outros computadores na mesma linha de banda larga.<\/p>\n<p>Um servidor multihomed \u00e9 um computador que possui v\u00e1rias interfaces de rede. Cada interface de rede gera a sua pr\u00f3pria rede local l\u00f3gica, ou subnet para o TCP\/IP. Um roteador dedicado \u00e9 nada mais do que um servidor multihomed especializado. A maioria dos sistemas operacionais para servidor, s\u00e3o capazes de atuar como roteadores para o TCP\/IP.<\/p>\n<p>Colocar v\u00e1rias placas de rede em um mesmo servidor \u00e9 uma forma barata e popular de se expandir a capacidade ou aumentar o desempenho de uma rede local Ethernet. Cada interface de rede gera a sua pr\u00f3pria rede local l\u00f3gica, ou subnet para o TCP\/IP.<\/p>\n<p>&nbsp;<\/p>\n","protected":false},"excerpt":{"rendered":"<p>&nbsp; Tipo de roteamento comum para usu\u00e1rios de servi\u00e7os ADSL onde \u00e9 poss\u00edvel o compartilhamento de outros computadores na mesma linha de banda larga. Um servidor multihomed \u00e9 um computador que possui v\u00e1rias interfaces de rede. Cada interface de rede gera a sua pr\u00f3pria rede local l\u00f3gica, ou subnet para o TCP\/IP. Um roteador dedicado [&hellip;]<\/p>\n","protected":false},"author":1,"featured_media":0,"parent":61,"menu_order":0,"comment_status":"closed","ping_status":"closed","template":"","meta":{"footnotes":""},"class_list":["post-79","page","type-page","status-publish","hentry"],"jetpack_shortlink":"https:\/\/wp.me\/P8yKGp-1h","jetpack-related-posts":[{"id":168,"url":"https:\/\/efagundes.com\/networking\/redes-geograficamente-distribuidas\/arquitetura-da-internet\/","url_meta":{"origin":79,"position":0},"title":"Arquitetura da Internet","author":"Eduardo Fagundes","date":"16\/11\/2012","format":false,"excerpt":"A Internet \u00e9 uma rede de computadores mundial de acesso de p\u00fablico ilimitado que utiliza uma infra-estrutura de telecomunica\u00e7\u00f5es homog\u00eanea. Atualmente qualquer pessoa f\u00edsica ou jur\u00eddica pode participar da Internet, incluindo empresas privadas, governos, escolas e organiza\u00e7\u00f5es n\u00e3o-governamentais. Os requisitos s\u00e3o possuir um computador, um software compat\u00edvel com a Internet\u2026","rel":"","context":"Post similar","block_context":{"text":"Post similar","link":""},"img":{"alt_text":"Slide11","src":"https:\/\/i0.wp.com\/efagundes.com\/networking\/wp-content\/uploads\/sites\/5\/2015\/03\/Slide111.jpg?resize=350%2C200","width":350,"height":200,"srcset":"https:\/\/i0.wp.com\/efagundes.com\/networking\/wp-content\/uploads\/sites\/5\/2015\/03\/Slide111.jpg?resize=350%2C200 1x, https:\/\/i0.wp.com\/efagundes.com\/networking\/wp-content\/uploads\/sites\/5\/2015\/03\/Slide111.jpg?resize=525%2C300 1.5x, https:\/\/i0.wp.com\/efagundes.com\/networking\/wp-content\/uploads\/sites\/5\/2015\/03\/Slide111.jpg?resize=700%2C400 2x"},"classes":[]},{"id":146,"url":"https:\/\/efagundes.com\/networking\/modelos-de-referencia\/modelo-osi\/","url_meta":{"origin":79,"position":1},"title":"Modelo OSI","author":"Eduardo Fagundes","date":"16\/11\/2012","format":false,"excerpt":"As camadas 3, 2 e 1 s\u00e3o respons\u00e1veis por mover os pacotes de dados da esta\u00e7\u00e3o de origem para a esta\u00e7\u00e3o de destino. Camada Rede (3) A camada de rede estabelece a rota entre o transmissor e o receptor atrav\u00e9s dos pontos de roteamento existentes na rede. O exemplo mais\u2026","rel":"","context":"Post similar","block_context":{"text":"Post similar","link":""},"img":{"alt_text":"Slide2","src":"https:\/\/i0.wp.com\/efagundes.com\/networking\/wp-content\/uploads\/sites\/5\/2015\/03\/Slide210.jpg?resize=350%2C200","width":350,"height":200,"srcset":"https:\/\/i0.wp.com\/efagundes.com\/networking\/wp-content\/uploads\/sites\/5\/2015\/03\/Slide210.jpg?resize=350%2C200 1x, https:\/\/i0.wp.com\/efagundes.com\/networking\/wp-content\/uploads\/sites\/5\/2015\/03\/Slide210.jpg?resize=525%2C300 1.5x, https:\/\/i0.wp.com\/efagundes.com\/networking\/wp-content\/uploads\/sites\/5\/2015\/03\/Slide210.jpg?resize=700%2C400 2x"},"classes":[]},{"id":637,"url":"https:\/\/efagundes.com\/networking\/ethernet-2\/o-padrao-ieee-802-2-llc\/","url_meta":{"origin":79,"position":2},"title":"O padr\u00e3o IEEE 802.2: LLC","author":"Eduardo Fagundes","date":"17\/11\/2012","format":false,"excerpt":"O padr\u00e3o ANSI\/IEEE 802.2 (ISO 8802-2) descreve as fun\u00e7\u00f5es da camada de controle l\u00f3gico de enlace (LLC) do padr\u00e3o IEEE 802 (ISO 8802-2), comum aos v\u00e1rios m\u00e9todos de acesso definidos na fam\u00edlia de padr\u00f5es IEEE 802, bem como a interface oferecida pela camada LLC para o n\u00edvel de rede e\u2026","rel":"","context":"Post similar","block_context":{"text":"Post similar","link":""},"img":{"alt_text":"","src":"https:\/\/i0.wp.com\/efagundes.com\/networking\/wp-content\/uploads\/sites\/5\/2015\/03\/Slide323.jpg?resize=350%2C200","width":350,"height":200,"srcset":"https:\/\/i0.wp.com\/efagundes.com\/networking\/wp-content\/uploads\/sites\/5\/2015\/03\/Slide323.jpg?resize=350%2C200 1x, https:\/\/i0.wp.com\/efagundes.com\/networking\/wp-content\/uploads\/sites\/5\/2015\/03\/Slide323.jpg?resize=525%2C300 1.5x, https:\/\/i0.wp.com\/efagundes.com\/networking\/wp-content\/uploads\/sites\/5\/2015\/03\/Slide323.jpg?resize=700%2C400 2x"},"classes":[]},{"id":170,"url":"https:\/\/efagundes.com\/networking\/redes-geograficamente-distribuidas\/a-internet\/","url_meta":{"origin":79,"position":3},"title":"A Internet","author":"Eduardo Fagundes","date":"16\/11\/2012","format":false,"excerpt":"Para que a rede possa funcionar \u00e9 necess\u00e1rio procedimento detalhado para a troca de dados. As regras s\u00e3o implementadas atrav\u00e9s de \"protocolos de comunica\u00e7\u00e3o\". As regras de comunica\u00e7\u00e3o entre computadores s\u00e3o similares as de uma linguagem humana. Por exemplo, quando se estabelece uma conversa entre duas pessoas a etiqueta diz\u2026","rel":"","context":"Post similar","block_context":{"text":"Post similar","link":""},"img":{"alt_text":"Slide12","src":"https:\/\/i0.wp.com\/efagundes.com\/networking\/wp-content\/uploads\/sites\/5\/2015\/03\/Slide121.jpg?resize=350%2C200","width":350,"height":200,"srcset":"https:\/\/i0.wp.com\/efagundes.com\/networking\/wp-content\/uploads\/sites\/5\/2015\/03\/Slide121.jpg?resize=350%2C200 1x, https:\/\/i0.wp.com\/efagundes.com\/networking\/wp-content\/uploads\/sites\/5\/2015\/03\/Slide121.jpg?resize=525%2C300 1.5x, https:\/\/i0.wp.com\/efagundes.com\/networking\/wp-content\/uploads\/sites\/5\/2015\/03\/Slide121.jpg?resize=700%2C400 2x"},"classes":[]},{"id":572,"url":"https:\/\/efagundes.com\/networking\/camada-de-enlace-de-dados\/servicos-oferecidos-a-camada-de-rede\/","url_meta":{"origin":79,"position":4},"title":"Servi\u00e7os oferecidos \u00e0 camada de rede","author":"Eduardo Fagundes","date":"17\/11\/2012","format":false,"excerpt":"A fun\u00e7\u00e3o da camada de enlace de dados \u00e9 fornece servi\u00e7os \u00e0 camada de rede. O principal servi\u00e7o \u00e9 transferir dados da camada de rede da m\u00e1quina de origem para a camada de rede da m\u00e1quina de destino. Na camada de rede da m\u00e1quina de origem, h\u00e1 uma entidade chamada\u2026","rel":"","context":"Post similar","block_context":{"text":"Post similar","link":""},"img":{"alt_text":"","src":"https:\/\/i0.wp.com\/efagundes.com\/networking\/wp-content\/uploads\/sites\/5\/2015\/03\/Slide310.jpg?resize=350%2C200","width":350,"height":200,"srcset":"https:\/\/i0.wp.com\/efagundes.com\/networking\/wp-content\/uploads\/sites\/5\/2015\/03\/Slide310.jpg?resize=350%2C200 1x, https:\/\/i0.wp.com\/efagundes.com\/networking\/wp-content\/uploads\/sites\/5\/2015\/03\/Slide310.jpg?resize=525%2C300 1.5x, https:\/\/i0.wp.com\/efagundes.com\/networking\/wp-content\/uploads\/sites\/5\/2015\/03\/Slide310.jpg?resize=700%2C400 2x"},"classes":[]},{"id":675,"url":"https:\/\/efagundes.com\/networking\/comutacao-na-camada-de-enlace-de-dados\/repetidores-hubs-bridges-switches-e-gateways\/","url_meta":{"origin":79,"position":5},"title":"Repetidores, hubs, bridges, switches e gateways (I)","author":"Eduardo Fagundes","date":"17\/11\/2012","format":false,"excerpt":"Existem diferentes equipamentos que operam em diferentes camadas do modelo OSI, como mostra a figura acima a esquerda. A camada \u00e9 importante, porque diferentes dispositivos utilizam fragmentos de informa\u00e7\u00f5es diferentes para decidir como realizar a comuta\u00e7\u00e3o. Em um cen\u00e1rio t\u00edpico, o usu\u00e1rio gera alguns dados a serem enviados para um\u2026","rel":"","context":"Post similar","block_context":{"text":"Post similar","link":""},"img":{"alt_text":"","src":"https:\/\/i0.wp.com\/efagundes.com\/networking\/wp-content\/uploads\/sites\/5\/2015\/03\/Slide49.jpg?resize=350%2C200","width":350,"height":200,"srcset":"https:\/\/i0.wp.com\/efagundes.com\/networking\/wp-content\/uploads\/sites\/5\/2015\/03\/Slide49.jpg?resize=350%2C200 1x, https:\/\/i0.wp.com\/efagundes.com\/networking\/wp-content\/uploads\/sites\/5\/2015\/03\/Slide49.jpg?resize=525%2C300 1.5x, https:\/\/i0.wp.com\/efagundes.com\/networking\/wp-content\/uploads\/sites\/5\/2015\/03\/Slide49.jpg?resize=700%2C400 2x"},"classes":[]}],"jetpack_sharing_enabled":true,"_links":{"self":[{"href":"https:\/\/efagundes.com\/networking\/wp-json\/wp\/v2\/pages\/79","targetHints":{"allow":["GET"]}}],"collection":[{"href":"https:\/\/efagundes.com\/networking\/wp-json\/wp\/v2\/pages"}],"about":[{"href":"https:\/\/efagundes.com\/networking\/wp-json\/wp\/v2\/types\/page"}],"author":[{"embeddable":true,"href":"https:\/\/efagundes.com\/networking\/wp-json\/wp\/v2\/users\/1"}],"replies":[{"embeddable":true,"href":"https:\/\/efagundes.com\/networking\/wp-json\/wp\/v2\/comments?post=79"}],"version-history":[{"count":0,"href":"https:\/\/efagundes.com\/networking\/wp-json\/wp\/v2\/pages\/79\/revisions"}],"up":[{"embeddable":true,"href":"https:\/\/efagundes.com\/networking\/wp-json\/wp\/v2\/pages\/61"}],"wp:attachment":[{"href":"https:\/\/efagundes.com\/networking\/wp-json\/wp\/v2\/media?parent=79"}],"curies":[{"name":"wp","href":"https:\/\/api.w.org\/{rel}","templated":true}]}}