{"id":791,"date":"2012-11-18T10:54:47","date_gmt":"2012-11-18T12:54:47","guid":{"rendered":"http:\/\/efagundes.com\/openclass_networking\/?page_id=791"},"modified":"2022-01-16T17:52:30","modified_gmt":"2022-01-16T20:52:30","slug":"servicos-integrados-rsvp-the-reservation-protocol-2","status":"publish","type":"page","link":"https:\/\/efagundes.com\/networking\/algoritmos-de-roteamento\/servicos-integrados-rsvp-the-reservation-protocol-2\/","title":{"rendered":"RSVP The ReSerVation Protocol (II)"},"content":{"rendered":"<p><img data-recalc-dims=\"1\" loading=\"lazy\" decoding=\"async\" class=\"alignnone\" src=\"https:\/\/i0.wp.com\/efagundes.com\/networking\/wp-content\/uploads\/sites\/5\/2015\/03\/Slide352.jpg?resize=960%2C720\" alt=\"\" width=\"960\" height=\"720\" \/><\/p>\n<p>Para obter uma melhor recep\u00e7\u00e3o e eliminar o congestionamento, qualquer um dos receptores de um grupo pode enviar uma mensagem de reserva pela \u00e1rvore para o transmissor. A mensagem \u00e9 propagada com a utiliza\u00e7\u00e3o do algoritmo de encaminhamento pelo caminho inverso. Em cada hop, o roteador detecta a reserva e guarda a largura de banda necess\u00e1ria. Se a largura de banda dispon\u00edvel n\u00e3o for suficiente, ele reporta a falha. No momento em que a mensagem retorna \u00e0 origem, a largura de banda j\u00e1 ter\u00e1 sido reservada ao longo de todo o caminho entre o transmissor e o receptor, fazendo a solicita\u00e7\u00e3o de reserva ao longo da \u00e1rvore de amplitude.<\/p>\n<p>Um exemplo desse processo de reserva \u00e9 mostrado na figura (a). Aqui, o host 3 solicitou um canal ao host 1. Uma vez estabelecido o canal, os pacotes podem fluir do host 1 at\u00e9 o host 3, sem congestionamento. Agora, considere o que acontecer\u00e1 se, em seguida, o host 3 reservar um canal para o outro transmissor, o host 2, de forma que o usu\u00e1rio possa assistir a dois programas de televis\u00e3o ao mesmo tempo. Um segundo caminho ser\u00e1 reservado, como ilustra a figura (b). Observe que s\u00e3o necess\u00e1rios dois canais distintos entre o host 3 e o roteador E, pois dois fluxos independentes est\u00e3o sendo transmitidos.<\/p>\n<p>A figura (c ) mostra que o host 5 decide assistir ao programa que est\u00e1 sendo transmitido pelo host 1 e tamb\u00e9m faz uma reserva. Primeiro, \u00e9 reservada uma largura de banda dedicada at\u00e9 o roteador H. Entretanto, esse roteador percebe que j\u00e1 est\u00e1 sendo alimentado pelo host 1; sendo assim, como a largura de banda necess\u00e1ria j\u00e1 foi reservada, ele n\u00e3o precisa reservar mais nada. Observe que os hosts 3 e 5 poderiam ter solicitado diferentes volumes de largura de banda (por exemplo, o host 3 tem um aparelho de televis\u00e3o em preto-e-branco, e assim n\u00e3o deseja as informa\u00e7\u00e3o sobre cores); portanto, a capacidade reservada deve ser grande o suficiente para satisfazer ao receptor mais voraz.<\/p>\n<p>&nbsp;<\/p>\n","protected":false},"excerpt":{"rendered":"<p>Para obter uma melhor recep\u00e7\u00e3o e eliminar o congestionamento, qualquer um dos receptores de um grupo pode enviar uma mensagem de reserva pela \u00e1rvore para o transmissor. A mensagem \u00e9 propagada com a utiliza\u00e7\u00e3o do algoritmo de encaminhamento pelo caminho inverso. Em cada hop, o roteador detecta a reserva e guarda a largura de banda [&hellip;]<\/p>\n","protected":false},"author":1,"featured_media":0,"parent":741,"menu_order":121,"comment_status":"closed","ping_status":"closed","template":"","meta":{"footnotes":""},"class_list":["post-791","page","type-page","status-publish","hentry"],"jetpack_shortlink":"https:\/\/wp.me\/P8yKGp-cL","jetpack-related-posts":[{"id":768,"url":"https:\/\/efagundes.com\/networking\/algoritmos-de-roteamento\/congestionamento\/","url_meta":{"origin":791,"position":0},"title":"Congestionamento","author":"Eduardo Fagundes","date":"18\/11\/2012","format":false,"excerpt":"O congestionamento ocorre em uma sub-rede quando existem pacotes demais trafegando, ocasionando uma redu\u00e7\u00e3o do desempenho da rede. Quando o n\u00famero de pacotes depositados na sub-rede pelos hosts est\u00e1 dentro de sua capacidade de transporte, eles s\u00e3o todos entregues. Entretanto, quando o tr\u00e1fego aumenta muito, os roteadores j\u00e1 n\u00e3o s\u00e3o\u2026","rel":"","context":"Post similar","block_context":{"text":"Post similar","link":""},"img":{"alt_text":"","src":"https:\/\/i0.wp.com\/efagundes.com\/networking\/wp-content\/uploads\/sites\/5\/2015\/03\/Slide245.jpg?resize=350%2C200","width":350,"height":200,"srcset":"https:\/\/i0.wp.com\/efagundes.com\/networking\/wp-content\/uploads\/sites\/5\/2015\/03\/Slide245.jpg?resize=350%2C200 1x, https:\/\/i0.wp.com\/efagundes.com\/networking\/wp-content\/uploads\/sites\/5\/2015\/03\/Slide245.jpg?resize=525%2C300 1.5x, https:\/\/i0.wp.com\/efagundes.com\/networking\/wp-content\/uploads\/sites\/5\/2015\/03\/Slide245.jpg?resize=700%2C400 2x"},"classes":[]},{"id":758,"url":"https:\/\/efagundes.com\/networking\/algoritmos-de-roteamento\/roteamento-por-difusao\/","url_meta":{"origin":791,"position":1},"title":"Roteamento por difus\u00e3o","author":"Eduardo Fagundes","date":"18\/11\/2012","format":false,"excerpt":"Para algumas aplica\u00e7\u00f5es os hosts precisam enviar mensagens a muitos outros hosts. Um exemplo \u00e9 o servi\u00e7o de distribui\u00e7\u00e3o de relat\u00f3rios sobre o tempo, atualiza\u00e7\u00f5es do mercado de a\u00e7\u00f5es ou programas de r\u00e1dio ao vivo. O envio de um pacote a todos os destinos simultaneamente \u00e9 chamado difus\u00e3o (broadcasting). Um\u2026","rel":"","context":"Post similar","block_context":{"text":"Post similar","link":""},"img":{"alt_text":"","src":"https:\/\/i0.wp.com\/efagundes.com\/networking\/wp-content\/uploads\/sites\/5\/2015\/03\/Slide195.jpg?resize=350%2C200","width":350,"height":200,"srcset":"https:\/\/i0.wp.com\/efagundes.com\/networking\/wp-content\/uploads\/sites\/5\/2015\/03\/Slide195.jpg?resize=350%2C200 1x, https:\/\/i0.wp.com\/efagundes.com\/networking\/wp-content\/uploads\/sites\/5\/2015\/03\/Slide195.jpg?resize=525%2C300 1.5x, https:\/\/i0.wp.com\/efagundes.com\/networking\/wp-content\/uploads\/sites\/5\/2015\/03\/Slide195.jpg?resize=700%2C400 2x"},"classes":[]},{"id":776,"url":"https:\/\/efagundes.com\/networking\/algoritmos-de-roteamento\/pacotes-reguladores-hop-a-hop\/","url_meta":{"origin":791,"position":2},"title":"Pacotes reguladores hop a hop","author":"Eduardo Fagundes","date":"18\/11\/2012","format":false,"excerpt":"Uma t\u00e9cnica de controle de congestionamento \u00e9 utilizar pacotes regulares. Segundo essa abordagem, o roteador enviar\u00e1 um pacote regulador ao host de origem informando o destino encontrado no pacote. O pacote original \u00e9 marcado para que ele n\u00e3o venha a gerar mais pacotes reguladores ao longo do caminho, e depois\u2026","rel":"","context":"Post similar","block_context":{"text":"Post similar","link":""},"img":{"alt_text":"","src":"https:\/\/i0.wp.com\/efagundes.com\/networking\/wp-content\/uploads\/sites\/5\/2015\/03\/Slide284.jpg?resize=350%2C200","width":350,"height":200,"srcset":"https:\/\/i0.wp.com\/efagundes.com\/networking\/wp-content\/uploads\/sites\/5\/2015\/03\/Slide284.jpg?resize=350%2C200 1x, https:\/\/i0.wp.com\/efagundes.com\/networking\/wp-content\/uploads\/sites\/5\/2015\/03\/Slide284.jpg?resize=525%2C300 1.5x, https:\/\/i0.wp.com\/efagundes.com\/networking\/wp-content\/uploads\/sites\/5\/2015\/03\/Slide284.jpg?resize=700%2C400 2x"},"classes":[]},{"id":255,"url":"https:\/\/efagundes.com\/networking\/teoria-da-transmissao-e-meios-magneticos\/taxa-de-dados-maxima-de-um-canal-ii\/","url_meta":{"origin":791,"position":3},"title":"Taxa de dados m\u00e1xima de um canal (II)","author":"Eduardo Fagundes","date":"16\/11\/2012","format":false,"excerpt":"\u00a0 Todos os canais de transmiss\u00e3o de qualquer interesse pr\u00e1tico tem uma largura de banda de frequ\u00eancia limitada. As limita\u00e7\u00f5es surgem das propriedades f\u00edsicas do canal ou de limita\u00e7\u00f5es deliberadas na largura de banda para evitar interfer\u00eancia de outras fontes. Principalmente por raz\u00f5es econ\u00f4micas, a maioria dos sistemas de comunica\u00e7\u00e3o\u2026","rel":"","context":"Post similar","block_context":{"text":"Post similar","link":""},"img":{"alt_text":"Slide9","src":"https:\/\/i0.wp.com\/efagundes.com\/networking\/wp-content\/uploads\/sites\/5\/2015\/03\/Slide92.jpg?resize=350%2C200","width":350,"height":200,"srcset":"https:\/\/i0.wp.com\/efagundes.com\/networking\/wp-content\/uploads\/sites\/5\/2015\/03\/Slide92.jpg?resize=350%2C200 1x, https:\/\/i0.wp.com\/efagundes.com\/networking\/wp-content\/uploads\/sites\/5\/2015\/03\/Slide92.jpg?resize=525%2C300 1.5x, https:\/\/i0.wp.com\/efagundes.com\/networking\/wp-content\/uploads\/sites\/5\/2015\/03\/Slide92.jpg?resize=700%2C400 2x"},"classes":[]},{"id":77,"url":"https:\/\/efagundes.com\/networking\/hardware-de-rede\/roteador-dedicado\/","url_meta":{"origin":791,"position":4},"title":"Roteador dedicado","author":"Eduardo Fagundes","date":"16\/11\/2012","format":false,"excerpt":"\u00a0 Em redes geograficamente distribu\u00eddas \u00e9 importante o conceito de roteamento. Entende-se por roteamento \u00e9 a escolha do m\u00f3dulo do n\u00f3 de origem ao n\u00f3 de destino por onde as mensagens devem transitar. Na comuta\u00e7\u00e3o de circuito, nas mensagens ou de pacote. Primeiramente estabelece uma conex\u00e3o entre n\u00f3s de origem\u2026","rel":"","context":"Post similar","block_context":{"text":"Post similar","link":""},"img":{"alt_text":"Slide13","src":"https:\/\/i0.wp.com\/efagundes.com\/networking\/wp-content\/uploads\/sites\/5\/2015\/03\/Slide13.jpg?resize=350%2C200","width":350,"height":200,"srcset":"https:\/\/i0.wp.com\/efagundes.com\/networking\/wp-content\/uploads\/sites\/5\/2015\/03\/Slide13.jpg?resize=350%2C200 1x, https:\/\/i0.wp.com\/efagundes.com\/networking\/wp-content\/uploads\/sites\/5\/2015\/03\/Slide13.jpg?resize=525%2C300 1.5x, https:\/\/i0.wp.com\/efagundes.com\/networking\/wp-content\/uploads\/sites\/5\/2015\/03\/Slide13.jpg?resize=700%2C400 2x"},"classes":[]},{"id":335,"url":"https:\/\/efagundes.com\/networking\/transmissao-sem-fio\/o-espectro-eletromagnetico-ii\/","url_meta":{"origin":791,"position":5},"title":"O espectro eletromagn\u00e9tico (II)","author":"Eduardo Fagundes","date":"16\/11\/2012","format":false,"excerpt":"\u00a0 A quantidade de informa\u00e7\u00e3o que uma onda eletromagn\u00e9tica pode transportar \u00e9 relacionada \u00e0 sua largura de banda. Com a tecnologia atual, \u00e9 poss\u00edvel codificar alguns bits por Hz em frequ\u00eancias baixas, mas em altas frequ\u00eancias pode-se codificar cerca de 40 bits, assim, um cabo de 500MHz transporta v\u00e1rios gigabits\/s.\u2026","rel":"","context":"Post similar","block_context":{"text":"Post similar","link":""},"img":{"alt_text":"Slide4","src":"https:\/\/i0.wp.com\/efagundes.com\/networking\/wp-content\/uploads\/sites\/5\/2015\/03\/Slide43.jpg?resize=350%2C200","width":350,"height":200,"srcset":"https:\/\/i0.wp.com\/efagundes.com\/networking\/wp-content\/uploads\/sites\/5\/2015\/03\/Slide43.jpg?resize=350%2C200 1x, https:\/\/i0.wp.com\/efagundes.com\/networking\/wp-content\/uploads\/sites\/5\/2015\/03\/Slide43.jpg?resize=525%2C300 1.5x, https:\/\/i0.wp.com\/efagundes.com\/networking\/wp-content\/uploads\/sites\/5\/2015\/03\/Slide43.jpg?resize=700%2C400 2x"},"classes":[]}],"jetpack_sharing_enabled":true,"_links":{"self":[{"href":"https:\/\/efagundes.com\/networking\/wp-json\/wp\/v2\/pages\/791","targetHints":{"allow":["GET"]}}],"collection":[{"href":"https:\/\/efagundes.com\/networking\/wp-json\/wp\/v2\/pages"}],"about":[{"href":"https:\/\/efagundes.com\/networking\/wp-json\/wp\/v2\/types\/page"}],"author":[{"embeddable":true,"href":"https:\/\/efagundes.com\/networking\/wp-json\/wp\/v2\/users\/1"}],"replies":[{"embeddable":true,"href":"https:\/\/efagundes.com\/networking\/wp-json\/wp\/v2\/comments?post=791"}],"version-history":[{"count":0,"href":"https:\/\/efagundes.com\/networking\/wp-json\/wp\/v2\/pages\/791\/revisions"}],"up":[{"embeddable":true,"href":"https:\/\/efagundes.com\/networking\/wp-json\/wp\/v2\/pages\/741"}],"wp:attachment":[{"href":"https:\/\/efagundes.com\/networking\/wp-json\/wp\/v2\/media?parent=791"}],"curies":[{"name":"wp","href":"https:\/\/api.w.org\/{rel}","templated":true}]}}