{"id":793,"date":"2012-11-18T10:56:19","date_gmt":"2012-11-18T12:56:19","guid":{"rendered":"http:\/\/efagundes.com\/openclass_networking\/?page_id=793"},"modified":"2022-01-16T17:52:30","modified_gmt":"2022-01-16T20:52:30","slug":"servicos-diferenciados-diffserv","status":"publish","type":"page","link":"https:\/\/efagundes.com\/networking\/algoritmos-de-roteamento\/servicos-diferenciados-diffserv\/","title":{"rendered":"Servi\u00e7os diferenciados (Diffserv)"},"content":{"rendered":"<p><img data-recalc-dims=\"1\" loading=\"lazy\" decoding=\"async\" class=\"alignnone\" src=\"https:\/\/i0.wp.com\/efagundes.com\/networking\/wp-content\/uploads\/sites\/5\/2015\/03\/Slide362.jpg?resize=960%2C720\" alt=\"\" width=\"960\" height=\"720\" \/><\/p>\n<p>A Internet atual atende requisi\u00e7\u00f5es de aplica\u00e7\u00f5es e as encaminha num esquema de servi\u00e7o best-effort. Neste contexto, o IETF (Internet Engineering Task Force) vem realizando esfor\u00e7os no sentido de padronizar mecanismos e arquiteturas que conduzam ao oferecimento de um n\u00edvel diferenciado de servi\u00e7os na Internet. \u00c9 neste cen\u00e1rio que surgem os Servi\u00e7os Diferenciados.<\/p>\n<p>Os Servi\u00e7os Diferenciados constituem um dos padr\u00f5es propostos pelo IETF, que buscam proporcionar um melhor controle sobre o tr\u00e1fego na Internet. Neste tipo de servi\u00e7o, n\u00edveis de prioridade s\u00e3o definidos, visando oferecer garantia por fluxos agregados. A garantia por fluxos agregados constitui algo interessante, pois o n\u00famero de fluxos individuais com QoS habilitada pode ser muito alto.<\/p>\n<p>\u00c9 feita a marca\u00e7\u00e3o e o policiamento dos pacotes que chegam no primeiro roteador, de acordo com um perfil de servi\u00e7o contratado. Para a realizar essa marca\u00e7\u00e3o, existem v\u00e1rias propostas de PHB (Per-Hop Behaviour) que podem ser implementadas. Esses PHB\u2019s definem o procedimento de encaminhamento a ser aplicado aos pacotes, sendo que n\u00e3o necessitam de disciplinas de enfileiramento. O PHB definido para um determinado fluxo \u00e9 indicado atrav\u00e9s de um bit ligado no cabe\u00e7alho do pacote. A largura de banda \u00e9 o recurso requisitado e alocado.<\/p>\n<p>Um esquema um pouco mais elaborado para gerenciar as classes de servi\u00e7o \u00e9 chamado encaminhamento garantido. A figura mostra uma forma poss\u00edvel de processar pacotes no esquema de encaminhamento garantido. A etapa 1 consistem em classificar os pacotes em uma das quatro classes de prioridade. Essa etapa poderia ser feita no host transmissor (como mostra a figura( ou no roteador de ingresso (o primeiro).<\/p>\n<p>A etapa 2 \u00e9 a marca\u00e7\u00e3o dos pacotes de acordo com sua classe. \u00c9 necess\u00e1rio um campo de cabe\u00e7alho para esse prop\u00f3sito. Felizmente, h\u00e1 um campo de 8 bits Type of Services dispon\u00edvel no cabe\u00e7alho IP. A RFC 2597 especifica que seis desses bits devem ser usados para a classe de servi\u00e7o, deixando espa\u00e7o de codifica\u00e7\u00e3o para classes de servi\u00e7o hist\u00f3ricas e futuras.<\/p>\n<p>A etapa 3 consiste em fazer os pacote passarem por um filtro modelador;regulador que pode retardar ou descarta alguns deles para modelar os quatro fluxos em forma aceit\u00e1veis; por exemplo, usando o balde furado.<\/p>\n<p>&nbsp;<\/p>\n","protected":false},"excerpt":{"rendered":"<p>A Internet atual atende requisi\u00e7\u00f5es de aplica\u00e7\u00f5es e as encaminha num esquema de servi\u00e7o best-effort. Neste contexto, o IETF (Internet Engineering Task Force) vem realizando esfor\u00e7os no sentido de padronizar mecanismos e arquiteturas que conduzam ao oferecimento de um n\u00edvel diferenciado de servi\u00e7os na Internet. \u00c9 neste cen\u00e1rio que surgem os Servi\u00e7os Diferenciados. Os Servi\u00e7os [&hellip;]<\/p>\n","protected":false},"author":1,"featured_media":0,"parent":741,"menu_order":122,"comment_status":"closed","ping_status":"closed","template":"","meta":{"footnotes":""},"class_list":["post-793","page","type-page","status-publish","hentry"],"jetpack_shortlink":"https:\/\/wp.me\/P8yKGp-cN","jetpack-related-posts":[{"id":795,"url":"https:\/\/efagundes.com\/networking\/algoritmos-de-roteamento\/mpls-multiprotocol-label-switching\/","url_meta":{"origin":793,"position":0},"title":"MPLS (MultiProtocol Label Switching)","author":"Eduardo Fagundes","date":"18\/11\/2012","format":false,"excerpt":"Enquanto a IETF estava desenvolvendo servi\u00e7os integrados e servi\u00e7os diferenciados, v\u00e1rios fabricantes de roteadores estavam desenvolvendo m\u00e9todos de encaminhamento melhores. Esse trabalho se concentrou na inclus\u00e3o de um r\u00f3tulo (label) no in\u00edcio de cada pacote e na execu\u00e7\u00e3o do roteamento baseado no r\u00f3tulo, e n\u00e3o no endere\u00e7o de destino. Fazer\u2026","rel":"","context":"Post similar","block_context":{"text":"Post similar","link":""},"img":{"alt_text":"","src":"https:\/\/i0.wp.com\/efagundes.com\/networking\/wp-content\/uploads\/sites\/5\/2015\/03\/Slide372.jpg?resize=350%2C200","width":350,"height":200,"srcset":"https:\/\/i0.wp.com\/efagundes.com\/networking\/wp-content\/uploads\/sites\/5\/2015\/03\/Slide372.jpg?resize=350%2C200 1x, https:\/\/i0.wp.com\/efagundes.com\/networking\/wp-content\/uploads\/sites\/5\/2015\/03\/Slide372.jpg?resize=525%2C300 1.5x, https:\/\/i0.wp.com\/efagundes.com\/networking\/wp-content\/uploads\/sites\/5\/2015\/03\/Slide372.jpg?resize=700%2C400 2x"},"classes":[]},{"id":789,"url":"https:\/\/efagundes.com\/networking\/algoritmos-de-roteamento\/servicos-integrados-rsvp-the-reservation-protocol\/","url_meta":{"origin":793,"position":1},"title":"RSVP The ReSerVation Protocol (I)","author":"Eduardo Fagundes","date":"18\/11\/2012","format":false,"excerpt":"Entre 1995 e 1997, a IETF (Internet Engineering Task Force) dedicou um grande esfor\u00e7o \u00e0 cria\u00e7\u00e3o de uma arquitetura para multim\u00eddia de fluxo. Esse trabalho resultou em mais de duas dezenas de RFCs, come\u00e7ando com as RFCs 2205 a 2210. O nome gen\u00e9rico desse trabalho \u00e9 algoritmos baseados em fluxo\u2026","rel":"","context":"Post similar","block_context":{"text":"Post similar","link":""},"img":{"alt_text":"","src":"https:\/\/i0.wp.com\/efagundes.com\/networking\/wp-content\/uploads\/sites\/5\/2015\/03\/Slide343.jpg?resize=350%2C200","width":350,"height":200,"srcset":"https:\/\/i0.wp.com\/efagundes.com\/networking\/wp-content\/uploads\/sites\/5\/2015\/03\/Slide343.jpg?resize=350%2C200 1x, https:\/\/i0.wp.com\/efagundes.com\/networking\/wp-content\/uploads\/sites\/5\/2015\/03\/Slide343.jpg?resize=525%2C300 1.5x, https:\/\/i0.wp.com\/efagundes.com\/networking\/wp-content\/uploads\/sites\/5\/2015\/03\/Slide343.jpg?resize=700%2C400 2x"},"classes":[]},{"id":785,"url":"https:\/\/efagundes.com\/networking\/algoritmos-de-roteamento\/tecnicas-para-se-alcancar-boa-qualidade-de-servico-buffering\/","url_meta":{"origin":793,"position":2},"title":"T\u00e9cnicas para se alcan\u00e7ar boa qualidade de servi\u00e7o buffering","author":"Eduardo Fagundes","date":"18\/11\/2012","format":false,"excerpt":"Uma das t\u00e9cnicas para se alcan\u00e7ar boa qualidade de servi\u00e7o \u00e9 o armazenamento em buffers. Os fluxos podem ser armazenados em buffers no lado receptor, antes de serem entregues. O armazenamento dos fluxos em buffers n\u00e3o afeta a confiabilidade ou a largura de banda e aumenta o retardo, mas, por\u2026","rel":"","context":"Post similar","block_context":{"text":"Post similar","link":""},"img":{"alt_text":"","src":"https:\/\/i0.wp.com\/efagundes.com\/networking\/wp-content\/uploads\/sites\/5\/2015\/03\/Slide324.jpg?resize=350%2C200","width":350,"height":200,"srcset":"https:\/\/i0.wp.com\/efagundes.com\/networking\/wp-content\/uploads\/sites\/5\/2015\/03\/Slide324.jpg?resize=350%2C200 1x, https:\/\/i0.wp.com\/efagundes.com\/networking\/wp-content\/uploads\/sites\/5\/2015\/03\/Slide324.jpg?resize=525%2C300 1.5x, https:\/\/i0.wp.com\/efagundes.com\/networking\/wp-content\/uploads\/sites\/5\/2015\/03\/Slide324.jpg?resize=700%2C400 2x"},"classes":[]},{"id":733,"url":"https:\/\/efagundes.com\/networking\/a-camada-de-rede\/servicos-oferecidos-a-camada-de-transporte\/","url_meta":{"origin":793,"position":3},"title":"Servi\u00e7os oferecidos \u00e0 camada de transporte","author":"Eduardo Fagundes","date":"18\/11\/2012","format":false,"excerpt":"Tendo definido os objetivos da camada de rede, os projetistas da camada de rede t\u00eam liberdade para escrever especifica\u00e7\u00f5es detalhadas dos servi\u00e7os a serem oferecidos \u00e0 camada de transporte. Uma discuss\u00e3o acad\u00eamica \u00e9 se a camada de rede deve fornecer servi\u00e7o orientado a conex\u00f5es ou servi\u00e7o sem conex\u00f5es. Um lado,\u2026","rel":"","context":"Post similar","block_context":{"text":"Post similar","link":""},"img":{"alt_text":"","src":"https:\/\/i0.wp.com\/efagundes.com\/networking\/wp-content\/uploads\/sites\/5\/2015\/03\/Slide77.jpg?resize=350%2C200","width":350,"height":200,"srcset":"https:\/\/i0.wp.com\/efagundes.com\/networking\/wp-content\/uploads\/sites\/5\/2015\/03\/Slide77.jpg?resize=350%2C200 1x, https:\/\/i0.wp.com\/efagundes.com\/networking\/wp-content\/uploads\/sites\/5\/2015\/03\/Slide77.jpg?resize=525%2C300 1.5x, https:\/\/i0.wp.com\/efagundes.com\/networking\/wp-content\/uploads\/sites\/5\/2015\/03\/Slide77.jpg?resize=700%2C400 2x"},"classes":[]},{"id":172,"url":"https:\/\/efagundes.com\/networking\/redes-geograficamente-distribuidas\/a-internet-2\/","url_meta":{"origin":793,"position":4},"title":"A Internet 2","author":"Eduardo Fagundes","date":"16\/11\/2012","format":false,"excerpt":"O projeto da Internet2 \u00e9 um esfor\u00e7o conjunto de mais de 200 universidades norte-americanas, agencias federais americanas e empresas do setor privado para desenvolver uma nova gera\u00e7\u00e3o de Internet para pesquisas e educa\u00e7\u00e3o, incluindo tanto servi\u00e7os de redes melhorados como aplica\u00e7\u00f5es multim\u00eddia que ser\u00e3o ativadas por estes servi\u00e7os. O trabalho\u2026","rel":"","context":"Post similar","block_context":{"text":"Post similar","link":""},"img":{"alt_text":"Slide13","src":"https:\/\/i0.wp.com\/efagundes.com\/networking\/wp-content\/uploads\/sites\/5\/2015\/03\/Slide131.jpg?resize=350%2C200","width":350,"height":200,"srcset":"https:\/\/i0.wp.com\/efagundes.com\/networking\/wp-content\/uploads\/sites\/5\/2015\/03\/Slide131.jpg?resize=350%2C200 1x, https:\/\/i0.wp.com\/efagundes.com\/networking\/wp-content\/uploads\/sites\/5\/2015\/03\/Slide131.jpg?resize=525%2C300 1.5x, https:\/\/i0.wp.com\/efagundes.com\/networking\/wp-content\/uploads\/sites\/5\/2015\/03\/Slide131.jpg?resize=700%2C400 2x"},"classes":[]},{"id":574,"url":"https:\/\/efagundes.com\/networking\/camada-de-enlace-de-dados\/enquadramento\/","url_meta":{"origin":793,"position":5},"title":"Enquadramento","author":"Eduardo Fagundes","date":"17\/11\/2012","format":false,"excerpt":"Para oferecer servi\u00e7os \u00e0 camada de rede, a camada de enlace deve usar o servi\u00e7o fornecido a ela pela camada f\u00edsica. O que a camada f\u00edsica faz \u00e9 aceitar um fluxo de bits brutos e tentar entreg\u00e1-lo ao destino. N\u00e3o h\u00e1 uma garantia de que esse fluxo de bits seja\u2026","rel":"","context":"Post similar","block_context":{"text":"Post similar","link":""},"img":{"alt_text":"","src":"https:\/\/i0.wp.com\/efagundes.com\/networking\/wp-content\/uploads\/sites\/5\/2015\/03\/Slide46.jpg?resize=350%2C200","width":350,"height":200,"srcset":"https:\/\/i0.wp.com\/efagundes.com\/networking\/wp-content\/uploads\/sites\/5\/2015\/03\/Slide46.jpg?resize=350%2C200 1x, https:\/\/i0.wp.com\/efagundes.com\/networking\/wp-content\/uploads\/sites\/5\/2015\/03\/Slide46.jpg?resize=525%2C300 1.5x, https:\/\/i0.wp.com\/efagundes.com\/networking\/wp-content\/uploads\/sites\/5\/2015\/03\/Slide46.jpg?resize=700%2C400 2x"},"classes":[]}],"jetpack_sharing_enabled":true,"_links":{"self":[{"href":"https:\/\/efagundes.com\/networking\/wp-json\/wp\/v2\/pages\/793","targetHints":{"allow":["GET"]}}],"collection":[{"href":"https:\/\/efagundes.com\/networking\/wp-json\/wp\/v2\/pages"}],"about":[{"href":"https:\/\/efagundes.com\/networking\/wp-json\/wp\/v2\/types\/page"}],"author":[{"embeddable":true,"href":"https:\/\/efagundes.com\/networking\/wp-json\/wp\/v2\/users\/1"}],"replies":[{"embeddable":true,"href":"https:\/\/efagundes.com\/networking\/wp-json\/wp\/v2\/comments?post=793"}],"version-history":[{"count":0,"href":"https:\/\/efagundes.com\/networking\/wp-json\/wp\/v2\/pages\/793\/revisions"}],"up":[{"embeddable":true,"href":"https:\/\/efagundes.com\/networking\/wp-json\/wp\/v2\/pages\/741"}],"wp:attachment":[{"href":"https:\/\/efagundes.com\/networking\/wp-json\/wp\/v2\/media?parent=793"}],"curies":[{"name":"wp","href":"https:\/\/api.w.org\/{rel}","templated":true}]}}