{"id":799,"date":"2012-11-18T12:03:57","date_gmt":"2012-11-18T14:03:57","guid":{"rendered":"http:\/\/efagundes.com\/openclass_networking\/?page_id=799"},"modified":"2022-01-16T17:49:41","modified_gmt":"2022-01-16T20:49:41","slug":"redes-e-transmissao-de-dados","status":"publish","type":"page","link":"https:\/\/efagundes.com\/networking\/redes-e-transmissao-de-dados\/","title":{"rendered":"Redes e Transmiss\u00e3o de Dados"},"content":{"rendered":"<p>Este curso foi desenvolvido para cursos de gradua\u00e7\u00e3o de tecnologia da informa\u00e7\u00e3o. Aborda os assuntos fundamentais de redes de computadores e transmiss\u00e3o de dados.<\/p>\n<p>O curso tem como refer\u00eancia o\u00a0livro Redes de Computadores, quarta edi\u00e7\u00e3o, de Andrew S. Tanenbaum. Tanenbaum\u00a0\u00e9 um dos mais renomados professores de tecnologia da informa\u00e7\u00e3o e seu livro \u00e9 utilizado em v\u00e1rios curso de gradua\u00e7\u00e3o e p\u00f3s-gradua\u00e7\u00e3o no mundo inteiro.<\/p>\n<p>Eduardo Mayer Fagundes<\/p>\n","protected":false},"excerpt":{"rendered":"<p>Este curso foi desenvolvido para cursos de gradua\u00e7\u00e3o de tecnologia da informa\u00e7\u00e3o. Aborda os assuntos fundamentais de redes de computadores e transmiss\u00e3o de dados. O curso tem como refer\u00eancia o\u00a0livro Redes de Computadores, quarta edi\u00e7\u00e3o, de Andrew S. Tanenbaum. Tanenbaum\u00a0\u00e9 um dos mais renomados professores de tecnologia da informa\u00e7\u00e3o e seu livro \u00e9 utilizado em [&hellip;]<\/p>\n","protected":false},"author":1,"featured_media":0,"parent":0,"menu_order":2,"comment_status":"closed","ping_status":"closed","template":"","meta":{"footnotes":""},"class_list":["post-799","page","type-page","status-publish","hentry"],"jetpack_shortlink":"https:\/\/wp.me\/P8yKGp-cT","jetpack-related-posts":[{"id":3904,"url":"https:\/\/efagundes.com\/networking\/","url_meta":{"origin":799,"position":0},"title":"Networking","author":"Eduardo Fagundes","date":"02\/08\/2025","format":false,"excerpt":"Fundamentos de Redes de Computadores Entenda os princ\u00edpios que sustentam a internet, os sistemas corporativos e a transforma\u00e7\u00e3o digital. Aprenda com quem j\u00e1 formou gera\u00e7\u00f5es de profissionais de TI. Curso Gratuito Este curso re\u00fane os materiais desenvolvidos originalmente para a disciplina de Redes de Computadores da gradua\u00e7\u00e3o em Tecnologia da\u2026","rel":"","context":"Post similar","block_context":{"text":"Post similar","link":""},"img":{"alt_text":"","src":"https:\/\/i0.wp.com\/efagundes.com\/networking\/wp-content\/uploads\/sites\/5\/2025\/08\/servicos-efagundes-com-8.jpeg?resize=350%2C200&ssl=1","width":350,"height":200,"srcset":"https:\/\/i0.wp.com\/efagundes.com\/networking\/wp-content\/uploads\/sites\/5\/2025\/08\/servicos-efagundes-com-8.jpeg?resize=350%2C200&ssl=1 1x, https:\/\/i0.wp.com\/efagundes.com\/networking\/wp-content\/uploads\/sites\/5\/2025\/08\/servicos-efagundes-com-8.jpeg?resize=525%2C300&ssl=1 1.5x, https:\/\/i0.wp.com\/efagundes.com\/networking\/wp-content\/uploads\/sites\/5\/2025\/08\/servicos-efagundes-com-8.jpeg?resize=700%2C400&ssl=1 2x, https:\/\/i0.wp.com\/efagundes.com\/networking\/wp-content\/uploads\/sites\/5\/2025\/08\/servicos-efagundes-com-8.jpeg?resize=1050%2C600&ssl=1 3x"},"classes":[]},{"id":9,"url":"https:\/\/efagundes.com\/networking\/curso-de-redes-de-computadores\/","url_meta":{"origin":799,"position":1},"title":"Uso de Redes de Computadores","author":"Eduardo Fagundes","date":"16\/11\/2012","format":false,"excerpt":"Antes de come\u00e7armos o estudo das quest\u00f5es t\u00e9cnicas de redes e transmiss\u00e3o de dados \u00e9 interessante entender a import\u00e2ncia das redes de computadores nas empresas e na vida das pessoas. Muitas empresas t\u00eam um n\u00famero significativo de computadores. Inicialmente, esses computadores funcionavam isoladamente, mas em um determinado momento, a ger\u00eancia\u2026","rel":"","context":"Post similar","block_context":{"text":"Post similar","link":""},"img":{"alt_text":"Slide1","src":"https:\/\/i0.wp.com\/efagundes.com\/networking\/wp-content\/uploads\/sites\/5\/2015\/03\/Slide1.jpg?resize=350%2C200","width":350,"height":200,"srcset":"https:\/\/i0.wp.com\/efagundes.com\/networking\/wp-content\/uploads\/sites\/5\/2015\/03\/Slide1.jpg?resize=350%2C200 1x, https:\/\/i0.wp.com\/efagundes.com\/networking\/wp-content\/uploads\/sites\/5\/2015\/03\/Slide1.jpg?resize=525%2C300 1.5x"},"classes":[]},{"id":59,"url":"https:\/\/efagundes.com\/networking\/curso-de-redes-de-computadores\/usuarios-moveis\/","url_meta":{"origin":799,"position":2},"title":"Usu\u00e1rios M\u00f3veis","author":"Eduardo Fagundes","date":"16\/11\/2012","format":false,"excerpt":"A Internet e o telefone celular s\u00e3o itens indispens\u00e1veis no cotidiano das pessoas. Outro item que est\u00e1 com um crescimento exponencial \u00e9 o smart-phone (iPhone, Blackberry, Android, Windows Phone). Com isso, \u00e9 natural que a ind\u00fastria de inform\u00e1tica e telecomunica\u00e7\u00f5es esteja trabalhando para integrar as facilidades da Internet nos smart-phones.\u2026","rel":"","context":"Post similar","block_context":{"text":"Post similar","link":""},"img":{"alt_text":"Slide5","src":"https:\/\/i0.wp.com\/efagundes.com\/networking\/wp-content\/uploads\/sites\/5\/2015\/03\/Slide5.jpg?resize=350%2C200","width":350,"height":200,"srcset":"https:\/\/i0.wp.com\/efagundes.com\/networking\/wp-content\/uploads\/sites\/5\/2015\/03\/Slide5.jpg?resize=350%2C200 1x, https:\/\/i0.wp.com\/efagundes.com\/networking\/wp-content\/uploads\/sites\/5\/2015\/03\/Slide5.jpg?resize=525%2C300 1.5x, https:\/\/i0.wp.com\/efagundes.com\/networking\/wp-content\/uploads\/sites\/5\/2015\/03\/Slide5.jpg?resize=700%2C400 2x"},"classes":[]},{"id":168,"url":"https:\/\/efagundes.com\/networking\/redes-geograficamente-distribuidas\/arquitetura-da-internet\/","url_meta":{"origin":799,"position":3},"title":"Arquitetura da Internet","author":"Eduardo Fagundes","date":"16\/11\/2012","format":false,"excerpt":"A Internet \u00e9 uma rede de computadores mundial de acesso de p\u00fablico ilimitado que utiliza uma infra-estrutura de telecomunica\u00e7\u00f5es homog\u00eanea. Atualmente qualquer pessoa f\u00edsica ou jur\u00eddica pode participar da Internet, incluindo empresas privadas, governos, escolas e organiza\u00e7\u00f5es n\u00e3o-governamentais. Os requisitos s\u00e3o possuir um computador, um software compat\u00edvel com a Internet\u2026","rel":"","context":"Post similar","block_context":{"text":"Post similar","link":""},"img":{"alt_text":"Slide11","src":"https:\/\/i0.wp.com\/efagundes.com\/networking\/wp-content\/uploads\/sites\/5\/2015\/03\/Slide111.jpg?resize=350%2C200","width":350,"height":200,"srcset":"https:\/\/i0.wp.com\/efagundes.com\/networking\/wp-content\/uploads\/sites\/5\/2015\/03\/Slide111.jpg?resize=350%2C200 1x, https:\/\/i0.wp.com\/efagundes.com\/networking\/wp-content\/uploads\/sites\/5\/2015\/03\/Slide111.jpg?resize=525%2C300 1.5x, https:\/\/i0.wp.com\/efagundes.com\/networking\/wp-content\/uploads\/sites\/5\/2015\/03\/Slide111.jpg?resize=700%2C400 2x"},"classes":[]},{"id":49,"url":"https:\/\/efagundes.com\/networking\/curso-de-redes-de-computadores\/aplicacoes-pela-internet-2\/","url_meta":{"origin":799,"position":4},"title":"Aplica\u00e7\u00f5es pela Internet","author":"Eduardo Fagundes","date":"16\/11\/2012","format":false,"excerpt":"T\u00f3picos do capitulo","rel":"","context":"Post similar","block_context":{"text":"Post similar","link":""},"img":{"alt_text":"Slide2","src":"https:\/\/i0.wp.com\/efagundes.com\/networking\/wp-content\/uploads\/sites\/5\/2015\/03\/Slide2-300x225.jpg?resize=350%2C200","width":350,"height":200,"srcset":"https:\/\/i0.wp.com\/efagundes.com\/networking\/wp-content\/uploads\/sites\/5\/2015\/03\/Slide2-300x225.jpg?resize=350%2C200 1x, https:\/\/i0.wp.com\/efagundes.com\/networking\/wp-content\/uploads\/sites\/5\/2015\/03\/Slide2-300x225.jpg?resize=525%2C300 1.5x"},"classes":[]},{"id":146,"url":"https:\/\/efagundes.com\/networking\/modelos-de-referencia\/modelo-osi\/","url_meta":{"origin":799,"position":5},"title":"Modelo OSI","author":"Eduardo Fagundes","date":"16\/11\/2012","format":false,"excerpt":"As camadas 3, 2 e 1 s\u00e3o respons\u00e1veis por mover os pacotes de dados da esta\u00e7\u00e3o de origem para a esta\u00e7\u00e3o de destino. Camada Rede (3) A camada de rede estabelece a rota entre o transmissor e o receptor atrav\u00e9s dos pontos de roteamento existentes na rede. O exemplo mais\u2026","rel":"","context":"Post similar","block_context":{"text":"Post similar","link":""},"img":{"alt_text":"Slide2","src":"https:\/\/i0.wp.com\/efagundes.com\/networking\/wp-content\/uploads\/sites\/5\/2015\/03\/Slide210.jpg?resize=350%2C200","width":350,"height":200,"srcset":"https:\/\/i0.wp.com\/efagundes.com\/networking\/wp-content\/uploads\/sites\/5\/2015\/03\/Slide210.jpg?resize=350%2C200 1x, https:\/\/i0.wp.com\/efagundes.com\/networking\/wp-content\/uploads\/sites\/5\/2015\/03\/Slide210.jpg?resize=525%2C300 1.5x, https:\/\/i0.wp.com\/efagundes.com\/networking\/wp-content\/uploads\/sites\/5\/2015\/03\/Slide210.jpg?resize=700%2C400 2x"},"classes":[]}],"jetpack_sharing_enabled":true,"_links":{"self":[{"href":"https:\/\/efagundes.com\/networking\/wp-json\/wp\/v2\/pages\/799","targetHints":{"allow":["GET"]}}],"collection":[{"href":"https:\/\/efagundes.com\/networking\/wp-json\/wp\/v2\/pages"}],"about":[{"href":"https:\/\/efagundes.com\/networking\/wp-json\/wp\/v2\/types\/page"}],"author":[{"embeddable":true,"href":"https:\/\/efagundes.com\/networking\/wp-json\/wp\/v2\/users\/1"}],"replies":[{"embeddable":true,"href":"https:\/\/efagundes.com\/networking\/wp-json\/wp\/v2\/comments?post=799"}],"version-history":[{"count":0,"href":"https:\/\/efagundes.com\/networking\/wp-json\/wp\/v2\/pages\/799\/revisions"}],"wp:attachment":[{"href":"https:\/\/efagundes.com\/networking\/wp-json\/wp\/v2\/media?parent=799"}],"curies":[{"name":"wp","href":"https:\/\/api.w.org\/{rel}","templated":true}]}}