{"id":815,"date":"2012-11-18T12:24:24","date_gmt":"2012-11-18T14:24:24","guid":{"rendered":"http:\/\/efagundes.com\/openclass_networking\/?page_id=815"},"modified":"2022-01-16T17:50:04","modified_gmt":"2022-01-16T20:50:04","slug":"definicao-de-rede-local","status":"publish","type":"page","link":"https:\/\/efagundes.com\/networking\/redes-locais\/definicao-de-rede-local\/","title":{"rendered":"Defini\u00e7\u00e3o de Rede Local"},"content":{"rendered":"<p><a href=\"https:\/\/i0.wp.com\/efagundes.com\/networking\/wp-content\/uploads\/sites\/5\/2015\/03\/Slide181.jpg\"><img data-recalc-dims=\"1\" loading=\"lazy\" decoding=\"async\" data-attachment-id=\"2372\" data-permalink=\"https:\/\/efagundes.com\/networking\/redes-locais\/definicao-de-rede-local\/slide18-2\/\" data-orig-file=\"https:\/\/i0.wp.com\/efagundes.com\/networking\/wp-content\/uploads\/sites\/5\/2015\/03\/Slide181.jpg?fit=960%2C720&amp;ssl=1\" data-orig-size=\"960,720\" data-comments-opened=\"1\" data-image-meta=\"{&quot;aperture&quot;:&quot;0&quot;,&quot;credit&quot;:&quot;&quot;,&quot;camera&quot;:&quot;&quot;,&quot;caption&quot;:&quot;&quot;,&quot;created_timestamp&quot;:&quot;0&quot;,&quot;copyright&quot;:&quot;&quot;,&quot;focal_length&quot;:&quot;0&quot;,&quot;iso&quot;:&quot;0&quot;,&quot;shutter_speed&quot;:&quot;0&quot;,&quot;title&quot;:&quot;&quot;,&quot;orientation&quot;:&quot;0&quot;}\" data-image-title=\"Slide18\" data-image-description=\"\" data-image-caption=\"\" data-large-file=\"https:\/\/i0.wp.com\/efagundes.com\/networking\/wp-content\/uploads\/sites\/5\/2015\/03\/Slide181.jpg?fit=960%2C720&amp;ssl=1\" class=\"alignnone size-full wp-image-2372\" src=\"https:\/\/i0.wp.com\/efagundes.com\/networking\/wp-content\/uploads\/sites\/5\/2015\/03\/Slide181.jpg?resize=960%2C720\" alt=\"Slide18\" width=\"960\" height=\"720\" srcset=\"https:\/\/i0.wp.com\/efagundes.com\/networking\/wp-content\/uploads\/sites\/5\/2015\/03\/Slide181.jpg?w=960&amp;ssl=1 960w, https:\/\/i0.wp.com\/efagundes.com\/networking\/wp-content\/uploads\/sites\/5\/2015\/03\/Slide181.jpg?resize=300%2C225&amp;ssl=1 300w\" sizes=\"auto, (max-width: 960px) 100vw, 960px\" \/><\/a><\/p>\n","protected":false},"excerpt":{"rendered":"","protected":false},"author":1,"featured_media":0,"parent":180,"menu_order":0,"comment_status":"closed","ping_status":"open","template":"","meta":{"footnotes":""},"class_list":["post-815","page","type-page","status-publish","hentry"],"jetpack_shortlink":"https:\/\/wp.me\/P8yKGp-d9","jetpack-related-posts":[{"id":68,"url":"https:\/\/efagundes.com\/networking\/hardware-de-rede\/redes-locais-e-distribuidas\/","url_meta":{"origin":815,"position":0},"title":"Redes Locais e Distribu\u00eddas","author":"Eduardo Fagundes","date":"16\/11\/2012","format":false,"excerpt":"Uma rede local (LAN) \u00e9 uma rede de comunica\u00e7\u00f5es que serve a usu\u00e1rios dentro de uma \u00e1rea geogr\u00e1fica limitada. Os \" clientes \" s\u00e3o tipicamente workstations que rodam Windows, embora tamb\u00e9m sejam utilizados clientes Mac e clientes Linux . Os \" servidores \" armazenam os programas e dados que s\u00e3o\u2026","rel":"","context":"Post similar","block_context":{"text":"Post similar","link":""},"img":{"alt_text":"Slide9","src":"https:\/\/i0.wp.com\/efagundes.com\/networking\/wp-content\/uploads\/sites\/5\/2015\/03\/Slide9.jpg?resize=350%2C200","width":350,"height":200,"srcset":"https:\/\/i0.wp.com\/efagundes.com\/networking\/wp-content\/uploads\/sites\/5\/2015\/03\/Slide9.jpg?resize=350%2C200 1x, https:\/\/i0.wp.com\/efagundes.com\/networking\/wp-content\/uploads\/sites\/5\/2015\/03\/Slide9.jpg?resize=525%2C300 1.5x, https:\/\/i0.wp.com\/efagundes.com\/networking\/wp-content\/uploads\/sites\/5\/2015\/03\/Slide9.jpg?resize=700%2C400 2x"},"classes":[]},{"id":65,"url":"https:\/\/efagundes.com\/networking\/hardware-de-rede\/hardware-de-rede-2\/","url_meta":{"origin":815,"position":1},"title":"Defini\u00e7\u00e3o de Hardware de Rede","author":"Eduardo Fagundes","date":"16\/11\/2012","format":false,"excerpt":"As redes de difus\u00e3o t\u00eam apenas um canal de comunica\u00e7\u00e3o, compartilhando por todas os equipamento da rede. Mensagem curtas, chamados de pacotes, s\u00e3o enviados por qualquer m\u00e1quina e identificados pela m\u00e1quina de destino. Quando as m\u00e1quinas recebem um pacote, as m\u00e1quinas verificam o campo de endere\u00e7o e processar\u00e1 a mensagem\u2026","rel":"","context":"Post similar","block_context":{"text":"Post similar","link":""},"img":{"alt_text":"","src":"https:\/\/i0.wp.com\/efagundes.com.br\/networking\/wp-content\/uploads\/sites\/7\/2012\/11\/Slide8.jpg?resize=350%2C200","width":350,"height":200,"srcset":"https:\/\/i0.wp.com\/efagundes.com.br\/networking\/wp-content\/uploads\/sites\/7\/2012\/11\/Slide8.jpg?resize=350%2C200 1x, https:\/\/i0.wp.com\/efagundes.com.br\/networking\/wp-content\/uploads\/sites\/7\/2012\/11\/Slide8.jpg?resize=525%2C300 1.5x"},"classes":[]},{"id":83,"url":"https:\/\/efagundes.com\/networking\/hardware-de-rede\/rede-local-em-anel\/","url_meta":{"origin":815,"position":2},"title":"Rede local em anel","author":"Eduardo Fagundes","date":"16\/11\/2012","format":false,"excerpt":"As redes de topologia em anel cada bit se propaga de modo independente, sem esperar pelo restante do pacote ao qual pertence. Em geral, cada bit percorre todo o anel no intervalo de tempo em que alguns bits s\u00e3o enviados, muitas vezes at\u00e9 mesmo antes de o pacote ter sido\u2026","rel":"","context":"Post similar","block_context":{"text":"Post similar","link":""},"img":{"alt_text":"Slide16","src":"https:\/\/i0.wp.com\/efagundes.com\/networking\/wp-content\/uploads\/sites\/5\/2015\/03\/Slide16.jpg?resize=350%2C200","width":350,"height":200,"srcset":"https:\/\/i0.wp.com\/efagundes.com\/networking\/wp-content\/uploads\/sites\/5\/2015\/03\/Slide16.jpg?resize=350%2C200 1x, https:\/\/i0.wp.com\/efagundes.com\/networking\/wp-content\/uploads\/sites\/5\/2015\/03\/Slide16.jpg?resize=525%2C300 1.5x, https:\/\/i0.wp.com\/efagundes.com\/networking\/wp-content\/uploads\/sites\/5\/2015\/03\/Slide16.jpg?resize=700%2C400 2x"},"classes":[]},{"id":79,"url":"https:\/\/efagundes.com\/networking\/hardware-de-rede\/servidor-multihomed\/","url_meta":{"origin":815,"position":3},"title":"Servidor multihomed","author":"Eduardo Fagundes","date":"16\/11\/2012","format":false,"excerpt":"\u00a0 Tipo de roteamento comum para usu\u00e1rios de servi\u00e7os ADSL onde \u00e9 poss\u00edvel o compartilhamento de outros computadores na mesma linha de banda larga. Um servidor multihomed \u00e9 um computador que possui v\u00e1rias interfaces de rede. Cada interface de rede gera a sua pr\u00f3pria rede local l\u00f3gica, ou subnet para\u2026","rel":"","context":"Post similar","block_context":{"text":"Post similar","link":""},"img":{"alt_text":"Slide14","src":"https:\/\/i0.wp.com\/efagundes.com\/networking\/wp-content\/uploads\/sites\/5\/2015\/03\/Slide14.jpg?resize=350%2C200","width":350,"height":200,"srcset":"https:\/\/i0.wp.com\/efagundes.com\/networking\/wp-content\/uploads\/sites\/5\/2015\/03\/Slide14.jpg?resize=350%2C200 1x, https:\/\/i0.wp.com\/efagundes.com\/networking\/wp-content\/uploads\/sites\/5\/2015\/03\/Slide14.jpg?resize=525%2C300 1.5x, https:\/\/i0.wp.com\/efagundes.com\/networking\/wp-content\/uploads\/sites\/5\/2015\/03\/Slide14.jpg?resize=700%2C400 2x"},"classes":[]},{"id":743,"url":"https:\/\/efagundes.com\/networking\/algoritmos-de-roteamento\/algoritmos-de-roteamento-2\/","url_meta":{"origin":815,"position":4},"title":"Defini\u00e7\u00e3o de Algoritmos de Roteamento","author":"Eduardo Fagundes","date":"18\/11\/2012","format":false,"excerpt":"O algoritmo de rede \u00e9 a parte do software da camada de rede respons\u00e1vel pela decis\u00e3o sobre a linha de sa\u00edda a ser usada na transmiss\u00e3o do pacote de entrada. Se a sub-rede utilizar datagramas internamente, essa decis\u00e3o dever\u00e1 ser tomada mais uma vez para cada pacote de dados recebido,\u2026","rel":"","context":"Post similar","block_context":{"text":"Post similar","link":""},"img":{"alt_text":"","src":"https:\/\/i0.wp.com\/efagundes.com\/networking\/wp-content\/uploads\/sites\/5\/2015\/03\/Slide128.jpg?resize=350%2C200","width":350,"height":200,"srcset":"https:\/\/i0.wp.com\/efagundes.com\/networking\/wp-content\/uploads\/sites\/5\/2015\/03\/Slide128.jpg?resize=350%2C200 1x, https:\/\/i0.wp.com\/efagundes.com\/networking\/wp-content\/uploads\/sites\/5\/2015\/03\/Slide128.jpg?resize=525%2C300 1.5x, https:\/\/i0.wp.com\/efagundes.com\/networking\/wp-content\/uploads\/sites\/5\/2015\/03\/Slide128.jpg?resize=700%2C400 2x"},"classes":[]},{"id":434,"url":"https:\/\/efagundes.com\/networking\/sistema-telefonico\/wll-wire-local-loop\/","url_meta":{"origin":815,"position":5},"title":"WLL Wire Local Loop","author":"Eduardo Fagundes","date":"17\/11\/2012","format":false,"excerpt":"\u00a0 A tecnologia WLL substitui, no todo ou em parte, os pares de cabos telef\u00f4nicos utilizados na conex\u00e3o do telefone do assinante at\u00e9 a central telef\u00f4nica. \u00c9 baseada em um terminal fixo que se comunica, via ondas de r\u00e1dio, com a central de telefonia p\u00fablica e que busca n\u00e3o utilizar\u2026","rel":"","context":"Post similar","block_context":{"text":"Post similar","link":""},"img":{"alt_text":"Slide20","src":"https:\/\/i0.wp.com\/efagundes.com\/networking\/wp-content\/uploads\/sites\/5\/2015\/03\/Slide203.jpg?resize=350%2C200","width":350,"height":200,"srcset":"https:\/\/i0.wp.com\/efagundes.com\/networking\/wp-content\/uploads\/sites\/5\/2015\/03\/Slide203.jpg?resize=350%2C200 1x, https:\/\/i0.wp.com\/efagundes.com\/networking\/wp-content\/uploads\/sites\/5\/2015\/03\/Slide203.jpg?resize=525%2C300 1.5x, https:\/\/i0.wp.com\/efagundes.com\/networking\/wp-content\/uploads\/sites\/5\/2015\/03\/Slide203.jpg?resize=700%2C400 2x"},"classes":[]}],"jetpack_sharing_enabled":true,"_links":{"self":[{"href":"https:\/\/efagundes.com\/networking\/wp-json\/wp\/v2\/pages\/815","targetHints":{"allow":["GET"]}}],"collection":[{"href":"https:\/\/efagundes.com\/networking\/wp-json\/wp\/v2\/pages"}],"about":[{"href":"https:\/\/efagundes.com\/networking\/wp-json\/wp\/v2\/types\/page"}],"author":[{"embeddable":true,"href":"https:\/\/efagundes.com\/networking\/wp-json\/wp\/v2\/users\/1"}],"replies":[{"embeddable":true,"href":"https:\/\/efagundes.com\/networking\/wp-json\/wp\/v2\/comments?post=815"}],"version-history":[{"count":0,"href":"https:\/\/efagundes.com\/networking\/wp-json\/wp\/v2\/pages\/815\/revisions"}],"up":[{"embeddable":true,"href":"https:\/\/efagundes.com\/networking\/wp-json\/wp\/v2\/pages\/180"}],"wp:attachment":[{"href":"https:\/\/efagundes.com\/networking\/wp-json\/wp\/v2\/media?parent=815"}],"curies":[{"name":"wp","href":"https:\/\/api.w.org\/{rel}","templated":true}]}}