{"id":824,"date":"2012-11-18T12:32:46","date_gmt":"2012-11-18T14:32:46","guid":{"rendered":"http:\/\/efagundes.com\/openclass_networking\/?page_id=824"},"modified":"2022-01-16T17:49:51","modified_gmt":"2022-01-16T20:49:51","slug":"tipos-de-redes-sem-fio","status":"publish","type":"page","link":"https:\/\/efagundes.com\/networking\/hardware-de-rede\/tipos-de-redes-sem-fio\/","title":{"rendered":"Tipos de redes sem fio"},"content":{"rendered":"<p><a href=\"https:\/\/i0.wp.com\/efagundes.com\/networking\/wp-content\/uploads\/sites\/5\/2015\/03\/Slide18.jpg\"><img data-recalc-dims=\"1\" loading=\"lazy\" decoding=\"async\" data-attachment-id=\"2325\" data-permalink=\"https:\/\/efagundes.com\/networking\/hardware-de-rede\/tipos-de-redes-sem-fio\/slide18\/\" data-orig-file=\"https:\/\/i0.wp.com\/efagundes.com\/networking\/wp-content\/uploads\/sites\/5\/2015\/03\/Slide18.jpg?fit=960%2C720&amp;ssl=1\" data-orig-size=\"960,720\" data-comments-opened=\"1\" data-image-meta=\"{&quot;aperture&quot;:&quot;0&quot;,&quot;credit&quot;:&quot;&quot;,&quot;camera&quot;:&quot;&quot;,&quot;caption&quot;:&quot;&quot;,&quot;created_timestamp&quot;:&quot;0&quot;,&quot;copyright&quot;:&quot;&quot;,&quot;focal_length&quot;:&quot;0&quot;,&quot;iso&quot;:&quot;0&quot;,&quot;shutter_speed&quot;:&quot;0&quot;,&quot;title&quot;:&quot;&quot;,&quot;orientation&quot;:&quot;0&quot;}\" data-image-title=\"Slide18\" data-image-description=\"\" data-image-caption=\"\" data-large-file=\"https:\/\/i0.wp.com\/efagundes.com\/networking\/wp-content\/uploads\/sites\/5\/2015\/03\/Slide18.jpg?fit=960%2C720&amp;ssl=1\" class=\"alignnone size-full wp-image-2325\" src=\"https:\/\/i0.wp.com\/efagundes.com\/networking\/wp-content\/uploads\/sites\/5\/2015\/03\/Slide18.jpg?resize=960%2C720\" alt=\"Slide18\" width=\"960\" height=\"720\" srcset=\"https:\/\/i0.wp.com\/efagundes.com\/networking\/wp-content\/uploads\/sites\/5\/2015\/03\/Slide18.jpg?w=960&amp;ssl=1 960w, https:\/\/i0.wp.com\/efagundes.com\/networking\/wp-content\/uploads\/sites\/5\/2015\/03\/Slide18.jpg?resize=300%2C225&amp;ssl=1 300w\" sizes=\"auto, (max-width: 960px) 100vw, 960px\" \/><\/a><\/p>\n","protected":false},"excerpt":{"rendered":"","protected":false},"author":1,"featured_media":0,"parent":61,"menu_order":16,"comment_status":"closed","ping_status":"open","template":"","meta":{"footnotes":""},"class_list":["post-824","page","type-page","status-publish","hentry"],"jetpack_shortlink":"https:\/\/wp.me\/P8yKGp-di","jetpack-related-posts":[{"id":92,"url":"https:\/\/efagundes.com\/networking\/hardware-de-rede\/interconexao-de-sistemas\/","url_meta":{"origin":824,"position":0},"title":"Interconex\u00e3o de sistemas","author":"Eduardo Fagundes","date":"16\/11\/2012","format":false,"excerpt":"Est\u00e3o sendo desenvolvidas redes sem fio geograficamente distribu\u00eddas de alta largura de banda. O enfoque inicial \u00e9 o acesso \u00e0 Internet de alta velocidade sem fio a partir das casas e das empresas, sem a utiliza\u00e7\u00e3o do sistema de telefonia. Tipicamente as redes metropolitanas tem uma cobertura de algumas dezenas\u2026","rel":"","context":"Post similar","block_context":{"text":"Post similar","link":""},"img":{"alt_text":"Slide21","src":"https:\/\/i0.wp.com\/efagundes.com\/networking\/wp-content\/uploads\/sites\/5\/2015\/03\/Slide21.jpg?resize=350%2C200","width":350,"height":200,"srcset":"https:\/\/i0.wp.com\/efagundes.com\/networking\/wp-content\/uploads\/sites\/5\/2015\/03\/Slide21.jpg?resize=350%2C200 1x, https:\/\/i0.wp.com\/efagundes.com\/networking\/wp-content\/uploads\/sites\/5\/2015\/03\/Slide21.jpg?resize=525%2C300 1.5x, https:\/\/i0.wp.com\/efagundes.com\/networking\/wp-content\/uploads\/sites\/5\/2015\/03\/Slide21.jpg?resize=700%2C400 2x"},"classes":[]},{"id":184,"url":"https:\/\/efagundes.com\/networking\/redes-locais\/lans-sem-fio-802-11\/","url_meta":{"origin":824,"position":1},"title":"LANs sem fio: 802.11","author":"Eduardo Fagundes","date":"16\/11\/2012","format":false,"excerpt":"","rel":"","context":"Post similar","block_context":{"text":"Post similar","link":""},"img":{"alt_text":"Slide19","src":"https:\/\/i0.wp.com\/efagundes.com\/networking\/wp-content\/uploads\/sites\/5\/2015\/03\/Slide191.jpg?resize=350%2C200","width":350,"height":200,"srcset":"https:\/\/i0.wp.com\/efagundes.com\/networking\/wp-content\/uploads\/sites\/5\/2015\/03\/Slide191.jpg?resize=350%2C200 1x, https:\/\/i0.wp.com\/efagundes.com\/networking\/wp-content\/uploads\/sites\/5\/2015\/03\/Slide191.jpg?resize=525%2C300 1.5x, https:\/\/i0.wp.com\/efagundes.com\/networking\/wp-content\/uploads\/sites\/5\/2015\/03\/Slide191.jpg?resize=700%2C400 2x"},"classes":[]},{"id":91,"url":"https:\/\/efagundes.com\/networking\/lans-sem-fio\/bluetooth\/","url_meta":{"origin":824,"position":2},"title":"Bluetooth (I)","author":"Eduardo Fagundes","date":"16\/11\/2012","format":false,"excerpt":"Diferentemente dos objetivos das WLANs que s\u00e3o desenhadas para serem extens\u00e3o das redes locais, o Bluetooth tem o objetivo de substituir os cabos que conectam os perif\u00e9ricos das esta\u00e7\u00f5es de trabalho.\u00a0 O Bluetooth prov\u00ea as seguintes funcionalidades: Ponto de acesso para voz e dados Redes pessoais Substitui\u00e7\u00e3o de cabos entre\u2026","rel":"","context":"Post similar","block_context":{"text":"Post similar","link":""},"img":{"alt_text":"","src":"https:\/\/i0.wp.com\/efagundes.com\/networking\/wp-content\/uploads\/sites\/5\/2015\/03\/Slide451.jpg?resize=350%2C200","width":350,"height":200,"srcset":"https:\/\/i0.wp.com\/efagundes.com\/networking\/wp-content\/uploads\/sites\/5\/2015\/03\/Slide451.jpg?resize=350%2C200 1x, https:\/\/i0.wp.com\/efagundes.com\/networking\/wp-content\/uploads\/sites\/5\/2015\/03\/Slide451.jpg?resize=525%2C300 1.5x, https:\/\/i0.wp.com\/efagundes.com\/networking\/wp-content\/uploads\/sites\/5\/2015\/03\/Slide451.jpg?resize=700%2C400 2x"},"classes":[]},{"id":671,"url":"https:\/\/efagundes.com\/networking\/lans-sem-fio\/aplicacoes-do-bluetooth\/","url_meta":{"origin":824,"position":3},"title":"Aplica\u00e7\u00f5es do Bluetooth","author":"Eduardo Fagundes","date":"17\/11\/2012","format":false,"excerpt":"A maioria dos protocolos de rede s\u00f3 fornece canais entre entidades que se comunicam, deixando para os projetistas de aplica\u00e7\u00f5es a tarefa de descobrir a utilidade desses canis. Em contraste, a especifica\u00e7\u00e3o Bluetooth V1.1 identifica 13 aplica\u00e7\u00f5es espec\u00edficas que ser\u00e3o admitidas e fornece diferentes pilhas de protocolos para cada uma.\u2026","rel":"","context":"Post similar","block_context":{"text":"Post similar","link":""},"img":{"alt_text":"","src":"https:\/\/i0.wp.com\/efagundes.com\/networking\/wp-content\/uploads\/sites\/5\/2015\/03\/Slide47.jpg?resize=350%2C200","width":350,"height":200,"srcset":"https:\/\/i0.wp.com\/efagundes.com\/networking\/wp-content\/uploads\/sites\/5\/2015\/03\/Slide47.jpg?resize=350%2C200 1x, https:\/\/i0.wp.com\/efagundes.com\/networking\/wp-content\/uploads\/sites\/5\/2015\/03\/Slide47.jpg?resize=525%2C300 1.5x, https:\/\/i0.wp.com\/efagundes.com\/networking\/wp-content\/uploads\/sites\/5\/2015\/03\/Slide47.jpg?resize=700%2C400 2x"},"classes":[]},{"id":1086,"url":"https:\/\/efagundes.com\/networking\/lans-sem-fio\/802-11-o-protocolo-da-subcamada-mac-2-2\/","url_meta":{"origin":824,"position":4},"title":"802.11: o protocolo da subcamada MAC (II)","author":"Eduardo Fagundes","date":"19\/11\/2012","format":false,"excerpt":"\u00a0 A taxa de erro de transmiss\u00e3o em Redes sem Fio \u00e9 geralmente muito maior que em redes de fibra \u00f3ptica, por exemplo. Uma maneira de diminuir a probabilidade de erro dos quadros \u00e9 utilizar quadros pequenos. Nesse caso, a taxa de erros na transmiss\u00e3o \u00e9 a mesma, mas somente\u2026","rel":"","context":"Post similar","block_context":{"text":"Post similar","link":""},"img":{"alt_text":"Slide181","src":"https:\/\/i0.wp.com\/efagundes.com\/networking\/wp-content\/uploads\/sites\/5\/2012\/11\/Slide181.png?resize=350%2C200","width":350,"height":200,"srcset":"https:\/\/i0.wp.com\/efagundes.com\/networking\/wp-content\/uploads\/sites\/5\/2012\/11\/Slide181.png?resize=350%2C200 1x, https:\/\/i0.wp.com\/efagundes.com\/networking\/wp-content\/uploads\/sites\/5\/2012\/11\/Slide181.png?resize=525%2C300 1.5x, https:\/\/i0.wp.com\/efagundes.com\/networking\/wp-content\/uploads\/sites\/5\/2012\/11\/Slide181.png?resize=700%2C400 2x"},"classes":[]},{"id":650,"url":"https:\/\/efagundes.com\/networking\/lans-sem-fio\/802-11-a-camada-fisica\/","url_meta":{"origin":824,"position":5},"title":"802.11: a camada f\u00edsica","author":"Eduardo Fagundes","date":"17\/11\/2012","format":false,"excerpt":"A OFDM (Orthogonal Frequency Division Multiplexing) \u00e9 uma varia\u00e7\u00e3o da multiplexa\u00e7\u00e3o por divis\u00e3o de freq\u00fc\u00eancia (FDM) usada nos sistemas de telefonia e nas tecnologias de redes de acesso como o ADSL e VDSL, e mais recentemente nas redes wireless. A id\u00e9ia b\u00e1sica \u00e9 dividir um fluxo digital de alta taxa\u2026","rel":"","context":"Post similar","block_context":{"text":"Post similar","link":""},"img":{"alt_text":"Slide179","src":"https:\/\/i0.wp.com\/efagundes.com\/networking\/wp-content\/uploads\/sites\/5\/2012\/11\/Slide179.png?resize=350%2C200","width":350,"height":200,"srcset":"https:\/\/i0.wp.com\/efagundes.com\/networking\/wp-content\/uploads\/sites\/5\/2012\/11\/Slide179.png?resize=350%2C200 1x, https:\/\/i0.wp.com\/efagundes.com\/networking\/wp-content\/uploads\/sites\/5\/2012\/11\/Slide179.png?resize=525%2C300 1.5x, https:\/\/i0.wp.com\/efagundes.com\/networking\/wp-content\/uploads\/sites\/5\/2012\/11\/Slide179.png?resize=700%2C400 2x"},"classes":[]}],"jetpack_sharing_enabled":true,"_links":{"self":[{"href":"https:\/\/efagundes.com\/networking\/wp-json\/wp\/v2\/pages\/824","targetHints":{"allow":["GET"]}}],"collection":[{"href":"https:\/\/efagundes.com\/networking\/wp-json\/wp\/v2\/pages"}],"about":[{"href":"https:\/\/efagundes.com\/networking\/wp-json\/wp\/v2\/types\/page"}],"author":[{"embeddable":true,"href":"https:\/\/efagundes.com\/networking\/wp-json\/wp\/v2\/users\/1"}],"replies":[{"embeddable":true,"href":"https:\/\/efagundes.com\/networking\/wp-json\/wp\/v2\/comments?post=824"}],"version-history":[{"count":0,"href":"https:\/\/efagundes.com\/networking\/wp-json\/wp\/v2\/pages\/824\/revisions"}],"up":[{"embeddable":true,"href":"https:\/\/efagundes.com\/networking\/wp-json\/wp\/v2\/pages\/61"}],"wp:attachment":[{"href":"https:\/\/efagundes.com\/networking\/wp-json\/wp\/v2\/media?parent=824"}],"curies":[{"name":"wp","href":"https:\/\/api.w.org\/{rel}","templated":true}]}}