{"id":86,"date":"2012-11-16T19:33:14","date_gmt":"2012-11-16T21:33:14","guid":{"rendered":"http:\/\/efagundes.com\/openclass_networking\/?page_id=86"},"modified":"2022-01-16T17:49:50","modified_gmt":"2022-01-16T20:49:50","slug":"redes-metropolitanas","status":"publish","type":"page","link":"https:\/\/efagundes.com\/networking\/hardware-de-rede\/redes-metropolitanas\/","title":{"rendered":"Redes metropolitanas"},"content":{"rendered":"<p><a href=\"https:\/\/i0.wp.com\/efagundes.com\/networking\/wp-content\/uploads\/sites\/5\/2015\/03\/Slide17.jpg\"><img data-recalc-dims=\"1\" loading=\"lazy\" decoding=\"async\" data-attachment-id=\"2324\" data-permalink=\"https:\/\/efagundes.com\/networking\/hardware-de-rede\/redes-metropolitanas\/slide17\/\" data-orig-file=\"https:\/\/i0.wp.com\/efagundes.com\/networking\/wp-content\/uploads\/sites\/5\/2015\/03\/Slide17.jpg?fit=960%2C720&amp;ssl=1\" data-orig-size=\"960,720\" data-comments-opened=\"1\" data-image-meta=\"{&quot;aperture&quot;:&quot;0&quot;,&quot;credit&quot;:&quot;&quot;,&quot;camera&quot;:&quot;&quot;,&quot;caption&quot;:&quot;&quot;,&quot;created_timestamp&quot;:&quot;0&quot;,&quot;copyright&quot;:&quot;&quot;,&quot;focal_length&quot;:&quot;0&quot;,&quot;iso&quot;:&quot;0&quot;,&quot;shutter_speed&quot;:&quot;0&quot;,&quot;title&quot;:&quot;&quot;,&quot;orientation&quot;:&quot;0&quot;}\" data-image-title=\"Slide17\" data-image-description=\"\" data-image-caption=\"\" data-large-file=\"https:\/\/i0.wp.com\/efagundes.com\/networking\/wp-content\/uploads\/sites\/5\/2015\/03\/Slide17.jpg?fit=960%2C720&amp;ssl=1\" class=\"alignnone size-full wp-image-2324\" src=\"https:\/\/i0.wp.com\/efagundes.com\/networking\/wp-content\/uploads\/sites\/5\/2015\/03\/Slide17.jpg?resize=960%2C720\" alt=\"Slide17\" width=\"960\" height=\"720\" srcset=\"https:\/\/i0.wp.com\/efagundes.com\/networking\/wp-content\/uploads\/sites\/5\/2015\/03\/Slide17.jpg?w=960&amp;ssl=1 960w, https:\/\/i0.wp.com\/efagundes.com\/networking\/wp-content\/uploads\/sites\/5\/2015\/03\/Slide17.jpg?resize=300%2C225&amp;ssl=1 300w\" sizes=\"auto, (max-width: 960px) 100vw, 960px\" \/><\/a>Uma &#8220;Metropolitan Area Network&#8221; \u00e9 basicamente uma WAN com dimens\u00f5es reduzidas, geralmente faz a interliga\u00e7\u00e3o de redes locais. A \u00e1rea abrangida corresponde no m\u00e1ximo a uma cidade. S\u00e3o usadas por exemplo para interligar v\u00e1rios edif\u00edcios afins espalhados na cidade. As operadoras de telecomunica\u00e7\u00f5es tamb\u00e9m utilizam as MANs para as conex\u00f5es entre seus pontos de acessos nas cidades.<\/p>\n<p>A tecnologia utilizada pode incluir as tecnologias de multiplexa\u00e7\u00e3o SONET ou SDH com redes compartilhadas FDDI, ATM, DQDB (&#8220;Distributed Queue Dual Bus&#8221;) ou at\u00e9 mesmo Gigabit Ehernet. Uma vez que as redes de \u00e1rea metropolitana (tal como as WAN) envolvem a utiliza\u00e7\u00e3o de espa\u00e7os p\u00fablicos, apenas podem ser instaladas por empresas autorizadas pela ANATEL. Os \u00fanicos casos em que \u00e9 poss\u00edvel realizar interliga\u00e7\u00f5es atrav\u00e9s de espa\u00e7os p\u00fablicos \u00e9 usando micro-ondas r\u00e1dio ou laser, mesmos nestes casos existem restri\u00e7\u00f5es quanto a pot\u00eancia de emiss\u00e3o.<\/p>\n<p>&nbsp;<\/p>\n","protected":false},"excerpt":{"rendered":"<p>Uma &#8220;Metropolitan Area Network&#8221; \u00e9 basicamente uma WAN com dimens\u00f5es reduzidas, geralmente faz a interliga\u00e7\u00e3o de redes locais. A \u00e1rea abrangida corresponde no m\u00e1ximo a uma cidade. S\u00e3o usadas por exemplo para interligar v\u00e1rios edif\u00edcios afins espalhados na cidade. As operadoras de telecomunica\u00e7\u00f5es tamb\u00e9m utilizam as MANs para as conex\u00f5es entre seus pontos de acessos [&hellip;]<\/p>\n","protected":false},"author":1,"featured_media":0,"parent":61,"menu_order":14,"comment_status":"closed","ping_status":"closed","template":"","meta":{"footnotes":""},"class_list":["post-86","page","type-page","status-publish","hentry"],"jetpack_shortlink":"https:\/\/wp.me\/P8yKGp-1o","jetpack-related-posts":[{"id":68,"url":"https:\/\/efagundes.com\/networking\/hardware-de-rede\/redes-locais-e-distribuidas\/","url_meta":{"origin":86,"position":0},"title":"Redes Locais e Distribu\u00eddas","author":"Eduardo Fagundes","date":"16\/11\/2012","format":false,"excerpt":"Uma rede local (LAN) \u00e9 uma rede de comunica\u00e7\u00f5es que serve a usu\u00e1rios dentro de uma \u00e1rea geogr\u00e1fica limitada. Os \" clientes \" s\u00e3o tipicamente workstations que rodam Windows, embora tamb\u00e9m sejam utilizados clientes Mac e clientes Linux . Os \" servidores \" armazenam os programas e dados que s\u00e3o\u2026","rel":"","context":"Post similar","block_context":{"text":"Post similar","link":""},"img":{"alt_text":"Slide9","src":"https:\/\/i0.wp.com\/efagundes.com\/networking\/wp-content\/uploads\/sites\/5\/2015\/03\/Slide9.jpg?resize=350%2C200","width":350,"height":200,"srcset":"https:\/\/i0.wp.com\/efagundes.com\/networking\/wp-content\/uploads\/sites\/5\/2015\/03\/Slide9.jpg?resize=350%2C200 1x, https:\/\/i0.wp.com\/efagundes.com\/networking\/wp-content\/uploads\/sites\/5\/2015\/03\/Slide9.jpg?resize=525%2C300 1.5x, https:\/\/i0.wp.com\/efagundes.com\/networking\/wp-content\/uploads\/sites\/5\/2015\/03\/Slide9.jpg?resize=700%2C400 2x"},"classes":[]},{"id":505,"url":"https:\/\/efagundes.com\/networking\/multiplexacao-2\/evolucao-do-transporte-ip-por-fibra-optica\/","url_meta":{"origin":86,"position":1},"title":"Evolu\u00e7\u00e3o do transporte IP por fibra \u00f3ptica","author":"Eduardo Fagundes","date":"17\/11\/2012","format":false,"excerpt":"Transporte IP. Em uma rede geograficamente distribu\u00edda (WAN) ou atrav\u00e9s da Internet, o tr\u00e1fego IP \u00e9 largamente transportado em canais SONET\/SDH, utilizando redes ATM para o gerenciamento da camada ou utilizando SONET diretamente. No futuro \u00e9 esperado que o IP seja transportado diretamente sobre fibras \u00f3pticas utilizando DWDM, como mostra\u2026","rel":"","context":"Post similar","block_context":{"text":"Post similar","link":""},"img":{"alt_text":"Slide13","src":"https:\/\/i0.wp.com\/efagundes.com\/networking\/wp-content\/uploads\/sites\/5\/2015\/03\/Slide135.jpg?resize=350%2C200","width":350,"height":200,"srcset":"https:\/\/i0.wp.com\/efagundes.com\/networking\/wp-content\/uploads\/sites\/5\/2015\/03\/Slide135.jpg?resize=350%2C200 1x, https:\/\/i0.wp.com\/efagundes.com\/networking\/wp-content\/uploads\/sites\/5\/2015\/03\/Slide135.jpg?resize=525%2C300 1.5x, https:\/\/i0.wp.com\/efagundes.com\/networking\/wp-content\/uploads\/sites\/5\/2015\/03\/Slide135.jpg?resize=700%2C400 2x"},"classes":[]},{"id":762,"url":"https:\/\/efagundes.com\/networking\/algoritmos-de-roteamento\/roteamento-para-hosts-moveis\/","url_meta":{"origin":86,"position":2},"title":"Roteamento para hosts m\u00f3veis (I)","author":"Eduardo Fagundes","date":"18\/11\/2012","format":false,"excerpt":"O roteamento de para hosts m\u00f3veis oferece suporte a v\u00e1rios devices m\u00f3veis, como computadores port\u00e1teis que s\u00e3o utilizados para acesso as mensagens de correio eletr\u00f4nico e acessar sistemas de arquivos normais onde quer que eles estejam. Os hosts m\u00f3veis criam um nova problem\u00e1tica: antes de rotear um pacote para um\u2026","rel":"","context":"Post similar","block_context":{"text":"Post similar","link":""},"img":{"alt_text":"","src":"https:\/\/i0.wp.com\/efagundes.com\/networking\/wp-content\/uploads\/sites\/5\/2015\/03\/Slide2110.jpg?resize=350%2C200","width":350,"height":200,"srcset":"https:\/\/i0.wp.com\/efagundes.com\/networking\/wp-content\/uploads\/sites\/5\/2015\/03\/Slide2110.jpg?resize=350%2C200 1x, https:\/\/i0.wp.com\/efagundes.com\/networking\/wp-content\/uploads\/sites\/5\/2015\/03\/Slide2110.jpg?resize=525%2C300 1.5x, https:\/\/i0.wp.com\/efagundes.com\/networking\/wp-content\/uploads\/sites\/5\/2015\/03\/Slide2110.jpg?resize=700%2C400 2x"},"classes":[]},{"id":507,"url":"https:\/\/efagundes.com\/networking\/comutacao\/comutacao-de-circuitos\/","url_meta":{"origin":86,"position":3},"title":"Comuta\u00e7\u00e3o de circuitos","author":"Eduardo Fagundes","date":"17\/11\/2012","format":false,"excerpt":"\u00a0 Quando voc\u00ea ou seu computador efetua uma chamada telef\u00f4nica, o equipamento de comuta\u00e7\u00e3o do sistema telef\u00f4nico procura um caminha f\u00edsico desde o seu telefone at\u00e9 o telefone do receptor. Essa t\u00e9cnica, chamada comuta\u00e7\u00e3o de circuitos, \u00e9 apresentada na figura (a). Esse dispositivo foi inventado por um agente funer\u00e1rio do\u2026","rel":"","context":"Post similar","block_context":{"text":"Post similar","link":""},"img":{"alt_text":"Slide14","src":"https:\/\/i0.wp.com\/efagundes.com\/networking\/wp-content\/uploads\/sites\/5\/2015\/03\/Slide145.jpg?resize=350%2C200","width":350,"height":200,"srcset":"https:\/\/i0.wp.com\/efagundes.com\/networking\/wp-content\/uploads\/sites\/5\/2015\/03\/Slide145.jpg?resize=350%2C200 1x, https:\/\/i0.wp.com\/efagundes.com\/networking\/wp-content\/uploads\/sites\/5\/2015\/03\/Slide145.jpg?resize=525%2C300 1.5x, https:\/\/i0.wp.com\/efagundes.com\/networking\/wp-content\/uploads\/sites\/5\/2015\/03\/Slide145.jpg?resize=700%2C400 2x"},"classes":[]},{"id":161,"url":"https:\/\/efagundes.com\/networking\/redes-geograficamente-distribuidas\/frame-relay\/","url_meta":{"origin":86,"position":4},"title":"Frame Relay","author":"Eduardo Fagundes","date":"16\/11\/2012","format":false,"excerpt":"O Frame Relay \u00e9 um protocolo de WAN de alto-desempenho que opera nas camadas f\u00edsica e de enlace de dados do modelo OSI. O Frame Relay foi projetado originalmente para uso nas Redes Digitais de Servi\u00e7os Integrados (RDSI). Por\u00e9m, atualmente \u00e9 usado por uma variedade de outras interfaces de rede.\u2026","rel":"","context":"Post similar","block_context":{"text":"Post similar","link":""},"img":{"alt_text":"Slide9","src":"https:\/\/i0.wp.com\/efagundes.com\/networking\/wp-content\/uploads\/sites\/5\/2015\/03\/Slide91.jpg?resize=350%2C200","width":350,"height":200,"srcset":"https:\/\/i0.wp.com\/efagundes.com\/networking\/wp-content\/uploads\/sites\/5\/2015\/03\/Slide91.jpg?resize=350%2C200 1x, https:\/\/i0.wp.com\/efagundes.com\/networking\/wp-content\/uploads\/sites\/5\/2015\/03\/Slide91.jpg?resize=525%2C300 1.5x, https:\/\/i0.wp.com\/efagundes.com\/networking\/wp-content\/uploads\/sites\/5\/2015\/03\/Slide91.jpg?resize=700%2C400 2x"},"classes":[]},{"id":63,"url":"https:\/\/efagundes.com\/networking\/hardware-de-rede\/classificacao-das-redes\/","url_meta":{"origin":86,"position":5},"title":"Classifica\u00e7\u00e3o das Redes","author":"Eduardo Fagundes","date":"16\/11\/2012","format":false,"excerpt":"Um crit\u00e9rio para classificar as redes \u00e9 sua escala, organizando por seu tamanho f\u00edsico. As aplica\u00e7\u00f5es pessoais s\u00e3o redes destinadas a uma pessoa. Podemos considerar o mouse e o teclado do computador como uma rede pessoal. Os smart-phones s\u00e3o classificados na categoria de redes pessoais. Entretanto, existem redes de maior\u2026","rel":"","context":"Post similar","block_context":{"text":"Post similar","link":""},"img":{"alt_text":"Slide7","src":"https:\/\/i0.wp.com\/efagundes.com\/networking\/wp-content\/uploads\/sites\/5\/2015\/03\/Slide7.jpg?resize=350%2C200","width":350,"height":200,"srcset":"https:\/\/i0.wp.com\/efagundes.com\/networking\/wp-content\/uploads\/sites\/5\/2015\/03\/Slide7.jpg?resize=350%2C200 1x, https:\/\/i0.wp.com\/efagundes.com\/networking\/wp-content\/uploads\/sites\/5\/2015\/03\/Slide7.jpg?resize=525%2C300 1.5x, https:\/\/i0.wp.com\/efagundes.com\/networking\/wp-content\/uploads\/sites\/5\/2015\/03\/Slide7.jpg?resize=700%2C400 2x"},"classes":[]}],"jetpack_sharing_enabled":true,"_links":{"self":[{"href":"https:\/\/efagundes.com\/networking\/wp-json\/wp\/v2\/pages\/86","targetHints":{"allow":["GET"]}}],"collection":[{"href":"https:\/\/efagundes.com\/networking\/wp-json\/wp\/v2\/pages"}],"about":[{"href":"https:\/\/efagundes.com\/networking\/wp-json\/wp\/v2\/types\/page"}],"author":[{"embeddable":true,"href":"https:\/\/efagundes.com\/networking\/wp-json\/wp\/v2\/users\/1"}],"replies":[{"embeddable":true,"href":"https:\/\/efagundes.com\/networking\/wp-json\/wp\/v2\/comments?post=86"}],"version-history":[{"count":0,"href":"https:\/\/efagundes.com\/networking\/wp-json\/wp\/v2\/pages\/86\/revisions"}],"up":[{"embeddable":true,"href":"https:\/\/efagundes.com\/networking\/wp-json\/wp\/v2\/pages\/61"}],"wp:attachment":[{"href":"https:\/\/efagundes.com\/networking\/wp-json\/wp\/v2\/media?parent=86"}],"curies":[{"name":"wp","href":"https:\/\/api.w.org\/{rel}","templated":true}]}}