{"id":881,"date":"2012-11-18T13:18:35","date_gmt":"2012-11-18T15:18:35","guid":{"rendered":"http:\/\/efagundes.com\/openclass_networking\/?page_id=881"},"modified":"2022-01-16T17:50:15","modified_gmt":"2022-01-16T20:50:15","slug":"comparacao-entre-led-e-laser","status":"publish","type":"page","link":"https:\/\/efagundes.com\/networking\/fibra-optica-2\/comparacao-entre-led-e-laser\/","title":{"rendered":"Compara\u00e7\u00e3o entre LED e Laser"},"content":{"rendered":"<p><a href=\"https:\/\/i0.wp.com\/efagundes.com\/networking\/wp-content\/uploads\/sites\/5\/2015\/03\/Slide271.jpg\"><img data-recalc-dims=\"1\" loading=\"lazy\" decoding=\"async\" data-attachment-id=\"2414\" data-permalink=\"https:\/\/efagundes.com\/networking\/fibra-optica-2\/emissor-de-sinal\/slide27-2\/\" data-orig-file=\"https:\/\/i0.wp.com\/efagundes.com\/networking\/wp-content\/uploads\/sites\/5\/2015\/03\/Slide271.jpg?fit=960%2C720&amp;ssl=1\" data-orig-size=\"960,720\" data-comments-opened=\"1\" data-image-meta=\"{&quot;aperture&quot;:&quot;0&quot;,&quot;credit&quot;:&quot;&quot;,&quot;camera&quot;:&quot;&quot;,&quot;caption&quot;:&quot;&quot;,&quot;created_timestamp&quot;:&quot;0&quot;,&quot;copyright&quot;:&quot;&quot;,&quot;focal_length&quot;:&quot;0&quot;,&quot;iso&quot;:&quot;0&quot;,&quot;shutter_speed&quot;:&quot;0&quot;,&quot;title&quot;:&quot;&quot;,&quot;orientation&quot;:&quot;0&quot;}\" data-image-title=\"Slide27\" data-image-description=\"\" data-image-caption=\"\" data-large-file=\"https:\/\/i0.wp.com\/efagundes.com\/networking\/wp-content\/uploads\/sites\/5\/2015\/03\/Slide271.jpg?fit=960%2C720&amp;ssl=1\" class=\"alignnone size-full wp-image-2414\" src=\"https:\/\/i0.wp.com\/efagundes.com\/networking\/wp-content\/uploads\/sites\/5\/2015\/03\/Slide271.jpg?resize=960%2C720\" alt=\"Slide27\" width=\"960\" height=\"720\" srcset=\"https:\/\/i0.wp.com\/efagundes.com\/networking\/wp-content\/uploads\/sites\/5\/2015\/03\/Slide271.jpg?w=960&amp;ssl=1 960w, https:\/\/i0.wp.com\/efagundes.com\/networking\/wp-content\/uploads\/sites\/5\/2015\/03\/Slide271.jpg?resize=300%2C225&amp;ssl=1 300w\" sizes=\"auto, (max-width: 960px) 100vw, 960px\" \/><\/a><\/p>\n","protected":false},"excerpt":{"rendered":"","protected":false},"author":1,"featured_media":0,"parent":1329,"menu_order":4,"comment_status":"closed","ping_status":"open","template":"","meta":{"footnotes":""},"class_list":["post-881","page","type-page","status-publish","hentry"],"jetpack_shortlink":"https:\/\/wp.me\/P8yKGp-ed","jetpack-related-posts":[{"id":150,"url":"https:\/\/efagundes.com\/networking\/modelos-de-referencia\/uma-comparacao-entre-os-modelos-de-referencia-osi-e-tcpip\/","url_meta":{"origin":881,"position":0},"title":"Uma compara\u00e7\u00e3o entre os modelos de refer\u00eancia OSI e TCP\/IP","author":"Eduardo Fagundes","date":"16\/11\/2012","format":false,"excerpt":"TCP\/IP \u00e9 um protocolo de comunica\u00e7\u00f5es desenvolvido por contrato pelo Departamento norte-americano de Defesa para dissiminar os sistemas inter-redes. Inventado por Vinton Cerf e Bob Kahn, este na verdade \u00e9 um protocolo Unix que adotado pela Internet se tornou o padr\u00e3o global para comunica\u00e7\u00f5es. O TCP\/IP foi desenhado segundo uma\u2026","rel":"","context":"Post similar","block_context":{"text":"Post similar","link":""},"img":{"alt_text":"Slide5","src":"https:\/\/i0.wp.com\/efagundes.com\/networking\/wp-content\/uploads\/sites\/5\/2015\/03\/Slide51.jpg?resize=350%2C200","width":350,"height":200,"srcset":"https:\/\/i0.wp.com\/efagundes.com\/networking\/wp-content\/uploads\/sites\/5\/2015\/03\/Slide51.jpg?resize=350%2C200 1x, https:\/\/i0.wp.com\/efagundes.com\/networking\/wp-content\/uploads\/sites\/5\/2015\/03\/Slide51.jpg?resize=525%2C300 1.5x, https:\/\/i0.wp.com\/efagundes.com\/networking\/wp-content\/uploads\/sites\/5\/2015\/03\/Slide51.jpg?resize=700%2C400 2x"},"classes":[]},{"id":281,"url":"https:\/\/efagundes.com\/networking\/fibra-optica-2\/fibras-opticas\/","url_meta":{"origin":881,"position":1},"title":"Fibras \u00d3pticas (I)","author":"Eduardo Fagundes","date":"16\/11\/2012","format":false,"excerpt":"\u00a0 A fibra \u00f3ptica \u00e9 a tecnologia mais avan\u00e7ada em uso comercial para transmiss\u00e3o de dados, atualmente. A transmiss\u00e3o de dados por fibra \u00f3ptica \u00e9 realizada pelo envio de um sinal de luz codificado, dentro do dom\u00ednio de frequ\u00eancia do infravermelho a uma velocidade de 10 a 15 MHz. O\u2026","rel":"","context":"Post similar","block_context":{"text":"Post similar","link":""},"img":{"alt_text":"Slide22","src":"https:\/\/i0.wp.com\/efagundes.com\/networking\/wp-content\/uploads\/sites\/5\/2015\/03\/Slide222.jpg?resize=350%2C200","width":350,"height":200,"srcset":"https:\/\/i0.wp.com\/efagundes.com\/networking\/wp-content\/uploads\/sites\/5\/2015\/03\/Slide222.jpg?resize=350%2C200 1x, https:\/\/i0.wp.com\/efagundes.com\/networking\/wp-content\/uploads\/sites\/5\/2015\/03\/Slide222.jpg?resize=525%2C300 1.5x, https:\/\/i0.wp.com\/efagundes.com\/networking\/wp-content\/uploads\/sites\/5\/2015\/03\/Slide222.jpg?resize=700%2C400 2x"},"classes":[]},{"id":337,"url":"https:\/\/efagundes.com\/networking\/transmissao-sem-fio\/o-espectro-eletromagnetico-iii\/","url_meta":{"origin":881,"position":2},"title":"O espectro eletromagn\u00e9tico (III)","author":"Eduardo Fagundes","date":"16\/11\/2012","format":false,"excerpt":"\u00a0 O que diferencia uma Onda Eletromagn\u00e9tica de outra \u00e9 sua freq\u00fc\u00eancia (ou seu comprimento de onda). Todas elas, entretanto, propagam-se no v\u00e1cuo (e, aproximadamente, no ar) com a mesma velocidade. Temos diversos tipos de ondas eletromagn\u00e9ticas Ondas de R\u00e1dio - Essas ondas apresentam freq\u00fc\u00eancias compreendidas entre 1000 e 100.000.000\u2026","rel":"","context":"Post similar","block_context":{"text":"Post similar","link":""},"img":{"alt_text":"Slide5","src":"https:\/\/i0.wp.com\/efagundes.com\/networking\/wp-content\/uploads\/sites\/5\/2015\/03\/Slide53.jpg?resize=350%2C200","width":350,"height":200,"srcset":"https:\/\/i0.wp.com\/efagundes.com\/networking\/wp-content\/uploads\/sites\/5\/2015\/03\/Slide53.jpg?resize=350%2C200 1x, https:\/\/i0.wp.com\/efagundes.com\/networking\/wp-content\/uploads\/sites\/5\/2015\/03\/Slide53.jpg?resize=525%2C300 1.5x, https:\/\/i0.wp.com\/efagundes.com\/networking\/wp-content\/uploads\/sites\/5\/2015\/03\/Slide53.jpg?resize=700%2C400 2x"},"classes":[]},{"id":86,"url":"https:\/\/efagundes.com\/networking\/hardware-de-rede\/redes-metropolitanas\/","url_meta":{"origin":881,"position":3},"title":"Redes metropolitanas","author":"Eduardo Fagundes","date":"16\/11\/2012","format":false,"excerpt":"Uma \"Metropolitan Area Network\" \u00e9 basicamente uma WAN com dimens\u00f5es reduzidas, geralmente faz a interliga\u00e7\u00e3o de redes locais. A \u00e1rea abrangida corresponde no m\u00e1ximo a uma cidade. S\u00e3o usadas por exemplo para interligar v\u00e1rios edif\u00edcios afins espalhados na cidade. As operadoras de telecomunica\u00e7\u00f5es tamb\u00e9m utilizam as MANs para as conex\u00f5es\u2026","rel":"","context":"Post similar","block_context":{"text":"Post similar","link":""},"img":{"alt_text":"Slide17","src":"https:\/\/i0.wp.com\/efagundes.com\/networking\/wp-content\/uploads\/sites\/5\/2015\/03\/Slide17.jpg?resize=350%2C200","width":350,"height":200,"srcset":"https:\/\/i0.wp.com\/efagundes.com\/networking\/wp-content\/uploads\/sites\/5\/2015\/03\/Slide17.jpg?resize=350%2C200 1x, https:\/\/i0.wp.com\/efagundes.com\/networking\/wp-content\/uploads\/sites\/5\/2015\/03\/Slide17.jpg?resize=525%2C300 1.5x, https:\/\/i0.wp.com\/efagundes.com\/networking\/wp-content\/uploads\/sites\/5\/2015\/03\/Slide17.jpg?resize=700%2C400 2x"},"classes":[]},{"id":356,"url":"https:\/\/efagundes.com\/networking\/transmissao-sem-fio\/transmissao-por-ondas-de-luz\/","url_meta":{"origin":881,"position":4},"title":"Transmiss\u00e3o por ondas de luz","author":"Eduardo Fagundes","date":"16\/11\/2012","format":false,"excerpt":"\u00a0 Sinaliza\u00e7\u00e3o \u00f3tica tem sido usada desde h\u00e1 muito tempo. Na marinha j\u00e1 se utilizava sinaliza\u00e7\u00e3o \u00f3tica codificada desde a primeira guerra. Atualmente, uma aplica\u00e7\u00e3o mais apropriada \u00e9 a conex\u00e3o de\u00a0 LANs em edif\u00edcios separados via lasers montados nos tetos. Um transmissor e um receptor de cada lado comp\u00f5em o\u2026","rel":"","context":"Post similar","block_context":{"text":"Post similar","link":""},"img":{"alt_text":"Slide14","src":"https:\/\/i0.wp.com\/efagundes.com\/networking\/wp-content\/uploads\/sites\/5\/2015\/03\/Slide143.jpg?resize=350%2C200","width":350,"height":200,"srcset":"https:\/\/i0.wp.com\/efagundes.com\/networking\/wp-content\/uploads\/sites\/5\/2015\/03\/Slide143.jpg?resize=350%2C200 1x, https:\/\/i0.wp.com\/efagundes.com\/networking\/wp-content\/uploads\/sites\/5\/2015\/03\/Slide143.jpg?resize=525%2C300 1.5x, https:\/\/i0.wp.com\/efagundes.com\/networking\/wp-content\/uploads\/sites\/5\/2015\/03\/Slide143.jpg?resize=700%2C400 2x"},"classes":[]},{"id":582,"url":"https:\/\/efagundes.com\/networking\/camada-de-enlace-de-dados\/crc-cyclic-redundance-checking\/","url_meta":{"origin":881,"position":5},"title":"CRC &#8211; Cyclic Redundance Checking (I)","author":"Eduardo Fagundes","date":"17\/11\/2012","format":false,"excerpt":"Os c\u00f3digos de corre\u00e7\u00e3o de erros s\u00e3o muito utilizados em enlaces sem fio, conhecidos por serem ruidosos e propensos a erros em compara\u00e7\u00e3o com os fio de cobre ou a fibra \u00f3ptica. Sem c\u00f3digos de corre\u00e7\u00e3o erros, seria dif\u00edcil conseguir transmitir dados com garantia de entrega correta dos dados. Por\u2026","rel":"","context":"Post similar","block_context":{"text":"Post similar","link":""},"img":{"alt_text":"","src":"https:\/\/i0.wp.com\/efagundes.com\/networking\/wp-content\/uploads\/sites\/5\/2015\/03\/Slide86.jpg?resize=350%2C200","width":350,"height":200,"srcset":"https:\/\/i0.wp.com\/efagundes.com\/networking\/wp-content\/uploads\/sites\/5\/2015\/03\/Slide86.jpg?resize=350%2C200 1x, https:\/\/i0.wp.com\/efagundes.com\/networking\/wp-content\/uploads\/sites\/5\/2015\/03\/Slide86.jpg?resize=525%2C300 1.5x, https:\/\/i0.wp.com\/efagundes.com\/networking\/wp-content\/uploads\/sites\/5\/2015\/03\/Slide86.jpg?resize=700%2C400 2x"},"classes":[]}],"jetpack_sharing_enabled":true,"_links":{"self":[{"href":"https:\/\/efagundes.com\/networking\/wp-json\/wp\/v2\/pages\/881","targetHints":{"allow":["GET"]}}],"collection":[{"href":"https:\/\/efagundes.com\/networking\/wp-json\/wp\/v2\/pages"}],"about":[{"href":"https:\/\/efagundes.com\/networking\/wp-json\/wp\/v2\/types\/page"}],"author":[{"embeddable":true,"href":"https:\/\/efagundes.com\/networking\/wp-json\/wp\/v2\/users\/1"}],"replies":[{"embeddable":true,"href":"https:\/\/efagundes.com\/networking\/wp-json\/wp\/v2\/comments?post=881"}],"version-history":[{"count":0,"href":"https:\/\/efagundes.com\/networking\/wp-json\/wp\/v2\/pages\/881\/revisions"}],"up":[{"embeddable":true,"href":"https:\/\/efagundes.com\/networking\/wp-json\/wp\/v2\/pages\/1329"}],"wp:attachment":[{"href":"https:\/\/efagundes.com\/networking\/wp-json\/wp\/v2\/media?parent=881"}],"curies":[{"name":"wp","href":"https:\/\/api.w.org\/{rel}","templated":true}]}}