{"id":9,"date":"2012-11-16T17:48:00","date_gmt":"2012-11-16T19:48:00","guid":{"rendered":"http:\/\/efagundes.com\/openclass_networking\/?page_id=6"},"modified":"2022-01-16T17:49:41","modified_gmt":"2022-01-16T20:49:41","slug":"curso-de-redes-de-computadores","status":"publish","type":"page","link":"https:\/\/efagundes.com\/networking\/curso-de-redes-de-computadores\/","title":{"rendered":"Uso de Redes de Computadores"},"content":{"rendered":"<p><a href=\"https:\/\/i0.wp.com\/efagundes.com\/networking\/wp-content\/uploads\/sites\/5\/2015\/03\/Slide1.jpg\"><img data-recalc-dims=\"1\" loading=\"lazy\" decoding=\"async\" data-attachment-id=\"2338\" data-permalink=\"https:\/\/efagundes.com\/networking\/curso-de-redes-de-computadores\/slide1\/\" data-orig-file=\"https:\/\/i0.wp.com\/efagundes.com\/networking\/wp-content\/uploads\/sites\/5\/2015\/03\/Slide1.jpg?fit=960%2C720&amp;ssl=1\" data-orig-size=\"960,720\" data-comments-opened=\"1\" data-image-meta=\"{&quot;aperture&quot;:&quot;0&quot;,&quot;credit&quot;:&quot;&quot;,&quot;camera&quot;:&quot;&quot;,&quot;caption&quot;:&quot;&quot;,&quot;created_timestamp&quot;:&quot;0&quot;,&quot;copyright&quot;:&quot;&quot;,&quot;focal_length&quot;:&quot;0&quot;,&quot;iso&quot;:&quot;0&quot;,&quot;shutter_speed&quot;:&quot;0&quot;,&quot;title&quot;:&quot;&quot;,&quot;orientation&quot;:&quot;0&quot;}\" data-image-title=\"Slide1\" data-image-description=\"\" data-image-caption=\"\" data-large-file=\"https:\/\/i0.wp.com\/efagundes.com\/networking\/wp-content\/uploads\/sites\/5\/2015\/03\/Slide1.jpg?fit=960%2C720&amp;ssl=1\" class=\"alignnone wp-image-2338\" src=\"https:\/\/i0.wp.com\/efagundes.com\/networking\/wp-content\/uploads\/sites\/5\/2015\/03\/Slide1.jpg?resize=600%2C450\" alt=\"Slide1\" width=\"600\" height=\"450\" srcset=\"https:\/\/i0.wp.com\/efagundes.com\/networking\/wp-content\/uploads\/sites\/5\/2015\/03\/Slide1.jpg?w=960&amp;ssl=1 960w, https:\/\/i0.wp.com\/efagundes.com\/networking\/wp-content\/uploads\/sites\/5\/2015\/03\/Slide1.jpg?resize=300%2C225&amp;ssl=1 300w\" sizes=\"auto, (max-width: 600px) 100vw, 600px\" \/><\/a><\/p>\n<p>Antes de come\u00e7armos o estudo das quest\u00f5es t\u00e9cnicas de redes e transmiss\u00e3o de dados \u00e9 interessante entender a import\u00e2ncia das redes de computadores nas empresas e na vida das pessoas.<\/p>\n<p>Muitas empresas t\u00eam um n\u00famero significativo de computadores. Inicialmente, esses computadores funcionavam isoladamente, mas em um determinado momento, a ger\u00eancia deve ter decidido conect\u00e1-los para poder extrair e correlacionar informa\u00e7\u00f5es sobre a empresa inteira.<\/p>\n<p>Em termos mais gen\u00e9ricos, a quest\u00e3o aqui \u00e9 o compartilhamento de recursos com o objetivo de tornar todos os programas, equipamentos e especialmente dados ao alcance de todas as pessoas na rede, independente da localiza\u00e7\u00e3o f\u00edsica do recurso e do usu\u00e1rio.<\/p>\n<p>Por\u00e9m, mais importante do que compartilhar recursos f\u00edsicos, como impressoras, scanners e gravadores de CDs, seja compartilhar informa\u00e7\u00f5es. Toda empresa de grande e m\u00e9dio porte e muitas empresas pequenas t\u00eam uma depend\u00eancia grande de informa\u00e7\u00f5es on-line.<\/p>\n<p>No lado pessoal, as redes de computadores est\u00e3o entrando no dia-a-dia das pessoas, principalmente dos jovens. Grandes movimentos sociais foram gerados por aplica\u00e7\u00f5es para comunidades ligadas a Internet. Um exemplo, s\u00e3o as aplica\u00e7\u00f5es Facebook, Twitter, \u00a0Google e outras.<\/p>\n<p>Todos esses movimentos geram transforma\u00e7\u00f5es nos neg\u00f3cios e no cotidiano das pessoas.<\/p>\n<p><strong>T\u00f3picos do capitulo<\/strong><br \/>\n\n<!-- Page-list plugin v.5.9 wordpress.org\/plugins\/page-list\/ -->\n<ul class=\"page-list subpages-page-list \">\n<li class=\"page_item page-item-49\"><a href=\"https:\/\/efagundes.com\/networking\/curso-de-redes-de-computadores\/aplicacoes-pela-internet-2\/\">Aplica\u00e7\u00f5es pela Internet<\/a><\/li>\n<li class=\"page_item page-item-51\"><a href=\"https:\/\/efagundes.com\/networking\/curso-de-redes-de-computadores\/business-to-business\/\">Business-to-Business<\/a><\/li>\n<li class=\"page_item page-item-54\"><a href=\"https:\/\/efagundes.com\/networking\/curso-de-redes-de-computadores\/business-to-consumer-b2c\/\">Business-to-Consumer (B2C)<\/a><\/li>\n<li class=\"page_item page-item-59\"><a href=\"https:\/\/efagundes.com\/networking\/curso-de-redes-de-computadores\/usuarios-moveis\/\">Usu\u00e1rios M\u00f3veis<\/a><\/li>\n\n<\/ul><\/p>\n","protected":false},"excerpt":{"rendered":"<p>Antes de come\u00e7armos o estudo das quest\u00f5es t\u00e9cnicas de redes e transmiss\u00e3o de dados \u00e9 interessante entender a import\u00e2ncia das redes de computadores nas empresas e na vida das pessoas. Muitas empresas t\u00eam um n\u00famero significativo de computadores. Inicialmente, esses computadores funcionavam isoladamente, mas em um determinado momento, a ger\u00eancia deve ter decidido conect\u00e1-los para [&hellip;]<\/p>\n","protected":false},"author":1,"featured_media":0,"parent":0,"menu_order":4,"comment_status":"closed","ping_status":"closed","template":"","meta":{"footnotes":""},"class_list":["post-9","page","type-page","status-publish","hentry"],"jetpack_shortlink":"https:\/\/wp.me\/P8yKGp-9","jetpack-related-posts":[{"id":59,"url":"https:\/\/efagundes.com\/networking\/curso-de-redes-de-computadores\/usuarios-moveis\/","url_meta":{"origin":9,"position":0},"title":"Usu\u00e1rios M\u00f3veis","author":"Eduardo Fagundes","date":"16\/11\/2012","format":false,"excerpt":"A Internet e o telefone celular s\u00e3o itens indispens\u00e1veis no cotidiano das pessoas. Outro item que est\u00e1 com um crescimento exponencial \u00e9 o smart-phone (iPhone, Blackberry, Android, Windows Phone). Com isso, \u00e9 natural que a ind\u00fastria de inform\u00e1tica e telecomunica\u00e7\u00f5es esteja trabalhando para integrar as facilidades da Internet nos smart-phones.\u2026","rel":"","context":"Post similar","block_context":{"text":"Post similar","link":""},"img":{"alt_text":"Slide5","src":"https:\/\/i0.wp.com\/efagundes.com\/networking\/wp-content\/uploads\/sites\/5\/2015\/03\/Slide5.jpg?resize=350%2C200","width":350,"height":200,"srcset":"https:\/\/i0.wp.com\/efagundes.com\/networking\/wp-content\/uploads\/sites\/5\/2015\/03\/Slide5.jpg?resize=350%2C200 1x, https:\/\/i0.wp.com\/efagundes.com\/networking\/wp-content\/uploads\/sites\/5\/2015\/03\/Slide5.jpg?resize=525%2C300 1.5x, https:\/\/i0.wp.com\/efagundes.com\/networking\/wp-content\/uploads\/sites\/5\/2015\/03\/Slide5.jpg?resize=700%2C400 2x"},"classes":[]},{"id":799,"url":"https:\/\/efagundes.com\/networking\/redes-e-transmissao-de-dados\/","url_meta":{"origin":9,"position":1},"title":"Redes e Transmiss\u00e3o de Dados","author":"Eduardo Fagundes","date":"18\/11\/2012","format":false,"excerpt":"Este curso foi desenvolvido para cursos de gradua\u00e7\u00e3o de tecnologia da informa\u00e7\u00e3o. Aborda os assuntos fundamentais de redes de computadores e transmiss\u00e3o de dados. O curso tem como refer\u00eancia o\u00a0livro Redes de Computadores, quarta edi\u00e7\u00e3o, de Andrew S. Tanenbaum. Tanenbaum\u00a0\u00e9 um dos mais renomados professores de tecnologia da informa\u00e7\u00e3o e\u2026","rel":"","context":"Post similar","block_context":{"text":"Post similar","link":""},"img":{"alt_text":"","src":"","width":0,"height":0},"classes":[]},{"id":168,"url":"https:\/\/efagundes.com\/networking\/redes-geograficamente-distribuidas\/arquitetura-da-internet\/","url_meta":{"origin":9,"position":2},"title":"Arquitetura da Internet","author":"Eduardo Fagundes","date":"16\/11\/2012","format":false,"excerpt":"A Internet \u00e9 uma rede de computadores mundial de acesso de p\u00fablico ilimitado que utiliza uma infra-estrutura de telecomunica\u00e7\u00f5es homog\u00eanea. Atualmente qualquer pessoa f\u00edsica ou jur\u00eddica pode participar da Internet, incluindo empresas privadas, governos, escolas e organiza\u00e7\u00f5es n\u00e3o-governamentais. Os requisitos s\u00e3o possuir um computador, um software compat\u00edvel com a Internet\u2026","rel":"","context":"Post similar","block_context":{"text":"Post similar","link":""},"img":{"alt_text":"Slide11","src":"https:\/\/i0.wp.com\/efagundes.com\/networking\/wp-content\/uploads\/sites\/5\/2015\/03\/Slide111.jpg?resize=350%2C200","width":350,"height":200,"srcset":"https:\/\/i0.wp.com\/efagundes.com\/networking\/wp-content\/uploads\/sites\/5\/2015\/03\/Slide111.jpg?resize=350%2C200 1x, https:\/\/i0.wp.com\/efagundes.com\/networking\/wp-content\/uploads\/sites\/5\/2015\/03\/Slide111.jpg?resize=525%2C300 1.5x, https:\/\/i0.wp.com\/efagundes.com\/networking\/wp-content\/uploads\/sites\/5\/2015\/03\/Slide111.jpg?resize=700%2C400 2x"},"classes":[]},{"id":170,"url":"https:\/\/efagundes.com\/networking\/redes-geograficamente-distribuidas\/a-internet\/","url_meta":{"origin":9,"position":3},"title":"A Internet","author":"Eduardo Fagundes","date":"16\/11\/2012","format":false,"excerpt":"Para que a rede possa funcionar \u00e9 necess\u00e1rio procedimento detalhado para a troca de dados. As regras s\u00e3o implementadas atrav\u00e9s de \"protocolos de comunica\u00e7\u00e3o\". As regras de comunica\u00e7\u00e3o entre computadores s\u00e3o similares as de uma linguagem humana. Por exemplo, quando se estabelece uma conversa entre duas pessoas a etiqueta diz\u2026","rel":"","context":"Post similar","block_context":{"text":"Post similar","link":""},"img":{"alt_text":"Slide12","src":"https:\/\/i0.wp.com\/efagundes.com\/networking\/wp-content\/uploads\/sites\/5\/2015\/03\/Slide121.jpg?resize=350%2C200","width":350,"height":200,"srcset":"https:\/\/i0.wp.com\/efagundes.com\/networking\/wp-content\/uploads\/sites\/5\/2015\/03\/Slide121.jpg?resize=350%2C200 1x, https:\/\/i0.wp.com\/efagundes.com\/networking\/wp-content\/uploads\/sites\/5\/2015\/03\/Slide121.jpg?resize=525%2C300 1.5x, https:\/\/i0.wp.com\/efagundes.com\/networking\/wp-content\/uploads\/sites\/5\/2015\/03\/Slide121.jpg?resize=700%2C400 2x"},"classes":[]},{"id":3904,"url":"https:\/\/efagundes.com\/networking\/","url_meta":{"origin":9,"position":4},"title":"Networking","author":"Eduardo Fagundes","date":"02\/08\/2025","format":false,"excerpt":"Fundamentos de Redes de Computadores Entenda os princ\u00edpios que sustentam a internet, os sistemas corporativos e a transforma\u00e7\u00e3o digital. Aprenda com quem j\u00e1 formou gera\u00e7\u00f5es de profissionais de TI. Curso Gratuito Este curso re\u00fane os materiais desenvolvidos originalmente para a disciplina de Redes de Computadores da gradua\u00e7\u00e3o em Tecnologia da\u2026","rel":"","context":"Post similar","block_context":{"text":"Post similar","link":""},"img":{"alt_text":"","src":"https:\/\/i0.wp.com\/efagundes.com\/networking\/wp-content\/uploads\/sites\/5\/2025\/08\/servicos-efagundes-com-8.jpeg?resize=350%2C200&ssl=1","width":350,"height":200,"srcset":"https:\/\/i0.wp.com\/efagundes.com\/networking\/wp-content\/uploads\/sites\/5\/2025\/08\/servicos-efagundes-com-8.jpeg?resize=350%2C200&ssl=1 1x, https:\/\/i0.wp.com\/efagundes.com\/networking\/wp-content\/uploads\/sites\/5\/2025\/08\/servicos-efagundes-com-8.jpeg?resize=525%2C300&ssl=1 1.5x, https:\/\/i0.wp.com\/efagundes.com\/networking\/wp-content\/uploads\/sites\/5\/2025\/08\/servicos-efagundes-com-8.jpeg?resize=700%2C400&ssl=1 2x, https:\/\/i0.wp.com\/efagundes.com\/networking\/wp-content\/uploads\/sites\/5\/2025\/08\/servicos-efagundes-com-8.jpeg?resize=1050%2C600&ssl=1 3x"},"classes":[]},{"id":51,"url":"https:\/\/efagundes.com\/networking\/curso-de-redes-de-computadores\/business-to-business\/","url_meta":{"origin":9,"position":5},"title":"Business-to-Business","author":"Eduardo Fagundes","date":"16\/11\/2012","format":false,"excerpt":"\u00a0 O B2B refere-se a toda a venda que uma empresa faz para outra atrav\u00e9s da Internet. Uma pr\u00e1tica cada vez mais adotada nas rela\u00e7\u00f5es entre empresas \u00e9 a integra\u00e7\u00e3o dos sistemas de informa\u00e7\u00f5es das empresas da cadeia de valor. A troca eletr\u00f4nica de dados entre empresas permite a simplifica\u00e7\u00e3o\u2026","rel":"","context":"Post similar","block_context":{"text":"Post similar","link":""},"img":{"alt_text":"Slide3","src":"https:\/\/i0.wp.com\/efagundes.com\/networking\/wp-content\/uploads\/sites\/5\/2015\/03\/Slide3.jpg?resize=350%2C200","width":350,"height":200,"srcset":"https:\/\/i0.wp.com\/efagundes.com\/networking\/wp-content\/uploads\/sites\/5\/2015\/03\/Slide3.jpg?resize=350%2C200 1x, https:\/\/i0.wp.com\/efagundes.com\/networking\/wp-content\/uploads\/sites\/5\/2015\/03\/Slide3.jpg?resize=525%2C300 1.5x"},"classes":[]}],"jetpack_sharing_enabled":true,"_links":{"self":[{"href":"https:\/\/efagundes.com\/networking\/wp-json\/wp\/v2\/pages\/9","targetHints":{"allow":["GET"]}}],"collection":[{"href":"https:\/\/efagundes.com\/networking\/wp-json\/wp\/v2\/pages"}],"about":[{"href":"https:\/\/efagundes.com\/networking\/wp-json\/wp\/v2\/types\/page"}],"author":[{"embeddable":true,"href":"https:\/\/efagundes.com\/networking\/wp-json\/wp\/v2\/users\/1"}],"replies":[{"embeddable":true,"href":"https:\/\/efagundes.com\/networking\/wp-json\/wp\/v2\/comments?post=9"}],"version-history":[{"count":0,"href":"https:\/\/efagundes.com\/networking\/wp-json\/wp\/v2\/pages\/9\/revisions"}],"wp:attachment":[{"href":"https:\/\/efagundes.com\/networking\/wp-json\/wp\/v2\/media?parent=9"}],"curies":[{"name":"wp","href":"https:\/\/api.w.org\/{rel}","templated":true}]}}