{"id":91,"date":"2012-11-16T19:46:23","date_gmt":"2012-11-16T21:46:23","guid":{"rendered":"http:\/\/efagundes.com\/openclass_networking\/?page_id=90"},"modified":"2022-01-16T17:52:20","modified_gmt":"2022-01-16T20:52:20","slug":"bluetooth","status":"publish","type":"page","link":"https:\/\/efagundes.com\/networking\/lans-sem-fio\/bluetooth\/","title":{"rendered":"Bluetooth (I)"},"content":{"rendered":"<p><img data-recalc-dims=\"1\" loading=\"lazy\" decoding=\"async\" class=\"alignnone\" src=\"https:\/\/i0.wp.com\/efagundes.com\/networking\/wp-content\/uploads\/sites\/5\/2015\/03\/Slide451.jpg?resize=960%2C720\" alt=\"\" width=\"960\" height=\"720\" \/><\/p>\n<p>Diferentemente dos objetivos das WLANs que s\u00e3o desenhadas para serem extens\u00e3o das redes locais, o Bluetooth tem o objetivo de substituir os cabos que conectam os perif\u00e9ricos das esta\u00e7\u00f5es de trabalho.\u00a0 O Bluetooth prov\u00ea as seguintes funcionalidades:<\/p>\n<ul>\n<li>Ponto de acesso para voz e dados<\/li>\n<li>Redes pessoais<\/li>\n<li>Substitui\u00e7\u00e3o de cabos entre a esta\u00e7\u00e3o de trabalho e os perif\u00e9ricos<\/li>\n<\/ul>\n<p>A topologia de rede suporta at\u00e9 sete conex\u00f5es simult\u00e2neas dentro de uma piconet, com uma taxa de transmiss\u00e3o de 1-Mbps.\u00a0 Seus canais ass\u00edncronos podem suportar:<\/p>\n<ul>\n<li>Um link assim\u00e9trico com um downlink de 721-Kbps e um uplink de 56-Kbps<\/li>\n<li>Um link sim\u00e9trico com 432,6-Kbps em ambas as dire\u00e7\u00f5es.<\/li>\n<\/ul>\n<p>Esta diferen\u00e7a de velocidade \u00e9 devida ao overhead do protocolo.\u00a0 A pot\u00eancia de transmiss\u00e3o \u00e9 de at\u00e9 0,1 Watts permitindo uma dist\u00e2ncia de at\u00e9 10 metros. Usa a banda de freq\u00fc\u00eancia ISM de 2,4-GHz, a mesma utilizada pelo padr\u00e3o IEEE 802.11b\/g.<\/p>\n<p>&nbsp;<\/p>\n","protected":false},"excerpt":{"rendered":"<p>Diferentemente dos objetivos das WLANs que s\u00e3o desenhadas para serem extens\u00e3o das redes locais, o Bluetooth tem o objetivo de substituir os cabos que conectam os perif\u00e9ricos das esta\u00e7\u00f5es de trabalho.\u00a0 O Bluetooth prov\u00ea as seguintes funcionalidades: Ponto de acesso para voz e dados Redes pessoais Substitui\u00e7\u00e3o de cabos entre a esta\u00e7\u00e3o de trabalho e [&hellip;]<\/p>\n","protected":false},"author":1,"featured_media":0,"parent":646,"menu_order":81,"comment_status":"closed","ping_status":"open","template":"","meta":{"footnotes":""},"class_list":["post-91","page","type-page","status-publish","hentry"],"jetpack_shortlink":"https:\/\/wp.me\/P8yKGp-1t","jetpack-related-posts":[{"id":163,"url":"https:\/\/efagundes.com\/networking\/redes-geograficamente-distribuidas\/asynchronous-transfer-mode-atm\/","url_meta":{"origin":91,"position":0},"title":"Asynchronous Transfer Mode (ATM)","author":"Eduardo Fagundes","date":"16\/11\/2012","format":false,"excerpt":"O ATM (Asynchronous Transfer Mode) \u00e9 uma tecnologia de rede tanto para redes locais como para redes geograficamente distribu\u00eddas (LANs e WANs) que suporta voz em tempo real, bem como v\u00eddeo e dados. A topologia usa comutadores que estabelecem um circuito l\u00f3gico fim-a-fim que garante a qualidade de servi\u00e7o na\u2026","rel":"","context":"Post similar","block_context":{"text":"Post similar","link":""},"img":{"alt_text":"","src":"https:\/\/i0.wp.com\/efagundes.com.br\/networking\/wp-content\/uploads\/sites\/7\/2012\/11\/Slide101.jpg?resize=350%2C200","width":350,"height":200,"srcset":"https:\/\/i0.wp.com\/efagundes.com.br\/networking\/wp-content\/uploads\/sites\/7\/2012\/11\/Slide101.jpg?resize=350%2C200 1x, https:\/\/i0.wp.com\/efagundes.com.br\/networking\/wp-content\/uploads\/sites\/7\/2012\/11\/Slide101.jpg?resize=525%2C300 1.5x"},"classes":[]},{"id":88,"url":"https:\/\/efagundes.com\/networking\/hardware-de-rede\/wireless-lan\/","url_meta":{"origin":91,"position":1},"title":"Wireless LAN","author":"Eduardo Fagundes","date":"16\/11\/2012","format":false,"excerpt":"Antes de 1998, instalar uma rede sem fio significava uso de uma ou mais solu\u00e7\u00f5es propriet\u00e1rias. As conex\u00f5es eram feitas atrav\u00e9s de redes pouco confi\u00e1veis, com baixas taxas de transmiss\u00e3o e a com um m\u00ednimo de seguran\u00e7a. O resultado do esfor\u00e7o de padroniza\u00e7\u00e3o levou a cria\u00e7\u00e3o dos padr\u00f5es HiperLAN\/2, IEEE\u2026","rel":"","context":"Post similar","block_context":{"text":"Post similar","link":""},"img":{"alt_text":"Slide20","src":"https:\/\/i0.wp.com\/efagundes.com\/networking\/wp-content\/uploads\/sites\/5\/2015\/03\/Slide20.jpg?resize=350%2C200","width":350,"height":200,"srcset":"https:\/\/i0.wp.com\/efagundes.com\/networking\/wp-content\/uploads\/sites\/5\/2015\/03\/Slide20.jpg?resize=350%2C200 1x, https:\/\/i0.wp.com\/efagundes.com\/networking\/wp-content\/uploads\/sites\/5\/2015\/03\/Slide20.jpg?resize=525%2C300 1.5x, https:\/\/i0.wp.com\/efagundes.com\/networking\/wp-content\/uploads\/sites\/5\/2015\/03\/Slide20.jpg?resize=700%2C400 2x"},"classes":[]},{"id":273,"url":"https:\/\/efagundes.com\/networking\/meios-magneticos\/cabo-coaxial-de-banda-basica\/","url_meta":{"origin":91,"position":2},"title":"Cabo coaxial de banda b\u00e1sica","author":"Eduardo Fagundes","date":"16\/11\/2012","format":false,"excerpt":"O primeiro tipo de cabeamento no mercado. H\u00e1 alguns anos, esse cabo era o muito utilizado para a conex\u00e3o de computadores. At\u00e9 hoje existem v\u00e1rios tipos de cabos coaxiais, cada um com suas caracter\u00edsticas espec\u00edficas. Alguns s\u00e3o melhores para transmiss\u00e3o em alta frequ\u00eancia, outros tem atenua\u00e7\u00e3o mais baixa, e outros\u2026","rel":"","context":"Post similar","block_context":{"text":"Post similar","link":""},"img":{"alt_text":"Slide17","src":"https:\/\/i0.wp.com\/efagundes.com\/networking\/wp-content\/uploads\/sites\/5\/2015\/03\/Slide172.jpg?resize=350%2C200","width":350,"height":200,"srcset":"https:\/\/i0.wp.com\/efagundes.com\/networking\/wp-content\/uploads\/sites\/5\/2015\/03\/Slide172.jpg?resize=350%2C200 1x, https:\/\/i0.wp.com\/efagundes.com\/networking\/wp-content\/uploads\/sites\/5\/2015\/03\/Slide172.jpg?resize=525%2C300 1.5x, https:\/\/i0.wp.com\/efagundes.com\/networking\/wp-content\/uploads\/sites\/5\/2015\/03\/Slide172.jpg?resize=700%2C400 2x"},"classes":[]},{"id":68,"url":"https:\/\/efagundes.com\/networking\/hardware-de-rede\/redes-locais-e-distribuidas\/","url_meta":{"origin":91,"position":3},"title":"Redes Locais e Distribu\u00eddas","author":"Eduardo Fagundes","date":"16\/11\/2012","format":false,"excerpt":"Uma rede local (LAN) \u00e9 uma rede de comunica\u00e7\u00f5es que serve a usu\u00e1rios dentro de uma \u00e1rea geogr\u00e1fica limitada. Os \" clientes \" s\u00e3o tipicamente workstations que rodam Windows, embora tamb\u00e9m sejam utilizados clientes Mac e clientes Linux . Os \" servidores \" armazenam os programas e dados que s\u00e3o\u2026","rel":"","context":"Post similar","block_context":{"text":"Post similar","link":""},"img":{"alt_text":"Slide9","src":"https:\/\/i0.wp.com\/efagundes.com\/networking\/wp-content\/uploads\/sites\/5\/2015\/03\/Slide9.jpg?resize=350%2C200","width":350,"height":200,"srcset":"https:\/\/i0.wp.com\/efagundes.com\/networking\/wp-content\/uploads\/sites\/5\/2015\/03\/Slide9.jpg?resize=350%2C200 1x, https:\/\/i0.wp.com\/efagundes.com\/networking\/wp-content\/uploads\/sites\/5\/2015\/03\/Slide9.jpg?resize=525%2C300 1.5x, https:\/\/i0.wp.com\/efagundes.com\/networking\/wp-content\/uploads\/sites\/5\/2015\/03\/Slide9.jpg?resize=700%2C400 2x"},"classes":[]},{"id":156,"url":"https:\/\/efagundes.com\/networking\/redes-geograficamente-distribuidas\/protocolos-do-x-25\/","url_meta":{"origin":91,"position":4},"title":"Protocolos do X.25","author":"Eduardo Fagundes","date":"16\/11\/2012","format":false,"excerpt":"O conjunto de protocolos X.25 especifica as tr\u00eas camadas inferiores do modelo OSI. Os seguintes protocolos s\u00e3o tipicamente usados numa implementa\u00e7\u00e3o X.25: Packet-Layer Protocol (PLP), Link Access Procedure Balanced (LAPB), e outras interfaces seriais da camada f\u00edsica (como EIA\/TIA-232, EIA\/TIA-449, EIA-530 e G.703). Figura mostra os protocolos X.25 fundamentais para\u2026","rel":"","context":"Post similar","block_context":{"text":"Post similar","link":""},"img":{"alt_text":"Slide8","src":"https:\/\/i0.wp.com\/efagundes.com\/networking\/wp-content\/uploads\/sites\/5\/2015\/03\/Slide81.jpg?resize=350%2C200","width":350,"height":200,"srcset":"https:\/\/i0.wp.com\/efagundes.com\/networking\/wp-content\/uploads\/sites\/5\/2015\/03\/Slide81.jpg?resize=350%2C200 1x, https:\/\/i0.wp.com\/efagundes.com\/networking\/wp-content\/uploads\/sites\/5\/2015\/03\/Slide81.jpg?resize=525%2C300 1.5x, https:\/\/i0.wp.com\/efagundes.com\/networking\/wp-content\/uploads\/sites\/5\/2015\/03\/Slide81.jpg?resize=700%2C400 2x"},"classes":[]},{"id":73,"url":"https:\/\/efagundes.com\/networking\/hardware-de-rede\/internet-em-cabo-coaxial\/","url_meta":{"origin":91,"position":5},"title":"Internet em cabo coaxial","author":"Eduardo Fagundes","date":"16\/11\/2012","format":false,"excerpt":"O cabo coaxial consiste em um fio de cobre esticado na parte central envolvido por material isolante. O isolante \u00e9 envolvido por uma malha condutora cil\u00edndrica entrela\u00e7ada. O condutor externo \u00e9 coberto por uma camada pl\u00e1stica protetora. A constru\u00e7\u00e3o e a blindagem do cabo oferecem uma boa combina\u00e7\u00e3o de alta\u2026","rel":"","context":"Post similar","block_context":{"text":"Post similar","link":""},"img":{"alt_text":"Slide11","src":"https:\/\/i0.wp.com\/efagundes.com\/networking\/wp-content\/uploads\/sites\/5\/2015\/03\/Slide11.jpg?resize=350%2C200","width":350,"height":200,"srcset":"https:\/\/i0.wp.com\/efagundes.com\/networking\/wp-content\/uploads\/sites\/5\/2015\/03\/Slide11.jpg?resize=350%2C200 1x, https:\/\/i0.wp.com\/efagundes.com\/networking\/wp-content\/uploads\/sites\/5\/2015\/03\/Slide11.jpg?resize=525%2C300 1.5x, https:\/\/i0.wp.com\/efagundes.com\/networking\/wp-content\/uploads\/sites\/5\/2015\/03\/Slide11.jpg?resize=700%2C400 2x"},"classes":[]}],"jetpack_sharing_enabled":true,"_links":{"self":[{"href":"https:\/\/efagundes.com\/networking\/wp-json\/wp\/v2\/pages\/91","targetHints":{"allow":["GET"]}}],"collection":[{"href":"https:\/\/efagundes.com\/networking\/wp-json\/wp\/v2\/pages"}],"about":[{"href":"https:\/\/efagundes.com\/networking\/wp-json\/wp\/v2\/types\/page"}],"author":[{"embeddable":true,"href":"https:\/\/efagundes.com\/networking\/wp-json\/wp\/v2\/users\/1"}],"replies":[{"embeddable":true,"href":"https:\/\/efagundes.com\/networking\/wp-json\/wp\/v2\/comments?post=91"}],"version-history":[{"count":0,"href":"https:\/\/efagundes.com\/networking\/wp-json\/wp\/v2\/pages\/91\/revisions"}],"up":[{"embeddable":true,"href":"https:\/\/efagundes.com\/networking\/wp-json\/wp\/v2\/pages\/646"}],"wp:attachment":[{"href":"https:\/\/efagundes.com\/networking\/wp-json\/wp\/v2\/media?parent=91"}],"curies":[{"name":"wp","href":"https:\/\/api.w.org\/{rel}","templated":true}]}}