{"id":926,"date":"2012-11-18T18:38:19","date_gmt":"2012-11-18T20:38:19","guid":{"rendered":"http:\/\/efagundes.com\/openclass_networking\/?page_id=926"},"modified":"2022-01-16T17:51:01","modified_gmt":"2022-01-16T20:51:01","slug":"radio-por-satelite","status":"publish","type":"page","link":"https:\/\/efagundes.com\/networking\/satelites-de-comunicacao\/radio-por-satelite\/","title":{"rendered":"R\u00e1dio por Sat\u00e9lite"},"content":{"rendered":"<p><a href=\"https:\/\/i0.wp.com\/efagundes.com\/networking\/wp-content\/uploads\/sites\/5\/2012\/11\/Slide88.png\"><img data-recalc-dims=\"1\" loading=\"lazy\" decoding=\"async\" data-attachment-id=\"2747\" data-permalink=\"https:\/\/efagundes.com\/networking\/satelites-de-comunicacao\/radio-por-satelite\/slide88\/\" data-orig-file=\"https:\/\/i0.wp.com\/efagundes.com\/networking\/wp-content\/uploads\/sites\/5\/2012\/11\/Slide88.png?fit=960%2C720&amp;ssl=1\" data-orig-size=\"960,720\" data-comments-opened=\"1\" data-image-meta=\"{&quot;aperture&quot;:&quot;0&quot;,&quot;credit&quot;:&quot;&quot;,&quot;camera&quot;:&quot;&quot;,&quot;caption&quot;:&quot;&quot;,&quot;created_timestamp&quot;:&quot;0&quot;,&quot;copyright&quot;:&quot;&quot;,&quot;focal_length&quot;:&quot;0&quot;,&quot;iso&quot;:&quot;0&quot;,&quot;shutter_speed&quot;:&quot;0&quot;,&quot;title&quot;:&quot;&quot;,&quot;orientation&quot;:&quot;0&quot;}\" data-image-title=\"Slide88\" data-image-description=\"\" data-image-caption=\"\" data-large-file=\"https:\/\/i0.wp.com\/efagundes.com\/networking\/wp-content\/uploads\/sites\/5\/2012\/11\/Slide88.png?fit=960%2C720&amp;ssl=1\" class=\"alignnone size-full wp-image-2747\" src=\"https:\/\/i0.wp.com\/efagundes.com\/networking\/wp-content\/uploads\/sites\/5\/2012\/11\/Slide88.png?resize=960%2C720\" alt=\"Slide88\" width=\"960\" height=\"720\" srcset=\"https:\/\/i0.wp.com\/efagundes.com\/networking\/wp-content\/uploads\/sites\/5\/2012\/11\/Slide88.png?w=960&amp;ssl=1 960w, https:\/\/i0.wp.com\/efagundes.com\/networking\/wp-content\/uploads\/sites\/5\/2012\/11\/Slide88.png?resize=300%2C225&amp;ssl=1 300w\" sizes=\"auto, (max-width: 960px) 100vw, 960px\" \/><\/a><\/p>\n","protected":false},"excerpt":{"rendered":"","protected":false},"author":1,"featured_media":0,"parent":906,"menu_order":4,"comment_status":"closed","ping_status":"open","template":"","meta":{"footnotes":""},"class_list":["post-926","page","type-page","status-publish","hentry"],"jetpack_shortlink":"https:\/\/wp.me\/P8yKGp-eW","jetpack-related-posts":[{"id":352,"url":"https:\/\/efagundes.com\/networking\/transmissao-sem-fio\/transmissao-de-microondas\/","url_meta":{"origin":926,"position":0},"title":"Transmiss\u00e3o de microondas","author":"Eduardo Fagundes","date":"16\/11\/2012","format":false,"excerpt":"\u00a0 Acima de 100 MHz, as ondas viajam em linhas retas e podem ser estreitamente focadas atrav\u00e9s do alinhamento do transmissor e receptor.\u00a0 Concentrando toda energia em um pequeno receptor, atrav\u00e9s de uma antena parab\u00f3lica (do tipo daquelas de TV por sat\u00e9lite), resulta em uma rela\u00e7\u00e3o sinal\/ru\u00eddo maior, mas as\u2026","rel":"","context":"Post similar","block_context":{"text":"Post similar","link":""},"img":{"alt_text":"Slide12","src":"https:\/\/i0.wp.com\/efagundes.com\/networking\/wp-content\/uploads\/sites\/5\/2015\/03\/Slide123.jpg?resize=350%2C200","width":350,"height":200,"srcset":"https:\/\/i0.wp.com\/efagundes.com\/networking\/wp-content\/uploads\/sites\/5\/2015\/03\/Slide123.jpg?resize=350%2C200 1x, https:\/\/i0.wp.com\/efagundes.com\/networking\/wp-content\/uploads\/sites\/5\/2015\/03\/Slide123.jpg?resize=525%2C300 1.5x, https:\/\/i0.wp.com\/efagundes.com\/networking\/wp-content\/uploads\/sites\/5\/2015\/03\/Slide123.jpg?resize=700%2C400 2x"},"classes":[]},{"id":354,"url":"https:\/\/efagundes.com\/networking\/transmissao-sem-fio\/ondas-de-infravermelho-e-milimetricas\/","url_meta":{"origin":926,"position":1},"title":"Ondas de infravermelho e milim\u00e9tricas","author":"Eduardo Fagundes","date":"16\/11\/2012","format":false,"excerpt":"\u00a0 Ondas infravermelhas s\u00e3o ondas milim\u00e9tricas, de alt\u00edssima freq\u00fc\u00eancia (invis\u00edveis a olho n\u00fa), amplamente utilizadas para comunica\u00e7\u00e3o em pequenas dist\u00e2ncias (controles remotos de aparelhos eletrodom\u00e9sticos utilizam esta tecnologia). Elas s\u00e3o relativamente direcionais, baratas e de baixa complexidade para gerar, transmitir e receber. Por\u00e9m, sofre de um grande problema: n\u00e3o atravessa\u2026","rel":"","context":"Post similar","block_context":{"text":"Post similar","link":""},"img":{"alt_text":"Slide13","src":"https:\/\/i0.wp.com\/efagundes.com\/networking\/wp-content\/uploads\/sites\/5\/2015\/03\/Slide133.jpg?resize=350%2C200","width":350,"height":200,"srcset":"https:\/\/i0.wp.com\/efagundes.com\/networking\/wp-content\/uploads\/sites\/5\/2015\/03\/Slide133.jpg?resize=350%2C200 1x, https:\/\/i0.wp.com\/efagundes.com\/networking\/wp-content\/uploads\/sites\/5\/2015\/03\/Slide133.jpg?resize=525%2C300 1.5x, https:\/\/i0.wp.com\/efagundes.com\/networking\/wp-content\/uploads\/sites\/5\/2015\/03\/Slide133.jpg?resize=700%2C400 2x"},"classes":[]},{"id":454,"url":"https:\/\/efagundes.com\/networking\/sistema-de-telefonia-movel\/edge\/","url_meta":{"origin":926,"position":2},"title":"EDGE","author":"Eduardo Fagundes","date":"17\/11\/2012","format":false,"excerpt":"O EDGE est\u00e1 relacionado ao aumento da capacidade de transmiss\u00e3o da interface a\u00e9rea no corrente padr\u00e3o GSM. A principal ideia \u00e9 adicionar novas caracter\u00edsticas na rede GSM mantendo compatibilidade com os telefones celulares GSM \/GPRS e com os equipamentos da rede (BSS, BSC, TRAU, MSC, SGSN e GGSN). Todos os\u2026","rel":"","context":"Post similar","block_context":{"text":"Post similar","link":""},"img":{"alt_text":"","src":"https:\/\/i0.wp.com\/efagundes.com\/networking\/wp-content\/uploads\/sites\/5\/2015\/03\/Slide302.jpg?resize=350%2C200","width":350,"height":200,"srcset":"https:\/\/i0.wp.com\/efagundes.com\/networking\/wp-content\/uploads\/sites\/5\/2015\/03\/Slide302.jpg?resize=350%2C200 1x, https:\/\/i0.wp.com\/efagundes.com\/networking\/wp-content\/uploads\/sites\/5\/2015\/03\/Slide302.jpg?resize=525%2C300 1.5x, https:\/\/i0.wp.com\/efagundes.com\/networking\/wp-content\/uploads\/sites\/5\/2015\/03\/Slide302.jpg?resize=700%2C400 2x"},"classes":[]},{"id":300,"url":"https:\/\/efagundes.com\/networking\/multiplexacao-2\/aplicacao-de-fibra-com-dwdm\/","url_meta":{"origin":926,"position":3},"title":"Aplica\u00e7\u00e3o de fibra com DWDM","author":"Eduardo Fagundes","date":"16\/11\/2012","format":false,"excerpt":"Multiplexa\u00e7\u00e3o por Divis\u00e3o de Onda Densa (DWDM) Os sistemas submarinos atuais t\u00eam capacidade de transmitir v\u00e1rios sinais \u00f3pticos independentes, cada um com um comprimento de onda caracter\u00edstico (lambda). O m\u00e9todo pelo qual v\u00e1rios sinais em diferentes comprimentos de onda s\u00e3o combinados numa \u00fanica fibra \u00e9 conhecido pelo nome de multiplexa\u00e7\u00e3o\u2026","rel":"","context":"Post similar","block_context":{"text":"Post similar","link":""},"img":{"alt_text":"Slide30","src":"https:\/\/i0.wp.com\/efagundes.com\/networking\/wp-content\/uploads\/sites\/5\/2015\/03\/Slide301.jpg?resize=350%2C200","width":350,"height":200,"srcset":"https:\/\/i0.wp.com\/efagundes.com\/networking\/wp-content\/uploads\/sites\/5\/2015\/03\/Slide301.jpg?resize=350%2C200 1x, https:\/\/i0.wp.com\/efagundes.com\/networking\/wp-content\/uploads\/sites\/5\/2015\/03\/Slide301.jpg?resize=525%2C300 1.5x, https:\/\/i0.wp.com\/efagundes.com\/networking\/wp-content\/uploads\/sites\/5\/2015\/03\/Slide301.jpg?resize=700%2C400 2x"},"classes":[]},{"id":434,"url":"https:\/\/efagundes.com\/networking\/sistema-telefonico\/wll-wire-local-loop\/","url_meta":{"origin":926,"position":4},"title":"WLL Wire Local Loop","author":"Eduardo Fagundes","date":"17\/11\/2012","format":false,"excerpt":"\u00a0 A tecnologia WLL substitui, no todo ou em parte, os pares de cabos telef\u00f4nicos utilizados na conex\u00e3o do telefone do assinante at\u00e9 a central telef\u00f4nica. \u00c9 baseada em um terminal fixo que se comunica, via ondas de r\u00e1dio, com a central de telefonia p\u00fablica e que busca n\u00e3o utilizar\u2026","rel":"","context":"Post similar","block_context":{"text":"Post similar","link":""},"img":{"alt_text":"Slide20","src":"https:\/\/i0.wp.com\/efagundes.com\/networking\/wp-content\/uploads\/sites\/5\/2015\/03\/Slide203.jpg?resize=350%2C200","width":350,"height":200,"srcset":"https:\/\/i0.wp.com\/efagundes.com\/networking\/wp-content\/uploads\/sites\/5\/2015\/03\/Slide203.jpg?resize=350%2C200 1x, https:\/\/i0.wp.com\/efagundes.com\/networking\/wp-content\/uploads\/sites\/5\/2015\/03\/Slide203.jpg?resize=525%2C300 1.5x, https:\/\/i0.wp.com\/efagundes.com\/networking\/wp-content\/uploads\/sites\/5\/2015\/03\/Slide203.jpg?resize=700%2C400 2x"},"classes":[]},{"id":345,"url":"https:\/\/efagundes.com\/networking\/transmissao-sem-fio\/radio-digital\/","url_meta":{"origin":926,"position":5},"title":"R\u00e1dio Digital","author":"Eduardo Fagundes","date":"16\/11\/2012","format":false,"excerpt":"\u00a0 Usa ondas eletromagn\u00e9ticas (r\u00e1dio ou infravermelho) para transmitir informa\u00e7\u00e3o de um ponto a outro, sem necessitar de alguma uma conex\u00e3o f\u00edsica. Ondas de r\u00e1dio s\u00e3o geralmente referidas como portadoras de r\u00e1dio porque simplesmente fazem a fun\u00e7\u00e3o de entregar energia para um receptor remoto. O dado a ser transmitido \u00e9\u2026","rel":"","context":"Post similar","block_context":{"text":"Post similar","link":""},"img":{"alt_text":"Slide9","src":"https:\/\/i0.wp.com\/efagundes.com\/networking\/wp-content\/uploads\/sites\/5\/2015\/03\/Slide93.jpg?resize=350%2C200","width":350,"height":200,"srcset":"https:\/\/i0.wp.com\/efagundes.com\/networking\/wp-content\/uploads\/sites\/5\/2015\/03\/Slide93.jpg?resize=350%2C200 1x, https:\/\/i0.wp.com\/efagundes.com\/networking\/wp-content\/uploads\/sites\/5\/2015\/03\/Slide93.jpg?resize=525%2C300 1.5x, https:\/\/i0.wp.com\/efagundes.com\/networking\/wp-content\/uploads\/sites\/5\/2015\/03\/Slide93.jpg?resize=700%2C400 2x"},"classes":[]}],"jetpack_sharing_enabled":true,"_links":{"self":[{"href":"https:\/\/efagundes.com\/networking\/wp-json\/wp\/v2\/pages\/926","targetHints":{"allow":["GET"]}}],"collection":[{"href":"https:\/\/efagundes.com\/networking\/wp-json\/wp\/v2\/pages"}],"about":[{"href":"https:\/\/efagundes.com\/networking\/wp-json\/wp\/v2\/types\/page"}],"author":[{"embeddable":true,"href":"https:\/\/efagundes.com\/networking\/wp-json\/wp\/v2\/users\/1"}],"replies":[{"embeddable":true,"href":"https:\/\/efagundes.com\/networking\/wp-json\/wp\/v2\/comments?post=926"}],"version-history":[{"count":0,"href":"https:\/\/efagundes.com\/networking\/wp-json\/wp\/v2\/pages\/926\/revisions"}],"up":[{"embeddable":true,"href":"https:\/\/efagundes.com\/networking\/wp-json\/wp\/v2\/pages\/906"}],"wp:attachment":[{"href":"https:\/\/efagundes.com\/networking\/wp-json\/wp\/v2\/media?parent=926"}],"curies":[{"name":"wp","href":"https:\/\/api.w.org\/{rel}","templated":true}]}}